{"id":2434,"date":"2025-02-26T15:48:15","date_gmt":"2025-02-26T14:48:15","guid":{"rendered":"https:\/\/drjung.lu\/impressum\/"},"modified":"2025-05-22T13:41:52","modified_gmt":"2025-05-22T11:41:52","slug":"impressum","status":"publish","type":"page","link":"https:\/\/drjung.lu\/fr\/impressum\/","title":{"rendered":"Impressum"},"content":{"rendered":"<div class=\"wpb-content-wrapper\">[vc_row][vc_column][vc_column_text css=\u00a0\u00bb\u00a0\u00bb]\n<h3>Angaben gem\u00e4\u00df \u00a7 5 TMG<\/h3>\n<p>Dr. Alexander Jung<br \/>Cabinet Dentaire Jung<br \/>58, Avenue de la Libert\u00e9<br \/>L-1930 Luxemburg<\/p>\n<h3>Kontakt<\/h3>\n<p>Telefon: +352 290 022<br \/>E-Mail: kontakt@drjung.lu<\/p>\n<h3>Umsatzsteuer-ID<\/h3>\n<p>Umsatzsteuer-Identifikationsnummer gem\u00e4\u00df \u00a7 27 a Umsatzsteuergesetz:<br \/>LU31822550<\/p>\n<h3>Berufsbezeichnung und berufsrechtliche Regelungen<\/h3>\n<p><strong>Berufsbezeichnung:<\/strong><br \/>Zahnarzt (M\u00e9decin-dentiste)<\/p>\n<p><strong>Verliehen durch:<\/strong><br \/>Minist\u00e8re de la Sant\u00e9<br \/>All\u00e9e Marconi &#8211; Villa Louvigny<br \/>L-2120 Luxembourg<br \/>Tel.: +352 247-85500<br \/>Fax.: +352 467963<\/p>\n<p><strong>Zust\u00e4ndige Kammer:<\/strong><br \/>Coll\u00e8ge M\u00e9dical<br \/>2, rue Albert 1er<br \/>L-1117 nLuxembourg<br \/>Tel.: +352 20601101-20<br \/>Email: info@collegemedical.lu<\/p>\n<h3>EU-Streitschlichtung<\/h3>\n<p>Die Europ\u00e4ische Kommission stellt eine Plattform zur Online-Streitbeilegung (OS) bereit: <a href=\"https:\/\/ec.europa.eu\/consumers\/odr\" target=\"_blank\" rel=\"noopener noreferrer\">https:\/\/ec.europa.eu\/consumers\/odr<\/a>.<br \/>Unsere E-Mail-Adresse finden Sie oben im Impressum.<\/p>\n<h3>Verbraucher\u00adstreit\u00adbeilegung\/Universal\u00adschlichtungs\u00adstelle<\/h3>\n<p>Wir sind nicht bereit oder verpflichtet, an Streitbeilegungsverfahren vor einer Verbraucherschlichtungsstelle teilzunehmen.<\/p>\n<h3>Konzeption &amp; Umsetzung<\/h3>\n<p><a href=\"https:\/\/formverliebt.com\/\" target=\"_blank\" rel=\"noopener\"><img loading=\"lazy\" decoding=\"async\" class=\"alignnone\" src=\"https:\/\/drjung.lu\/wp-content\/uploads\/2025\/02\/werbeagentur-saarlouis-formverliebt.png\" alt=\"formverliebt\" width=\"182\" height=\"35\" \/><\/a><\/p>\n<h3>Haftung f\u00fcr Inhalte<\/h3>\n<p>Als Diensteanbieter sind wir gem\u00e4\u00df \u00a7 7 Abs.1 TMG f\u00fcr eigene Inhalte auf diesen Seiten nach den allgemeinen Gesetzen verantwortlich. Nach \u00a7\u00a7 8 bis 10 TMG sind wir als Diensteanbieter jedoch nicht verpflichtet, \u00fcbermittelte oder gespeicherte fremde Informationen zu \u00fcberwachen oder nach Umst\u00e4nden zu forschen, die auf eine rechtswidrige T\u00e4tigkeit hinweisen.<\/p>\n<p>Verpflichtungen zur Entfernung oder Sperrung der Nutzung von Informationen nach den allgemeinen Gesetzen bleiben hiervon unber\u00fchrt. Eine diesbez\u00fcgliche Haftung ist jedoch erst ab dem Zeitpunkt der Kenntnis einer konkreten Rechtsverletzung m\u00f6glich. Bei Bekanntwerden von entsprechenden Rechtsverletzungen werden wir diese Inhalte umgehend entfernen.<\/p>\n<h3>Haftung f\u00fcr Links<\/h3>\n<p>Unser Angebot enth\u00e4lt Links zu externen Websites Dritter, auf deren Inhalte wir keinen Einfluss haben. Deshalb k\u00f6nnen wir f\u00fcr diese fremden Inhalte auch keine Gew\u00e4hr \u00fcbernehmen. F\u00fcr die Inhalte der verlinkten Seiten ist stets der jeweilige Anbieter oder Betreiber der Seiten verantwortlich. Die verlinkten Seiten wurden zum Zeitpunkt der Verlinkung auf m\u00f6gliche Rechtsverst\u00f6\u00dfe \u00fcberpr\u00fcft. Rechtswidrige Inhalte waren zum Zeitpunkt der Verlinkung nicht erkennbar.<\/p>\n<p>Eine permanente inhaltliche Kontrolle der verlinkten Seiten ist jedoch ohne konkrete Anhaltspunkte einer Rechtsverletzung nicht zumutbar. Bei Bekanntwerden von Rechtsverletzungen werden wir derartige Links umgehend entfernen.<\/p>\n<h3>Urheberrecht<\/h3>\n<p>Die durch die Seitenbetreiber erstellten Inhalte und Werke auf diesen Seiten unterliegen dem deutschen Urheberrecht. Die Vervielf\u00e4ltigung, Bearbeitung, Verbreitung und jede Art der Verwertung au\u00dferhalb der Grenzen des Urheberrechtes bed\u00fcrfen der schriftlichen Zustimmung des jeweiligen Autors bzw. Erstellers. Downloads und Kopien dieser Seite sind nur f\u00fcr den privaten, nicht kommerziellen Gebrauch gestattet.<\/p>\n<p>Soweit die Inhalte auf dieser Seite nicht vom Betreiber erstellt wurden, werden die Urheberrechte Dritter beachtet. Insbesondere werden Inhalte Dritter als solche gekennzeichnet. Sollten Sie trotzdem auf eine Urheberrechtsverletzung aufmerksam werden, bitten wir um einen entsprechenden Hinweis. Bei Bekanntwerden von Rechtsverletzungen werden wir derartige Inhalte umgehend entfernen.[\/vc_column_text][\/vc_column][\/vc_row]\n<\/div>","protected":false},"excerpt":{"rendered":"<p>[vc_row][vc_column][vc_column_text css=\u00a0\u00bb\u00a0\u00bb] Angaben gem\u00e4\u00df \u00a7 5 TMG Dr. Alexander JungCabinet Dentaire Jung58, Avenue de la Libert\u00e9L-1930 Luxemburg Kontakt Telefon: +352 290 022E-Mail: kontakt@drjung.lu Umsatzsteuer-ID Umsatzsteuer-Identifikationsnummer gem\u00e4\u00df \u00a7 27 a Umsatzsteuergesetz:LU31822550 Berufsbezeichnung und berufsrechtliche Regelungen Berufsbezeichnung:Zahnarzt (M\u00e9decin-dentiste) Verliehen durch:Minist\u00e8re de la Sant\u00e9All\u00e9e Marconi &#8211; Villa LouvignyL-2120 LuxembourgTel.: +352 247-85500Fax.: +352 467963 Zust\u00e4ndige Kammer:Coll\u00e8ge M\u00e9dical2, rue Albert 1erL-1117 nLuxembourgTel.: +352 20601101-20Email: info@collegemedical.lu [&hellip;]<\/p>\n","protected":false},"author":1,"featured_media":0,"parent":0,"menu_order":0,"comment_status":"closed","ping_status":"open","template":"","meta":{"inline_featured_image":false,"footnotes":""},"class_list":["post-2434","page","type-page","status-publish","hentry"],"yoast_head":"<!-- This site is optimized with the Yoast SEO plugin v24.8.1 - https:\/\/yoast.com\/wordpress\/plugins\/seo\/ -->\n<title>Impressum - Zahnarztpraxis Jung in Luxembourg<\/title>\n<meta name=\"description\" content=\"Zahnarzt Jung in Luxemburg | Cabinet Dentaire Dr. Jung - Zahnarztpraxis als Familienunternehmen in der zweiten Generation. \u2713 Kontaktdaten \u2713 \u00d6ffnungszeiten \u2713 Anfahrt \u2713 Stellenanzeige\" \/>\n<meta name=\"robots\" content=\"index, follow, max-snippet:-1, max-image-preview:large, max-video-preview:-1\" \/>\n<link rel=\"canonical\" href=\"https:\/\/drjung.lu\/fr\/impressum\/\" \/>\n<meta property=\"og:locale\" content=\"fr_FR\" \/>\n<meta property=\"og:type\" content=\"article\" \/>\n<meta property=\"og:title\" content=\"Impressum - Zahnarztpraxis Jung in Luxembourg\" \/>\n<meta property=\"og:description\" content=\"Zahnarzt Jung in Luxemburg | Cabinet Dentaire Dr. Jung - Zahnarztpraxis als Familienunternehmen in der zweiten Generation. \u2713 Kontaktdaten \u2713 \u00d6ffnungszeiten \u2713 Anfahrt \u2713 Stellenanzeige\" \/>\n<meta property=\"og:url\" content=\"https:\/\/drjung.lu\/fr\/impressum\/\" \/>\n<meta property=\"og:site_name\" content=\"Zahnarztpraxis Jung in Luxembourg\" \/>\n<meta property=\"article:modified_time\" content=\"2025-05-22T11:41:52+00:00\" \/>\n<meta property=\"og:image\" content=\"https:\/\/drjung.lu\/wp-content\/uploads\/2025\/02\/werbeagentur-saarlouis-formverliebt.png\" \/>\n<meta name=\"twitter:card\" content=\"summary_large_image\" \/>\n<meta name=\"twitter:label1\" content=\"Dur\u00e9e de lecture estim\u00e9e\" \/>\n\t<meta name=\"twitter:data1\" content=\"2 minutes\" \/>\n<script type=\"application\/ld+json\" class=\"yoast-schema-graph\">{\"@context\":\"https:\/\/schema.org\",\"@graph\":[{\"@type\":\"WebPage\",\"@id\":\"https:\/\/drjung.lu\/fr\/impressum\/\",\"url\":\"https:\/\/drjung.lu\/fr\/impressum\/\",\"name\":\"Impressum - Zahnarztpraxis Jung in Luxembourg\",\"isPartOf\":{\"@id\":\"https:\/\/drjung.lu\/fr\/#website\"},\"primaryImageOfPage\":{\"@id\":\"https:\/\/drjung.lu\/fr\/impressum\/#primaryimage\"},\"image\":{\"@id\":\"https:\/\/drjung.lu\/fr\/impressum\/#primaryimage\"},\"thumbnailUrl\":\"https:\/\/drjung.lu\/wp-content\/uploads\/2025\/02\/werbeagentur-saarlouis-formverliebt.png\",\"datePublished\":\"2025-02-26T14:48:15+00:00\",\"dateModified\":\"2025-05-22T11:41:52+00:00\",\"description\":\"Zahnarzt Jung in Luxemburg | Cabinet Dentaire Dr. Jung - Zahnarztpraxis als Familienunternehmen in der zweiten Generation. \u2713 Kontaktdaten \u2713 \u00d6ffnungszeiten \u2713 Anfahrt \u2713 Stellenanzeige\",\"breadcrumb\":{\"@id\":\"https:\/\/drjung.lu\/fr\/impressum\/#breadcrumb\"},\"inLanguage\":\"fr-FR\",\"potentialAction\":[{\"@type\":\"ReadAction\",\"target\":[\"https:\/\/drjung.lu\/fr\/impressum\/\"]}]},{\"@type\":\"ImageObject\",\"inLanguage\":\"fr-FR\",\"@id\":\"https:\/\/drjung.lu\/fr\/impressum\/#primaryimage\",\"url\":\"https:\/\/drjung.lu\/wp-content\/uploads\/2025\/02\/werbeagentur-saarlouis-formverliebt.png\",\"contentUrl\":\"https:\/\/drjung.lu\/wp-content\/uploads\/2025\/02\/werbeagentur-saarlouis-formverliebt.png\"},{\"@type\":\"BreadcrumbList\",\"@id\":\"https:\/\/drjung.lu\/fr\/impressum\/#breadcrumb\",\"itemListElement\":[{\"@type\":\"ListItem\",\"position\":1,\"name\":\"Startseite\",\"item\":\"https:\/\/drjung.lu\/fr\/\"},{\"@type\":\"ListItem\",\"position\":2,\"name\":\"Impressum\"}]},{\"@type\":\"WebSite\",\"@id\":\"https:\/\/drjung.lu\/fr\/#website\",\"url\":\"https:\/\/drjung.lu\/fr\/\",\"name\":\"Zahnarztpraxis Jung in Luxembourg\",\"description\":\"\",\"publisher\":{\"@id\":\"https:\/\/drjung.lu\/fr\/#organization\"},\"potentialAction\":[{\"@type\":\"SearchAction\",\"target\":{\"@type\":\"EntryPoint\",\"urlTemplate\":\"https:\/\/drjung.lu\/fr\/?s={search_term_string}\"},\"query-input\":{\"@type\":\"PropertyValueSpecification\",\"valueRequired\":true,\"valueName\":\"search_term_string\"}}],\"inLanguage\":\"fr-FR\"},{\"@type\":\"Organization\",\"@id\":\"https:\/\/drjung.lu\/fr\/#organization\",\"name\":\"Zahnarztpraxis Jung in Luxembourg\",\"url\":\"https:\/\/drjung.lu\/fr\/\",\"logo\":{\"@type\":\"ImageObject\",\"inLanguage\":\"fr-FR\",\"@id\":\"https:\/\/drjung.lu\/fr\/#\/schema\/logo\/image\/\",\"url\":\"https:\/\/drjung.lu\/wp-content\/uploads\/2020\/06\/logo-jung.png\",\"contentUrl\":\"https:\/\/drjung.lu\/wp-content\/uploads\/2020\/06\/logo-jung.png\",\"width\":300,\"height\":118,\"caption\":\"Zahnarztpraxis Jung in Luxembourg\"},\"image\":{\"@id\":\"https:\/\/drjung.lu\/fr\/#\/schema\/logo\/image\/\"},\"sameAs\":[\"https:\/\/www.instagram.com\/cabinet_dentaire_jung\/\"]}]}<\/script>\n<!-- \/ Yoast SEO plugin. -->","yoast_head_json":{"title":"Impressum - Zahnarztpraxis Jung in Luxembourg","description":"Zahnarzt Jung in Luxemburg | Cabinet Dentaire Dr. Jung - Zahnarztpraxis als Familienunternehmen in der zweiten Generation. \u2713 Kontaktdaten \u2713 \u00d6ffnungszeiten \u2713 Anfahrt \u2713 Stellenanzeige","robots":{"index":"index","follow":"follow","max-snippet":"max-snippet:-1","max-image-preview":"max-image-preview:large","max-video-preview":"max-video-preview:-1"},"canonical":"https:\/\/drjung.lu\/fr\/impressum\/","og_locale":"fr_FR","og_type":"article","og_title":"Impressum - Zahnarztpraxis Jung in Luxembourg","og_description":"Zahnarzt Jung in Luxemburg | Cabinet Dentaire Dr. Jung - Zahnarztpraxis als Familienunternehmen in der zweiten Generation. \u2713 Kontaktdaten \u2713 \u00d6ffnungszeiten \u2713 Anfahrt \u2713 Stellenanzeige","og_url":"https:\/\/drjung.lu\/fr\/impressum\/","og_site_name":"Zahnarztpraxis Jung in Luxembourg","article_modified_time":"2025-05-22T11:41:52+00:00","og_image":[{"url":"https:\/\/drjung.lu\/wp-content\/uploads\/2025\/02\/werbeagentur-saarlouis-formverliebt.png","type":"","width":"","height":""}],"twitter_card":"summary_large_image","twitter_misc":{"Dur\u00e9e de lecture estim\u00e9e":"2 minutes"},"schema":{"@context":"https:\/\/schema.org","@graph":[{"@type":"WebPage","@id":"https:\/\/drjung.lu\/fr\/impressum\/","url":"https:\/\/drjung.lu\/fr\/impressum\/","name":"Impressum - Zahnarztpraxis Jung in Luxembourg","isPartOf":{"@id":"https:\/\/drjung.lu\/fr\/#website"},"primaryImageOfPage":{"@id":"https:\/\/drjung.lu\/fr\/impressum\/#primaryimage"},"image":{"@id":"https:\/\/drjung.lu\/fr\/impressum\/#primaryimage"},"thumbnailUrl":"https:\/\/drjung.lu\/wp-content\/uploads\/2025\/02\/werbeagentur-saarlouis-formverliebt.png","datePublished":"2025-02-26T14:48:15+00:00","dateModified":"2025-05-22T11:41:52+00:00","description":"Zahnarzt Jung in Luxemburg | Cabinet Dentaire Dr. Jung - Zahnarztpraxis als Familienunternehmen in der zweiten Generation. \u2713 Kontaktdaten \u2713 \u00d6ffnungszeiten \u2713 Anfahrt \u2713 Stellenanzeige","breadcrumb":{"@id":"https:\/\/drjung.lu\/fr\/impressum\/#breadcrumb"},"inLanguage":"fr-FR","potentialAction":[{"@type":"ReadAction","target":["https:\/\/drjung.lu\/fr\/impressum\/"]}]},{"@type":"ImageObject","inLanguage":"fr-FR","@id":"https:\/\/drjung.lu\/fr\/impressum\/#primaryimage","url":"https:\/\/drjung.lu\/wp-content\/uploads\/2025\/02\/werbeagentur-saarlouis-formverliebt.png","contentUrl":"https:\/\/drjung.lu\/wp-content\/uploads\/2025\/02\/werbeagentur-saarlouis-formverliebt.png"},{"@type":"BreadcrumbList","@id":"https:\/\/drjung.lu\/fr\/impressum\/#breadcrumb","itemListElement":[{"@type":"ListItem","position":1,"name":"Startseite","item":"https:\/\/drjung.lu\/fr\/"},{"@type":"ListItem","position":2,"name":"Impressum"}]},{"@type":"WebSite","@id":"https:\/\/drjung.lu\/fr\/#website","url":"https:\/\/drjung.lu\/fr\/","name":"Zahnarztpraxis Jung in Luxembourg","description":"","publisher":{"@id":"https:\/\/drjung.lu\/fr\/#organization"},"potentialAction":[{"@type":"SearchAction","target":{"@type":"EntryPoint","urlTemplate":"https:\/\/drjung.lu\/fr\/?s={search_term_string}"},"query-input":{"@type":"PropertyValueSpecification","valueRequired":true,"valueName":"search_term_string"}}],"inLanguage":"fr-FR"},{"@type":"Organization","@id":"https:\/\/drjung.lu\/fr\/#organization","name":"Zahnarztpraxis Jung in Luxembourg","url":"https:\/\/drjung.lu\/fr\/","logo":{"@type":"ImageObject","inLanguage":"fr-FR","@id":"https:\/\/drjung.lu\/fr\/#\/schema\/logo\/image\/","url":"https:\/\/drjung.lu\/wp-content\/uploads\/2020\/06\/logo-jung.png","contentUrl":"https:\/\/drjung.lu\/wp-content\/uploads\/2020\/06\/logo-jung.png","width":300,"height":118,"caption":"Zahnarztpraxis Jung in Luxembourg"},"image":{"@id":"https:\/\/drjung.lu\/fr\/#\/schema\/logo\/image\/"},"sameAs":["https:\/\/www.instagram.com\/cabinet_dentaire_jung\/"]}]}},"_links":{"self":[{"href":"https:\/\/drjung.lu\/fr\/wp-json\/wp\/v2\/pages\/2434","targetHints":{"allow":["GET"]}}],"collection":[{"href":"https:\/\/drjung.lu\/fr\/wp-json\/wp\/v2\/pages"}],"about":[{"href":"https:\/\/drjung.lu\/fr\/wp-json\/wp\/v2\/types\/page"}],"author":[{"embeddable":true,"href":"https:\/\/drjung.lu\/fr\/wp-json\/wp\/v2\/users\/1"}],"replies":[{"embeddable":true,"href":"https:\/\/drjung.lu\/fr\/wp-json\/wp\/v2\/comments?post=2434"}],"version-history":[{"count":3,"href":"https:\/\/drjung.lu\/fr\/wp-json\/wp\/v2\/pages\/2434\/revisions"}],"predecessor-version":[{"id":2592,"href":"https:\/\/drjung.lu\/fr\/wp-json\/wp\/v2\/pages\/2434\/revisions\/2592"}],"wp:attachment":[{"href":"https:\/\/drjung.lu\/fr\/wp-json\/wp\/v2\/media?parent=2434"}],"curies":[{"name":"wp","href":"https:\/\/api.w.org\/{rel}","templated":true}]}}