{"id":2128,"date":"2022-01-14T08:46:22","date_gmt":"2022-01-14T07:46:22","guid":{"rendered":"https:\/\/www.drjung.lu\/zahnstellungskorrektur-mit-alginer\/"},"modified":"2025-05-22T16:40:56","modified_gmt":"2025-05-22T14:40:56","slug":"ajustement-de-la-position-des-dents-par-aligner","status":"publish","type":"page","link":"https:\/\/drjung.lu\/fr\/ajustement-de-la-position-des-dents-par-aligner\/","title":{"rendered":"Ajustement de la position des dents par Aligner"},"content":{"rendered":"<div class=\"wpb-content-wrapper\">[vc_row][vc_column][vc_column_text]\n<h2 class=\"special-title\" style=\"text-align: center;\"><strong> Ajustement de la position des dents par Aligner<\/strong><\/h2>\n[\/vc_column_text][\/vc_column][\/vc_row][vc_row content_placement=\u00a0\u00bbmiddle\u00a0\u00bb curly_padding=\u00a0\u00bbcontent-padding-xl\u00a0\u00bb][vc_column width=\u00a0\u00bb5\/6&Prime; offset=\u00a0\u00bbvc_col-lg-offset-0 vc_col-lg-5 vc_col-sm-offset-1&Prime;][vc_column_text]\n<h3 class=\"special-title\">Que sont les goutti\u00e8res Aligner?<\/h3>\n[\/vc_column_text][vc_column_text]\n<p class=\"p1\">Les goutti\u2000res Aligner transparentes sont id\u00e9ales pour corriger en douceur la position des dents et ont \u00e9t\u00e9\u2000 d\u00e9velopp\u00e9es sp\u00e9cialement pour les adultes. Elles conviennent pour un encombrement l\u00e9ger mod\u00e9r\u00e9 des dents ant\u00e9rieures.<\/p>\n<p class=\"p1\">Les goutti\u00e8res sont bas\u00e9es sur un syst\u00e8me par \u00e9tapes, o\u00f9 chaque \u00e9tape du traitement est r\u00e9alis\u00e9e par deux goutti\u00e8res diff\u00e9rentes (double action). Dans chaque cas, la premi\u00e8re goutti\u00e8re est essentielle pour le mouvement effectif. Elle est constitu\u00e9e d&rsquo;un mat\u00e9riau dur et souple et assure ainsi un mouvement doux et contr\u00f4l\u00e9\u2000 de la dent. La deuxi\u00e8me goutti\u00e8re stabilise le mouvement de la dent.<\/p>\n[\/vc_column_text][vc_empty_space height=\u00a0\u00bb3rem\u00a0\u00bb][\/vc_column][vc_column width=\u00a0\u00bb5\/6&Prime; el_class=\u00a0\u00bbxtd-offset-dots\u00a0\u00bb offset=\u00a0\u00bbvc_col-lg-6 vc_col-sm-offset-1&Prime;][vc_single_image image=\u00a0\u00bb2294&Prime; img_size=\u00a0\u00bb500&#215;500&Prime; el_class=\u00a0\u00bbxtd-shadow\u00a0\u00bb][\/vc_column][\/vc_row][vc_row][vc_column width=\u00a0\u00bb1\/3&Prime;][vc_single_image image=\u00a0\u00bb2283&Prime; img_size=\u00a0\u00bb300&#215;300&Prime;][\/vc_column][vc_column width=\u00a0\u00bb1\/3&Prime;][vc_single_image image=\u00a0\u00bb2286&Prime; img_size=\u00a0\u00bb300&#215;300&Prime;][\/vc_column][vc_column width=\u00a0\u00bb1\/3&Prime;][vc_single_image image=\u00a0\u00bb2289&Prime; img_size=\u00a0\u00bb300&#215;300&Prime;][\/vc_column][\/vc_row][vc_row full_width=\u00a0\u00bbstretch_row\u00a0\u00bb css=\u00a0\u00bb.vc_custom_1568288050464{background-color: #f7f7f7 !important;}\u00a0\u00bb][vc_column width=\u00a0\u00bb1\/2&Prime; offset=\u00a0\u00bbvc_col-lg-6&Prime;][vc_column_text]\n<h3 class=\"special-title\">\u00c0 qui conviennent les goutti\u00e8res Aligner?<\/h3>\n[\/vc_column_text][vc_column_text]\n<p class=\"p1\">Cette th\u00e9rapie a \u00e9t\u00e9\u2000d\u00e9velopp\u00e9e sp\u00e9cialement pour les adultes. Elle constitue une alternative int\u00e9ressante pour les patients qui accordent une grande importance \u00e0\u2000l&rsquo;esth\u00e9tique pendant le traitement.<br \/>\nLe syst\u00e8me de goutti\u00e8res peut \u00eatre utilis\u00e9 pour de petites corrections orthodontiques, telles que la suppression d&rsquo;un encombrement, le traitement de dents tourn\u00e9es ou la fermeture d&rsquo;un diast\u00e8me (espace entre deux dents).<\/p>\n[\/vc_column_text][vc_empty_space height=\u00a0\u00bb3rem\u00a0\u00bb][\/vc_column][vc_column width=\u00a0\u00bb1\/2&Prime; offset=\u00a0\u00bbvc_col-lg-offset-0 vc_col-lg-6&Prime;][vc_column_text]\n<h3 class=\"special-title\" style=\"text-align: left;\">Quelle est la dur\u00e9e du traitement?<\/h3>\n[\/vc_column_text][vc_column_text]\n<p class=\"p1\">La dur\u00e9e du traitement est individuelle et d\u00e9pend de la malposition des dents. Les cas classiques peuvent \u00eatre trait\u2000s en trois \u00e9tapes, ce qui correspond \u00e0 une dur\u00e9e d&rsquo;environ 12 semaines.<\/p>\n[\/vc_column_text][vc_empty_space height=\u00a0\u00bb4rem\u00a0\u00bb][\/vc_column][\/vc_row][vc_row][vc_column width=\u00a0\u00bb1\/2&Prime;][vc_single_image image=\u00a0\u00bb2294&Prime; img_size=\u00a0\u00bb300&#215;300&Prime; alignment=\u00a0\u00bbcenter\u00a0\u00bb el_class=\u00a0\u00bbxtd-shadow\u00a0\u00bb][\/vc_column][vc_column width=\u00a0\u00bb1\/2&Prime;][vc_single_image image=\u00a0\u00bb2300&Prime; img_size=\u00a0\u00bb300&#215;300&Prime; alignment=\u00a0\u00bbcenter\u00a0\u00bb el_class=\u00a0\u00bbxtd-shadow\u00a0\u00bb][\/vc_column][\/vc_row][vc_row][vc_column width=\u00a0\u00bb1\/2&Prime;][vc_single_image image=\u00a0\u00bb2258&Prime; img_size=\u00a0\u00bb300&#215;300&Prime; alignment=\u00a0\u00bbcenter\u00a0\u00bb el_class=\u00a0\u00bbxtd-shadow\u00a0\u00bb][\/vc_column][vc_column width=\u00a0\u00bb1\/2&Prime;][vc_single_image image=\u00a0\u00bb2261&Prime; img_size=\u00a0\u00bb300&#215;300&Prime; alignment=\u00a0\u00bbcenter\u00a0\u00bb el_class=\u00a0\u00bbxtd-shadow\u00a0\u00bb][\/vc_column][\/vc_row][vc_row full_width=\u00a0\u00bbstretch_row\u00a0\u00bb curly_padding=\u00a0\u00bbcontent-padding-xs\u00a0\u00bb el_class=\u00a0\u00bbcolor&#8211;text-inverted xtd-background-animation&#8211;left-right\u00a0\u00bb css=\u00a0\u00bb.vc_custom_1568125031529{background-color: #86c9e8 !important;}\u00a0\u00bb][vc_column][vc_column_text css=\u00a0\u00bb\u00a0\u00bb]\n<p class=\"lead lead-lg\" style=\"text-align: center;\">Vous pouvez nous joindre par t\u00e9l\u00e9phone au <a href=\"tel:352290022\">+352 290 022<\/a>.<\/p>\n<p class=\"lead lead-lg\" style=\"text-align: center;\"><strong>Horaires d&rsquo;ouverture:<\/strong> lundi et mardi de 8 h 00 \u00e0 18 h 00, mercredi de 8 h 00 \u00e0 14 h 00,\u00a0 jeudi de 11 h 00 \u00e0 18 h 00 et vendredi de 8 h 00 \u00e0 13 h 00.<br \/>\nVous pouvez \u00e9galement nous envoyer un e-mail \u00e0 <a href=\"mailto:kontakt@drjung.lu\"><span style=\"text-decoration: underline;\">kontakt@drjung.lu<\/span> <\/a>. ou envoyer un WhatsApp au +352 621 236 568.<\/p>\n[\/vc_column_text][\/vc_column][\/vc_row]\n<\/div>","protected":false},"excerpt":{"rendered":"<p>[vc_row][vc_column][vc_column_text] Ajustement de la position des dents par Aligner [\/vc_column_text][\/vc_column][\/vc_row][vc_row content_placement=\u00a0\u00bbmiddle\u00a0\u00bb curly_padding=\u00a0\u00bbcontent-padding-xl\u00a0\u00bb][vc_column width=\u00a0\u00bb5\/6&Prime; offset=\u00a0\u00bbvc_col-lg-offset-0 vc_col-lg-5 vc_col-sm-offset-1&Prime;][vc_column_text] Que sont les goutti\u00e8res Aligner? [\/vc_column_text][vc_column_text] Les goutti\u2000res Aligner transparentes sont id\u00e9ales pour corriger en douceur la position des dents et ont \u00e9t\u00e9\u2000 d\u00e9velopp\u00e9es sp\u00e9cialement pour les adultes. Elles conviennent pour un encombrement l\u00e9ger mod\u00e9r\u00e9 des dents ant\u00e9rieures. Les goutti\u00e8res sont bas\u00e9es sur un [&hellip;]<\/p>\n","protected":false},"author":1,"featured_media":0,"parent":0,"menu_order":0,"comment_status":"closed","ping_status":"closed","template":"","meta":{"inline_featured_image":false,"footnotes":""},"class_list":["post-2128","page","type-page","status-publish","hentry"],"yoast_head":"<!-- This site is optimized with the Yoast SEO plugin v24.8.1 - https:\/\/yoast.com\/wordpress\/plugins\/seo\/ -->\n<title>Ajustement de la position des dents par Aligner - Zahnarztpraxis Jung in Luxembourg<\/title>\n<meta name=\"description\" content=\"Zahnarzt Jung in Luxemburg | Cabinet Dentaire Dr. Jung - Zahnarztpraxis als Familienunternehmen in der zweiten Generation. Behandlung von Karies\" \/>\n<meta name=\"robots\" content=\"index, follow, max-snippet:-1, max-image-preview:large, max-video-preview:-1\" \/>\n<link rel=\"canonical\" href=\"https:\/\/drjung.lu\/fr\/ajustement-de-la-position-des-dents-par-aligner\/\" \/>\n<meta property=\"og:locale\" content=\"fr_FR\" \/>\n<meta property=\"og:type\" content=\"article\" \/>\n<meta property=\"og:title\" content=\"Ajustement de la position des dents par Aligner - Zahnarztpraxis Jung in Luxembourg\" \/>\n<meta property=\"og:description\" content=\"Zahnarzt Jung in Luxemburg | Cabinet Dentaire Dr. Jung - Zahnarztpraxis als Familienunternehmen in der zweiten Generation. Behandlung von Karies\" \/>\n<meta property=\"og:url\" content=\"https:\/\/drjung.lu\/fr\/ajustement-de-la-position-des-dents-par-aligner\/\" \/>\n<meta property=\"og:site_name\" content=\"Zahnarztpraxis Jung in Luxembourg\" \/>\n<meta property=\"article:modified_time\" content=\"2025-05-22T14:40:56+00:00\" \/>\n<meta name=\"twitter:card\" content=\"summary_large_image\" \/>\n<meta name=\"twitter:label1\" content=\"Dur\u00e9e de lecture estim\u00e9e\" \/>\n\t<meta name=\"twitter:data1\" content=\"2 minutes\" \/>\n<script type=\"application\/ld+json\" class=\"yoast-schema-graph\">{\"@context\":\"https:\/\/schema.org\",\"@graph\":[{\"@type\":\"WebPage\",\"@id\":\"https:\/\/drjung.lu\/fr\/ajustement-de-la-position-des-dents-par-aligner\/\",\"url\":\"https:\/\/drjung.lu\/fr\/ajustement-de-la-position-des-dents-par-aligner\/\",\"name\":\"Ajustement de la position des dents par Aligner - Zahnarztpraxis Jung in Luxembourg\",\"isPartOf\":{\"@id\":\"https:\/\/drjung.lu\/fr\/#website\"},\"datePublished\":\"2022-01-14T07:46:22+00:00\",\"dateModified\":\"2025-05-22T14:40:56+00:00\",\"description\":\"Zahnarzt Jung in Luxemburg | Cabinet Dentaire Dr. Jung - Zahnarztpraxis als Familienunternehmen in der zweiten Generation. Behandlung von Karies\",\"breadcrumb\":{\"@id\":\"https:\/\/drjung.lu\/fr\/ajustement-de-la-position-des-dents-par-aligner\/#breadcrumb\"},\"inLanguage\":\"fr-FR\",\"potentialAction\":[{\"@type\":\"ReadAction\",\"target\":[\"https:\/\/drjung.lu\/fr\/ajustement-de-la-position-des-dents-par-aligner\/\"]}]},{\"@type\":\"BreadcrumbList\",\"@id\":\"https:\/\/drjung.lu\/fr\/ajustement-de-la-position-des-dents-par-aligner\/#breadcrumb\",\"itemListElement\":[{\"@type\":\"ListItem\",\"position\":1,\"name\":\"Startseite\",\"item\":\"https:\/\/drjung.lu\/fr\/\"},{\"@type\":\"ListItem\",\"position\":2,\"name\":\"Ajustement de la position des dents par Aligner\"}]},{\"@type\":\"WebSite\",\"@id\":\"https:\/\/drjung.lu\/fr\/#website\",\"url\":\"https:\/\/drjung.lu\/fr\/\",\"name\":\"Zahnarztpraxis Jung in Luxembourg\",\"description\":\"\",\"publisher\":{\"@id\":\"https:\/\/drjung.lu\/fr\/#organization\"},\"potentialAction\":[{\"@type\":\"SearchAction\",\"target\":{\"@type\":\"EntryPoint\",\"urlTemplate\":\"https:\/\/drjung.lu\/fr\/?s={search_term_string}\"},\"query-input\":{\"@type\":\"PropertyValueSpecification\",\"valueRequired\":true,\"valueName\":\"search_term_string\"}}],\"inLanguage\":\"fr-FR\"},{\"@type\":\"Organization\",\"@id\":\"https:\/\/drjung.lu\/fr\/#organization\",\"name\":\"Zahnarztpraxis Jung in Luxembourg\",\"url\":\"https:\/\/drjung.lu\/fr\/\",\"logo\":{\"@type\":\"ImageObject\",\"inLanguage\":\"fr-FR\",\"@id\":\"https:\/\/drjung.lu\/fr\/#\/schema\/logo\/image\/\",\"url\":\"https:\/\/drjung.lu\/wp-content\/uploads\/2020\/06\/logo-jung.png\",\"contentUrl\":\"https:\/\/drjung.lu\/wp-content\/uploads\/2020\/06\/logo-jung.png\",\"width\":300,\"height\":118,\"caption\":\"Zahnarztpraxis Jung in Luxembourg\"},\"image\":{\"@id\":\"https:\/\/drjung.lu\/fr\/#\/schema\/logo\/image\/\"},\"sameAs\":[\"https:\/\/www.instagram.com\/cabinet_dentaire_jung\/\"]}]}<\/script>\n<!-- \/ Yoast SEO plugin. -->","yoast_head_json":{"title":"Ajustement de la position des dents par Aligner - Zahnarztpraxis Jung in Luxembourg","description":"Zahnarzt Jung in Luxemburg | Cabinet Dentaire Dr. Jung - Zahnarztpraxis als Familienunternehmen in der zweiten Generation. Behandlung von Karies","robots":{"index":"index","follow":"follow","max-snippet":"max-snippet:-1","max-image-preview":"max-image-preview:large","max-video-preview":"max-video-preview:-1"},"canonical":"https:\/\/drjung.lu\/fr\/ajustement-de-la-position-des-dents-par-aligner\/","og_locale":"fr_FR","og_type":"article","og_title":"Ajustement de la position des dents par Aligner - Zahnarztpraxis Jung in Luxembourg","og_description":"Zahnarzt Jung in Luxemburg | Cabinet Dentaire Dr. Jung - Zahnarztpraxis als Familienunternehmen in der zweiten Generation. Behandlung von Karies","og_url":"https:\/\/drjung.lu\/fr\/ajustement-de-la-position-des-dents-par-aligner\/","og_site_name":"Zahnarztpraxis Jung in Luxembourg","article_modified_time":"2025-05-22T14:40:56+00:00","twitter_card":"summary_large_image","twitter_misc":{"Dur\u00e9e de lecture estim\u00e9e":"2 minutes"},"schema":{"@context":"https:\/\/schema.org","@graph":[{"@type":"WebPage","@id":"https:\/\/drjung.lu\/fr\/ajustement-de-la-position-des-dents-par-aligner\/","url":"https:\/\/drjung.lu\/fr\/ajustement-de-la-position-des-dents-par-aligner\/","name":"Ajustement de la position des dents par Aligner - Zahnarztpraxis Jung in Luxembourg","isPartOf":{"@id":"https:\/\/drjung.lu\/fr\/#website"},"datePublished":"2022-01-14T07:46:22+00:00","dateModified":"2025-05-22T14:40:56+00:00","description":"Zahnarzt Jung in Luxemburg | Cabinet Dentaire Dr. Jung - Zahnarztpraxis als Familienunternehmen in der zweiten Generation. Behandlung von Karies","breadcrumb":{"@id":"https:\/\/drjung.lu\/fr\/ajustement-de-la-position-des-dents-par-aligner\/#breadcrumb"},"inLanguage":"fr-FR","potentialAction":[{"@type":"ReadAction","target":["https:\/\/drjung.lu\/fr\/ajustement-de-la-position-des-dents-par-aligner\/"]}]},{"@type":"BreadcrumbList","@id":"https:\/\/drjung.lu\/fr\/ajustement-de-la-position-des-dents-par-aligner\/#breadcrumb","itemListElement":[{"@type":"ListItem","position":1,"name":"Startseite","item":"https:\/\/drjung.lu\/fr\/"},{"@type":"ListItem","position":2,"name":"Ajustement de la position des dents par Aligner"}]},{"@type":"WebSite","@id":"https:\/\/drjung.lu\/fr\/#website","url":"https:\/\/drjung.lu\/fr\/","name":"Zahnarztpraxis Jung in Luxembourg","description":"","publisher":{"@id":"https:\/\/drjung.lu\/fr\/#organization"},"potentialAction":[{"@type":"SearchAction","target":{"@type":"EntryPoint","urlTemplate":"https:\/\/drjung.lu\/fr\/?s={search_term_string}"},"query-input":{"@type":"PropertyValueSpecification","valueRequired":true,"valueName":"search_term_string"}}],"inLanguage":"fr-FR"},{"@type":"Organization","@id":"https:\/\/drjung.lu\/fr\/#organization","name":"Zahnarztpraxis Jung in Luxembourg","url":"https:\/\/drjung.lu\/fr\/","logo":{"@type":"ImageObject","inLanguage":"fr-FR","@id":"https:\/\/drjung.lu\/fr\/#\/schema\/logo\/image\/","url":"https:\/\/drjung.lu\/wp-content\/uploads\/2020\/06\/logo-jung.png","contentUrl":"https:\/\/drjung.lu\/wp-content\/uploads\/2020\/06\/logo-jung.png","width":300,"height":118,"caption":"Zahnarztpraxis Jung in Luxembourg"},"image":{"@id":"https:\/\/drjung.lu\/fr\/#\/schema\/logo\/image\/"},"sameAs":["https:\/\/www.instagram.com\/cabinet_dentaire_jung\/"]}]}},"_links":{"self":[{"href":"https:\/\/drjung.lu\/fr\/wp-json\/wp\/v2\/pages\/2128","targetHints":{"allow":["GET"]}}],"collection":[{"href":"https:\/\/drjung.lu\/fr\/wp-json\/wp\/v2\/pages"}],"about":[{"href":"https:\/\/drjung.lu\/fr\/wp-json\/wp\/v2\/types\/page"}],"author":[{"embeddable":true,"href":"https:\/\/drjung.lu\/fr\/wp-json\/wp\/v2\/users\/1"}],"replies":[{"embeddable":true,"href":"https:\/\/drjung.lu\/fr\/wp-json\/wp\/v2\/comments?post=2128"}],"version-history":[{"count":14,"href":"https:\/\/drjung.lu\/fr\/wp-json\/wp\/v2\/pages\/2128\/revisions"}],"predecessor-version":[{"id":2602,"href":"https:\/\/drjung.lu\/fr\/wp-json\/wp\/v2\/pages\/2128\/revisions\/2602"}],"wp:attachment":[{"href":"https:\/\/drjung.lu\/fr\/wp-json\/wp\/v2\/media?parent=2128"}],"curies":[{"name":"wp","href":"https:\/\/api.w.org\/{rel}","templated":true}]}}