{"id":1975,"date":"2017-08-09T15:16:17","date_gmt":"2017-08-09T13:16:17","guid":{"rendered":"https:\/\/www.drjung.lu\/kontakt\/"},"modified":"2025-05-22T17:02:49","modified_gmt":"2025-05-22T15:02:49","slug":"contact","status":"publish","type":"page","link":"https:\/\/drjung.lu\/fr\/contact\/","title":{"rendered":"Contact"},"content":{"rendered":"<div class=\"wpb-content-wrapper\">[vc_row gap=\u00a0\u00bb35&Prime; el_id=\u00a0\u00bbcontact-us\u00a0\u00bb][vc_column][vc_column_text]\n<h1 class=\"display-2 special-title\" style=\"text-align: center;\"><strong>Contact<\/strong><\/h1>\n[\/vc_column_text][\/vc_column][\/vc_row][vc_row curly_padding=\u00a0\u00bbcontent-padding-xs\u00a0\u00bb css=\u00a0\u00bb.vc_custom_1502729594290{background-color: #f7f7f7 !important;}\u00a0\u00bb][vc_column width=\u00a0\u00bb7\/12&Prime; offset=\u00a0\u00bbvc_col-md-offset-1 vc_col-md-6&Prime;][vc_column_text css=\u00a0\u00bb.vc_custom_1585842074533{padding-top: 3rem !important;padding-right: 3rem !important;padding-bottom: 1rem !important;padding-left: 3rem !important;background-color: #ffffff !important;}\u00a0\u00bb]\n<div class=\"wpcf7 no-js\" id=\"wpcf7-f1979-o1\" lang=\"de-DE\" dir=\"ltr\" data-wpcf7-id=\"1979\">\n<div class=\"screen-reader-response\"><p role=\"status\" aria-live=\"polite\" aria-atomic=\"true\"><\/p> <ul><\/ul><\/div>\n<form action=\"\/fr\/wp-json\/wp\/v2\/pages\/1975#wpcf7-f1979-o1\" method=\"post\" class=\"wpcf7-form init wpcf7-acceptance-as-validation\" aria-label=\"Kontaktformular\" novalidate=\"novalidate\" data-status=\"init\">\n<div style=\"display: none;\">\n<input type=\"hidden\" name=\"_wpcf7\" value=\"1979\" \/>\n<input type=\"hidden\" name=\"_wpcf7_version\" value=\"6.0.5\" \/>\n<input type=\"hidden\" name=\"_wpcf7_locale\" value=\"de_DE\" \/>\n<input type=\"hidden\" name=\"_wpcf7_unit_tag\" value=\"wpcf7-f1979-o1\" \/>\n<input type=\"hidden\" name=\"_wpcf7_container_post\" value=\"0\" \/>\n<input type=\"hidden\" name=\"_wpcf7_posted_data_hash\" value=\"\" \/>\n<\/div>\n<div class=\"row\">\n\t<div class=\"col-md-6\" style=\"margin-top: 15px;\">\n\t\t<p><label> PR\u00c9NOM *<br \/>\n<span class=\"wpcf7-form-control-wrap\" data-name=\"your-name\"><input size=\"40\" maxlength=\"400\" class=\"wpcf7-form-control wpcf7-text wpcf7-validates-as-required\" aria-required=\"true\" aria-invalid=\"false\" value=\"\" type=\"text\" name=\"your-name\" \/><\/span> <\/label>\n\t\t<\/p>\n\t<\/div>\n\t<div class=\"col-md-6\" style=\"margin-top: 15px;\">\n\t\t<p><label> NOM DE FAMILLE *<br \/>\n<span class=\"wpcf7-form-control-wrap\" data-name=\"your-name2\"><input size=\"40\" maxlength=\"400\" class=\"wpcf7-form-control wpcf7-text wpcf7-validates-as-required\" aria-required=\"true\" aria-invalid=\"false\" value=\"\" type=\"text\" name=\"your-name2\" \/><\/span> <\/label>\n\t\t<\/p>\n\t<\/div>\n\t<div class=\"col-md-6\" style=\"margin-top: 15px;\">\n\t\t<p><label> T\u00c9L\u00c9PHONE MOBILE<br \/>\n<span class=\"wpcf7-form-control-wrap\" data-name=\"tel-837\"><input size=\"40\" maxlength=\"400\" class=\"wpcf7-form-control wpcf7-tel wpcf7-text wpcf7-validates-as-tel\" aria-invalid=\"false\" value=\"\" type=\"tel\" name=\"tel-837\" \/><\/span> <\/label>\n\t\t<\/p>\n\t<\/div>\n\t<div class=\"col-md-6\" style=\"margin-top: 15px;\">\n\t\t<p><label> NUM\u00c9RO FIXE<br \/>\n<span class=\"wpcf7-form-control-wrap\" data-name=\"tel-185\"><input size=\"40\" maxlength=\"400\" class=\"wpcf7-form-control wpcf7-tel wpcf7-validates-as-required wpcf7-text wpcf7-validates-as-tel\" aria-required=\"true\" aria-invalid=\"false\" value=\"\" type=\"tel\" name=\"tel-185\" \/><\/span> <\/label>\n\t\t<\/p>\n\t<\/div>\n\t<div class=\"col-md-6\" style=\"margin-top: 15px;\">\n\t\t<p><label> E-MAIL *<br \/>\n<span class=\"wpcf7-form-control-wrap\" data-name=\"your-email\"><input size=\"40\" maxlength=\"400\" class=\"wpcf7-form-control wpcf7-email wpcf7-validates-as-required wpcf7-text wpcf7-validates-as-email\" aria-required=\"true\" aria-invalid=\"false\" value=\"\" type=\"email\" name=\"your-email\" \/><\/span> <\/label>\n\t\t<\/p>\n\t<\/div>\n\t<div class=\"col-md-6\" style=\"margin-top: 15px;\">\n\t\t<p><label> OBJET *<br \/>\n<span class=\"wpcf7-form-control-wrap\" data-name=\"your-subject\"><input size=\"40\" maxlength=\"400\" class=\"wpcf7-form-control wpcf7-text\" aria-invalid=\"false\" value=\"\" type=\"text\" name=\"your-subject\" \/><\/span> <\/label>\n\t\t<\/p>\n\t<\/div>\n\t<div class=\"col-md-12\" style=\"margin-top: 15px; margin-bottom: 15px;\">\n\t\t<p><label> MESSAGE *<br \/>\n<span class=\"wpcf7-form-control-wrap\" data-name=\"your-message\"><textarea cols=\"40\" rows=\"10\" maxlength=\"2000\" class=\"wpcf7-form-control wpcf7-textarea\" aria-invalid=\"false\" name=\"your-message\"><\/textarea><\/span> <\/label>\n\t\t<\/p>\n\t<\/div>\n<\/div>\n<div>\n\t<p><span class=\"wpcf7-form-control-wrap\" data-name=\"your-consent\"><span class=\"wpcf7-form-control wpcf7-acceptance\"><span class=\"wpcf7-list-item\"><input type=\"checkbox\" name=\"your-consent\" value=\"1\" aria-invalid=\"false\" \/><\/span><\/span><\/span> J'ai pris connaissance de la <a href=\"datenschutz\/\" target=\"_blank\">d\u00e9claration de confidentialit\u00e9.<\/a>. J'accepte que mes coordonn\u00e9es soient conserv\u00e9es de mani\u00e8re permanente \u00e0 des fins de contact et de consultation.\n\t<\/p>\n<\/div>\n<p><span id=\"wpcf7-69fb39ff05600-wrapper\" class=\"wpcf7-form-control-wrap email-wrap\" style=\"display:none !important; visibility:hidden !important;\"><label for=\"e-mail\" class=\"hp-message\">Bitte lasse dieses Feld leer.<\/label><input id=\"e-mail\"  class=\"wpcf7-form-control wpcf7-text\" type=\"text\" name=\"email\" value=\"\" size=\"40\" tabindex=\"-1\" autocomplete=\"new-password\" \/><\/span>\n<\/p>\n<div style=\"margin-top: 20px; margin-bottom: 45px;\">\n\t<p><input class=\"wpcf7-form-control wpcf7-submit has-spinner\" type=\"submit\" value=\"\u00c9mettre\" \/>\n\t<\/p>\n<\/div><div class=\"wpcf7-response-output\" aria-hidden=\"true\"><\/div>\n<\/form>\n<\/div>\n[\/vc_column_text][\/vc_column][vc_column width=\u00a0\u00bb5\/12&Prime; offset=\u00a0\u00bbvc_col-md-offset-1 vc_col-md-4&Prime; el_class=\u00a0\u00bbtext-center text-sm-left\u00a0\u00bb][vc_empty_space height=\u00a0\u00bb\u00a0\u00bb el_class=\u00a0\u00bbxtd-spacer&#8211;xxl\u00a0\u00bb][vc_column_text css=\u00a0\u00bb\u00a0\u00bb]\n<h5>CONTACT<\/h5>\n<p>T\u00c9L\u00c9PHONE \/ <strong>+352 290 022<\/strong><br \/>MOBILE \/\u00a0<strong>+352 621 236 568<\/strong><br \/>E-MAIL \/ <strong>kontakt@drjung.lu<\/strong><br \/>ADRESSE \/\u00a0<strong>58, Avenue de la Libert\u00e9, L-1930 Lux<\/strong>[\/vc_column_text][vc_column_text css=\u00a0\u00bb\u00a0\u00bb]\n<h5>TEMPS DE CONSULTATION<\/h5>\n<p>Lundi et Mardi \/ <strong>8:00 \u2013 18:00 h<\/strong><br \/>Mercredi \/ <strong>8:00 &#8211; 14:00 h\u00a0\u00a0<\/strong><\/p>\n<p>Jeudi \/ <strong>11:00 \u2013 18:00 h<\/strong><br \/>Vendredi \/<strong> 8.00 &#8211; 13:00 h<br \/><\/strong><\/p>\n[\/vc_column_text][\/vc_column][\/vc_row][vc_row full_width=\u00a0\u00bbstretch_row\u00a0\u00bb curly_padding=\u00a0\u00bbcontent-padding-none\u00a0\u00bb el_id=\u00a0\u00bbgetting-here\u00a0\u00bb][vc_column][vc_empty_space height=\u00a0\u00bb\u00a0\u00bb el_class=\u00a0\u00bbxtd-spacer&#8211;xl\u00a0\u00bb][vc_column_text]\n<h4 class=\"display-2 special-title\" style=\"text-align: center;\"><strong>Notre adresse<\/strong><\/h4>\n[\/vc_column_text][\/vc_column][vc_column width=\u00a0\u00bb5\/6&Prime; offset=\u00a0\u00bbvc_col-sm-offset-1&Prime;][vc_empty_space height=\u00a0\u00bb\u00a0\u00bb el_class=\u00a0\u00bbxtd-spacer&#8211;sm\u00a0\u00bb][vc_gmaps link=\u00a0\u00bb#E-8_JTNDaWZyYW1lJTIwc3JjJTNEJTIyaHR0cHMlM0ElMkYlMkZ3d3cuZ29vZ2xlLmNvbSUyRm1hcHMlMkZlbWJlZCUzRnBiJTNEJTIxMW0xOCUyMTFtMTIlMjExbTMlMjExZDI1ODUuNzY1OTQ1MzU2ODM3JTIxMmQ2LjEyOTQwMzA3NzQyMjA4JTIxM2Q0OS42MDIxNjMwNzE0NDI2NyUyMTJtMyUyMTFmMCUyMTJmMCUyMTNmMCUyMTNtMiUyMTFpMTAyNCUyMTJpNzY4JTIxNGYxMy4xJTIxM20zJTIxMW0yJTIxMXMweDQ3OTU0OGQwMzhkZjdkY2YlMjUzQTB4NWViNDc3YTJlMzAxY2IzYyUyMTJzQ2FiaW5ldCUyNTIwRGVudGFpcmUlMjUyMERyZXMuJTI1MjBKdW5nJTIxNWUwJTIxM20yJTIxMXNkZSUyMTJzZGUlMjE0djE3NDE5NTgxNDU1MTklMjE1bTIlMjExc2RlJTIxMnNkZSUyMiUyMHdpZHRoJTNEJTIyNjAwJTIyJTIwaGVpZ2h0JTNEJTIyNTAwJTIyJTIwc3R5bGUlM0QlMjJib3JkZXIlM0EwJTNCJTIyJTIwYWxsb3dmdWxsc2NyZWVuJTNEJTIyJTIyJTIwbG9hZGluZyUzRCUyMmxhenklMjIlMjByZWZlcnJlcnBvbGljeSUzRCUyMm5vLXJlZmVycmVyLXdoZW4tZG93bmdyYWRlJTIyJTNFJTNDJTJGaWZyYW1lJTNF\u00a0\u00bb css=\u00a0\u00bb\u00a0\u00bb][vc_empty_space height=\u00a0\u00bb\u00a0\u00bb el_class=\u00a0\u00bbxtd-spacer&#8211;xl\u00a0\u00bb][vc_column_text css=\u00a0\u00bb.vc_custom_1568104952368{margin-bottom: 0px !important;}\u00a0\u00bb]\n<p class=\"lead\" style=\"text-align: center;\">58, Avenue de la Libert\u00e9 | L-1930 Luxemburg<\/p>\n[\/vc_column_text][vc_empty_space height=\u00a0\u00bb\u00a0\u00bb el_class=\u00a0\u00bbxtd-spacer\u00a0\u00bb][vc_row_inner gap=\u00a0\u00bb35&Prime;][vc_column_inner width=\u00a0\u00bb1\/2&Prime;][vc_column_text css=\u00a0\u00bb.vc_custom_1585841782018{margin-bottom: 0px !important;}\u00a0\u00bb]\n<h6>EN VOITURE<\/h6>\n<p>Notre cabinet est situ\u00e9 pr\u00e8s de la gare centrale. Vous pouvez vous y rendre, par exemple, par l&rsquo;autoroute A3 ou A4 en direction de la Gare Centrale. Pour le stationnement, nous vous recommandons les parkings environnants \u00e0 proximit\u00e9 de la gare. De l\u00e0, il faut compter environ 5 minutes (350m) \u00e0 pieds.<\/p>\n<h4>\u00a0<\/h4>\n[\/vc_column_text][\/vc_column_inner][vc_column_inner width=\u00a0\u00bb1\/2&Prime;][vc_column_text]\n<h6>POSSIBILIT\u00c9S DE STATIONNEMENT<\/h6>\n<p>Parking \u00e0 \u00e9tages CFL, 38 Place de la Gare<br \/>Parking \u00e0 \u00e9tages Rousegaertchen, Avenue de la Libert\u00e9<br \/>Parking \u00e0 \u00e9tages Fort Wedell, 1 Rue de Commerce<br \/>Parking \u00e0 \u00e9tages Fort Neipperg, 43 Rue de Fort Neipperg[\/vc_column_text][\/vc_column_inner][\/vc_row_inner][vc_row_inner gap=\u00a0\u00bb35&Prime; css=\u00a0\u00bb.vc_custom_1581073914224{margin-bottom: 60px !important;}\u00a0\u00bb][vc_column_inner][vc_column_text css=\u00a0\u00bb.vc_custom_1585841817636{margin-bottom: 0px !important;}\u00a0\u00bb]\n<h6>EN BUS<\/h6>\n<p>Gr\u00e2ce \u00e0 notre situation pr\u00e8s de la gare, nous sommes accessibles en bus et en train de plusieurs fa\u00e7ons. Vous trouverez ensuite la carte synoptique \u00ab\u00a0Gare routi\u00e8re Luxembourg\u00a0\u00bb. Veuillez toutefois noter qu&rsquo;en raison des travaux concernant le tramway en cours dans le quartier de la gare, les changements relatifs \u00e0 la gare centrale sont en vigueur depuis le 3 novembre 2019. Vous trouverez \u00e9galement un plan des modifications en annexe.<\/p>\n<p class=\"p1\">Pour vous aider dans votre emploi du temps personnel, nous vous recommandons le site <a href=\"https:\/\/www.mobiliteit.lu\/\" target=\"_blank\" rel=\"noopener noreferrer\">https:\/\/www.mobiliteit.lu\/<\/a>. Ce site est \u00e9galement disponible sous forme d&rsquo;application (mobiliteit.lu).<\/p>\n<p><a href=\"https:\/\/www.mobiliteit.lu\/wp-content\/uploads\/2019\/10\/Gare-Centrale-et-Rocade-03.11.2019_R4.pdf\" target=\"_blank\" rel=\"noopener noreferrer\">Plan g\u00e9n\u00e9ral Gare routi\u00e8re Luxembourg<\/a> | <a href=\"https:\/\/www.mobiliteit.lu\/de\/tramarbeiten\/#Hauptbahnhof\" target=\"_blank\" rel=\"noopener noreferrer\">Changements \u00e0 la gare centrale<\/a>[\/vc_column_text][\/vc_column_inner][\/vc_row_inner][\/vc_column][\/vc_row][vc_row full_width=\u00a0\u00bbstretch_row\u00a0\u00bb curly_padding=\u00a0\u00bbcontent-padding-xs\u00a0\u00bb el_class=\u00a0\u00bbcolor&#8211;text-inverted xtd-background-animation&#8211;left-right\u00a0\u00bb css=\u00a0\u00bb.vc_custom_1568106745385{background-color: #86c9e8 !important;}\u00a0\u00bb][vc_column][vc_column_text]\n<p class=\"lead lead-lg\" style=\"text-align: center;\">Vous pouvez nous joindre par t\u00e9l\u00e9phone au <a href=\"tel:352290022\">+352 290 022<\/a>.<br \/><strong>Horaires d&rsquo;ouverture:<\/strong> lundi et mardi de 8 h 00 \u00e0 18 h 00, mercredi de 8 h 00 \u00e0 14 h 00, jeudi de 11 h 00 \u00e0 18 h 00 et vendredi de 8 h 00 \u00e0 13 h 00.<br \/>Vous pouvez \u00e9galement nous envoyer un e-mail \u00e0 <a href=\"mailto:kontakt@drjung.lu\"><span style=\"text-decoration: underline;\">kontakt@drjung.lu<\/span> <\/a>. ou envoyer un WhatsApp au + 352 621 236 568<\/p>\n[\/vc_column_text][\/vc_column][\/vc_row]\n\n\n<p><\/p>\n<\/div>","protected":false},"excerpt":{"rendered":"<p>[vc_row gap=\u00a0\u00bb35&Prime; el_id=\u00a0\u00bbcontact-us\u00a0\u00bb][vc_column][vc_column_text] Contact [\/vc_column_text][\/vc_column][\/vc_row][vc_row curly_padding=\u00a0\u00bbcontent-padding-xs\u00a0\u00bb css=\u00a0\u00bb.vc_custom_1502729594290{background-color: #f7f7f7 !important;}\u00a0\u00bb][vc_column width=\u00a0\u00bb7\/12&Prime; offset=\u00a0\u00bbvc_col-md-offset-1 vc_col-md-6&Prime;][vc_column_text css=\u00a0\u00bb.vc_custom_1585842074533{padding-top: 3rem !important;padding-right: 3rem !important;padding-bottom: 1rem !important;padding-left: 3rem !important;background-color: #ffffff !important;}\u00a0\u00bb][\/vc_column_text][\/vc_column][vc_column width=\u00a0\u00bb5\/12&Prime; offset=\u00a0\u00bbvc_col-md-offset-1 vc_col-md-4&Prime; el_class=\u00a0\u00bbtext-center text-sm-left\u00a0\u00bb][vc_empty_space height=\u00a0\u00bb\u00a0\u00bb el_class=\u00a0\u00bbxtd-spacer&#8211;xxl\u00a0\u00bb][vc_column_text css=\u00a0\u00bb\u00a0\u00bb] CONTACT T\u00c9L\u00c9PHONE \/ +352 290 022MOBILE \/\u00a0+352 621 236 568E-MAIL \/ kontakt@drjung.luADRESSE \/\u00a058, Avenue de la Libert\u00e9, L-1930 Lux[\/vc_column_text][vc_column_text css=\u00a0\u00bb\u00a0\u00bb] TEMPS DE CONSULTATION Lundi et Mardi \/ 8:00 \u2013 [&hellip;]<\/p>\n","protected":false},"author":1,"featured_media":0,"parent":0,"menu_order":0,"comment_status":"closed","ping_status":"closed","template":"","meta":{"inline_featured_image":false,"footnotes":""},"class_list":["post-1975","page","type-page","status-publish","hentry"],"yoast_head":"<!-- This site is optimized with the Yoast SEO plugin v24.8.1 - https:\/\/yoast.com\/wordpress\/plugins\/seo\/ -->\n<title>Contact - Zahnarztpraxis Jung in Luxembourg<\/title>\n<meta name=\"description\" content=\"Zahnarzt Jung in Luxemburg | Cabinet Dentaire Dr. Jung - Zahnarztpraxis als Familienunternehmen in der zweiten Generation. Kontakt...\" \/>\n<meta name=\"robots\" content=\"index, follow, max-snippet:-1, max-image-preview:large, max-video-preview:-1\" \/>\n<link rel=\"canonical\" href=\"https:\/\/drjung.lu\/fr\/contact\/\" \/>\n<meta property=\"og:locale\" content=\"fr_FR\" \/>\n<meta property=\"og:type\" content=\"article\" \/>\n<meta property=\"og:title\" content=\"Contact - Zahnarztpraxis Jung in Luxembourg\" \/>\n<meta property=\"og:description\" content=\"Zahnarzt Jung in Luxemburg | Cabinet Dentaire Dr. Jung - Zahnarztpraxis als Familienunternehmen in der zweiten Generation. Kontakt...\" \/>\n<meta property=\"og:url\" content=\"https:\/\/drjung.lu\/fr\/contact\/\" \/>\n<meta property=\"og:site_name\" content=\"Zahnarztpraxis Jung in Luxembourg\" \/>\n<meta property=\"article:modified_time\" content=\"2025-05-22T15:02:49+00:00\" \/>\n<meta name=\"twitter:card\" content=\"summary_large_image\" \/>\n<meta name=\"twitter:label1\" content=\"Dur\u00e9e de lecture estim\u00e9e\" \/>\n\t<meta name=\"twitter:data1\" content=\"3 minutes\" \/>\n<script type=\"application\/ld+json\" class=\"yoast-schema-graph\">{\"@context\":\"https:\/\/schema.org\",\"@graph\":[{\"@type\":\"WebPage\",\"@id\":\"https:\/\/drjung.lu\/fr\/contact\/\",\"url\":\"https:\/\/drjung.lu\/fr\/contact\/\",\"name\":\"Contact - Zahnarztpraxis Jung in Luxembourg\",\"isPartOf\":{\"@id\":\"https:\/\/drjung.lu\/fr\/#website\"},\"datePublished\":\"2017-08-09T13:16:17+00:00\",\"dateModified\":\"2025-05-22T15:02:49+00:00\",\"description\":\"Zahnarzt Jung in Luxemburg | Cabinet Dentaire Dr. Jung - Zahnarztpraxis als Familienunternehmen in der zweiten Generation. Kontakt...\",\"breadcrumb\":{\"@id\":\"https:\/\/drjung.lu\/fr\/contact\/#breadcrumb\"},\"inLanguage\":\"fr-FR\",\"potentialAction\":[{\"@type\":\"ReadAction\",\"target\":[\"https:\/\/drjung.lu\/fr\/contact\/\"]}]},{\"@type\":\"BreadcrumbList\",\"@id\":\"https:\/\/drjung.lu\/fr\/contact\/#breadcrumb\",\"itemListElement\":[{\"@type\":\"ListItem\",\"position\":1,\"name\":\"Startseite\",\"item\":\"https:\/\/drjung.lu\/fr\/\"},{\"@type\":\"ListItem\",\"position\":2,\"name\":\"Contact\"}]},{\"@type\":\"WebSite\",\"@id\":\"https:\/\/drjung.lu\/fr\/#website\",\"url\":\"https:\/\/drjung.lu\/fr\/\",\"name\":\"Zahnarztpraxis Jung in Luxembourg\",\"description\":\"\",\"publisher\":{\"@id\":\"https:\/\/drjung.lu\/fr\/#organization\"},\"potentialAction\":[{\"@type\":\"SearchAction\",\"target\":{\"@type\":\"EntryPoint\",\"urlTemplate\":\"https:\/\/drjung.lu\/fr\/?s={search_term_string}\"},\"query-input\":{\"@type\":\"PropertyValueSpecification\",\"valueRequired\":true,\"valueName\":\"search_term_string\"}}],\"inLanguage\":\"fr-FR\"},{\"@type\":\"Organization\",\"@id\":\"https:\/\/drjung.lu\/fr\/#organization\",\"name\":\"Zahnarztpraxis Jung in Luxembourg\",\"url\":\"https:\/\/drjung.lu\/fr\/\",\"logo\":{\"@type\":\"ImageObject\",\"inLanguage\":\"fr-FR\",\"@id\":\"https:\/\/drjung.lu\/fr\/#\/schema\/logo\/image\/\",\"url\":\"https:\/\/drjung.lu\/wp-content\/uploads\/2020\/06\/logo-jung.png\",\"contentUrl\":\"https:\/\/drjung.lu\/wp-content\/uploads\/2020\/06\/logo-jung.png\",\"width\":300,\"height\":118,\"caption\":\"Zahnarztpraxis Jung in Luxembourg\"},\"image\":{\"@id\":\"https:\/\/drjung.lu\/fr\/#\/schema\/logo\/image\/\"},\"sameAs\":[\"https:\/\/www.instagram.com\/cabinet_dentaire_jung\/\"]}]}<\/script>\n<!-- \/ Yoast SEO plugin. -->","yoast_head_json":{"title":"Contact - Zahnarztpraxis Jung in Luxembourg","description":"Zahnarzt Jung in Luxemburg | Cabinet Dentaire Dr. Jung - Zahnarztpraxis als Familienunternehmen in der zweiten Generation. Kontakt...","robots":{"index":"index","follow":"follow","max-snippet":"max-snippet:-1","max-image-preview":"max-image-preview:large","max-video-preview":"max-video-preview:-1"},"canonical":"https:\/\/drjung.lu\/fr\/contact\/","og_locale":"fr_FR","og_type":"article","og_title":"Contact - Zahnarztpraxis Jung in Luxembourg","og_description":"Zahnarzt Jung in Luxemburg | Cabinet Dentaire Dr. Jung - Zahnarztpraxis als Familienunternehmen in der zweiten Generation. Kontakt...","og_url":"https:\/\/drjung.lu\/fr\/contact\/","og_site_name":"Zahnarztpraxis Jung in Luxembourg","article_modified_time":"2025-05-22T15:02:49+00:00","twitter_card":"summary_large_image","twitter_misc":{"Dur\u00e9e de lecture estim\u00e9e":"3 minutes"},"schema":{"@context":"https:\/\/schema.org","@graph":[{"@type":"WebPage","@id":"https:\/\/drjung.lu\/fr\/contact\/","url":"https:\/\/drjung.lu\/fr\/contact\/","name":"Contact - Zahnarztpraxis Jung in Luxembourg","isPartOf":{"@id":"https:\/\/drjung.lu\/fr\/#website"},"datePublished":"2017-08-09T13:16:17+00:00","dateModified":"2025-05-22T15:02:49+00:00","description":"Zahnarzt Jung in Luxemburg | Cabinet Dentaire Dr. Jung - Zahnarztpraxis als Familienunternehmen in der zweiten Generation. Kontakt...","breadcrumb":{"@id":"https:\/\/drjung.lu\/fr\/contact\/#breadcrumb"},"inLanguage":"fr-FR","potentialAction":[{"@type":"ReadAction","target":["https:\/\/drjung.lu\/fr\/contact\/"]}]},{"@type":"BreadcrumbList","@id":"https:\/\/drjung.lu\/fr\/contact\/#breadcrumb","itemListElement":[{"@type":"ListItem","position":1,"name":"Startseite","item":"https:\/\/drjung.lu\/fr\/"},{"@type":"ListItem","position":2,"name":"Contact"}]},{"@type":"WebSite","@id":"https:\/\/drjung.lu\/fr\/#website","url":"https:\/\/drjung.lu\/fr\/","name":"Zahnarztpraxis Jung in Luxembourg","description":"","publisher":{"@id":"https:\/\/drjung.lu\/fr\/#organization"},"potentialAction":[{"@type":"SearchAction","target":{"@type":"EntryPoint","urlTemplate":"https:\/\/drjung.lu\/fr\/?s={search_term_string}"},"query-input":{"@type":"PropertyValueSpecification","valueRequired":true,"valueName":"search_term_string"}}],"inLanguage":"fr-FR"},{"@type":"Organization","@id":"https:\/\/drjung.lu\/fr\/#organization","name":"Zahnarztpraxis Jung in Luxembourg","url":"https:\/\/drjung.lu\/fr\/","logo":{"@type":"ImageObject","inLanguage":"fr-FR","@id":"https:\/\/drjung.lu\/fr\/#\/schema\/logo\/image\/","url":"https:\/\/drjung.lu\/wp-content\/uploads\/2020\/06\/logo-jung.png","contentUrl":"https:\/\/drjung.lu\/wp-content\/uploads\/2020\/06\/logo-jung.png","width":300,"height":118,"caption":"Zahnarztpraxis Jung in Luxembourg"},"image":{"@id":"https:\/\/drjung.lu\/fr\/#\/schema\/logo\/image\/"},"sameAs":["https:\/\/www.instagram.com\/cabinet_dentaire_jung\/"]}]}},"_links":{"self":[{"href":"https:\/\/drjung.lu\/fr\/wp-json\/wp\/v2\/pages\/1975","targetHints":{"allow":["GET"]}}],"collection":[{"href":"https:\/\/drjung.lu\/fr\/wp-json\/wp\/v2\/pages"}],"about":[{"href":"https:\/\/drjung.lu\/fr\/wp-json\/wp\/v2\/types\/page"}],"author":[{"embeddable":true,"href":"https:\/\/drjung.lu\/fr\/wp-json\/wp\/v2\/users\/1"}],"replies":[{"embeddable":true,"href":"https:\/\/drjung.lu\/fr\/wp-json\/wp\/v2\/comments?post=1975"}],"version-history":[{"count":10,"href":"https:\/\/drjung.lu\/fr\/wp-json\/wp\/v2\/pages\/1975\/revisions"}],"predecessor-version":[{"id":2609,"href":"https:\/\/drjung.lu\/fr\/wp-json\/wp\/v2\/pages\/1975\/revisions\/2609"}],"wp:attachment":[{"href":"https:\/\/drjung.lu\/fr\/wp-json\/wp\/v2\/media?parent=1975"}],"curies":[{"name":"wp","href":"https:\/\/api.w.org\/{rel}","templated":true}]}}