{"id":1965,"date":"2020-01-03T15:27:03","date_gmt":"2020-01-03T14:27:03","guid":{"rendered":"https:\/\/www.drjung.lu\/zahnfleischbehandlung\/"},"modified":"2025-05-22T13:49:34","modified_gmt":"2025-05-22T11:49:34","slug":"la-maladie-du-parodonte","status":"publish","type":"page","link":"https:\/\/drjung.lu\/fr\/la-maladie-du-parodonte\/","title":{"rendered":"La maladie du parodonte"},"content":{"rendered":"<div class=\"wpb-content-wrapper\">[vc_row content_placement=\u00a0\u00bbmiddle\u00a0\u00bb][vc_column offset=\u00a0\u00bbvc_col-lg-offset-0 vc_col-lg-12 vc_col-sm-offset-1&Prime;][vc_column_text]\n<h2 class=\"special-title\" style=\"text-align: center;\">La maladie du parodonte<\/h2>\n[\/vc_column_text][vc_column_text]Le terme technique pour la structure du soutien des dents est \u00ab\u00a0parodontal\u00a0\u00bb. Si elle s&rsquo;enflamme, on parle de parodontite, c&rsquo;est-\u00e0-dire de bact\u00e9ries qui se manifestent dans l&rsquo;espace entre la dent et la gencive en direction de l&rsquo;extr\u00e9mit\u00e9 de la racine. Au d\u00e9part, le tableau clinique est peu remarquable. On remarque seulement que les gencives saignent plus souvent \u00e0 cause de l&rsquo;inflammation existante.[\/vc_column_text][\/vc_column][\/vc_row][vc_row content_placement=\u00a0\u00bbmiddle\u00a0\u00bb curly_padding=\u00a0\u00bbcontent-padding-none\u00a0\u00bb css=\u00a0\u00bb.vc_custom_1568732487325{margin-top: 30px !important;}\u00a0\u00bb][vc_column offset=\u00a0\u00bbvc_col-lg-offset-0 vc_col-lg-6 vc_col-sm-offset-1&Prime;][vc_column_text]\n<h3 class=\"special-title\" style=\"text-align: left;\"><strong>La maladie du parodonte<\/strong><\/h3>\n[\/vc_column_text][vc_column_text]Le terme technique pour la structure du soutien des dents est \u00ab\u00a0parodontal\u00a0\u00bb. Si elle s&rsquo;enflamme, on parle de parodontite, c&rsquo;est-\u00e0-dire de bact\u00e9ries qui se manifestent dans l&rsquo;espace entre la dent et la gencive en direction de l&rsquo;extr\u00e9mit\u00e9 de la racine. Au d\u00e9part, le tableau clinique est peu remarquable. On remarque seulement que les gencives saignent plus souvent \u00e0 cause de l&rsquo;inflammation existante.[\/vc_column_text][vc_empty_space height=\u00a0\u00bb3rem\u00a0\u00bb][\/vc_column][vc_column offset=\u00a0\u00bbvc_col-lg-offset-0 vc_col-lg-6 vc_col-sm-offset-1&Prime;][vc_single_image image=\u00a0\u00bb1387&Prime; img_size=\u00a0\u00bblarge\u00a0\u00bb alignment=\u00a0\u00bbcenter\u00a0\u00bb el_class=\u00a0\u00bbxtd-offset-dots-rechts\u00a0\u00bb][\/vc_column][\/vc_row][vc_row full_width=\u00a0\u00bbstretch_row\u00a0\u00bb content_placement=\u00a0\u00bbmiddle\u00a0\u00bb curly_padding=\u00a0\u00bbcontent-padding-xl\u00a0\u00bb css=\u00a0\u00bb.vc_custom_1578911848154{margin-top: 40px !important;margin-bottom: 40px !important;padding-top: 35px !important;padding-bottom: 5px !important;background-color: #f7f7f7 !important;}\u00a0\u00bb][vc_column offset=\u00a0\u00bbvc_col-lg-offset-0 vc_col-lg-12 vc_col-sm-offset-1&Prime;][vc_column_text]\n<h3 class=\"special-title\" style=\"text-align: center;\"><strong>Quelles sont les cons\u00e9quences?<\/strong><\/h3>\n[\/vc_column_text][vc_column_text]Si l&rsquo;inflammation progresse, l&rsquo;os et le parodonte se r\u00e9tractent lentement. Cela rend la racine de la dent visible et la dent para\u00eet plus longue. Avec le temps, les dents se mettent \u00e0 bouger et il peut \u00eatre plus difficile de mordre. La mastication peut donc aussi \u00eatre douloureuse. Si la maladie se propage davantage, la position des dents peut changer. Au bout du compte, on risque de perdre des dents.[\/vc_column_text][vc_empty_space height=\u00a0\u00bb3rem\u00a0\u00bb][\/vc_column][\/vc_row][vc_row content_placement=\u00a0\u00bbmiddle\u00a0\u00bb curly_padding=\u00a0\u00bbcontent-padding-lg\u00a0\u00bb][vc_column width=\u00a0\u00bb1\/2&Prime; offset=\u00a0\u00bbvc_col-lg-offset-0 vc_col-lg-6 vc_col-sm-offset-1&Prime;][vc_column_text]\n<h3 class=\"special-title\" style=\"text-align: left;\"><strong>Comment pouvons-nous vous aider?<\/strong><\/h3>\n[\/vc_column_text][vc_column_text]Tout d&rsquo;abord, il faut d\u00e9terminer l&rsquo;\u00e9tendue de la maladie. Pour cela, on mesure les poches gingivales. La distance est mesur\u00e9e en millim\u00e8tres entre le bord sup\u00e9rieur des gencives et le point le plus profond de la poche.<\/p>\n<p>\u00c0 l&rsquo;aide d&rsquo;une radiographie, les r\u00e9sultats sont compl\u00e9t\u00e9s pour obtenir une estimation de l&rsquo;ampleur du recul de l&rsquo;os.<\/p>\n<p>La th\u00e9rapie consiste \u00e0 nettoyer la surface des racines \u00e0 l&rsquo;aide d&rsquo;ultrasons et d&rsquo;instruments manuels. Cela permet d&rsquo;\u00e9liminer les bact\u00e9ries, qui sont solidement ancr\u00e9es dans leur biofilm \u00e0 la surface. Des s\u00e9ances r\u00e9p\u00e9t\u00e9es (th\u00e9rapie de soutien \u00e0 la parodontite) garantissent le succ\u00e8s \u00e0 long terme de la th\u00e9rapie par un nettoyage r\u00e9gulier et renouvel\u00e9.[\/vc_column_text][vc_empty_space height=\u00a0\u00bb3rem\u00a0\u00bb][\/vc_column][vc_column width=\u00a0\u00bb1\/2&Prime; offset=\u00a0\u00bbvc_col-lg-offset-0 vc_col-lg-6 vc_col-sm-offset-3&Prime; css=\u00a0\u00bb.vc_custom_1578914124908{padding-top: 80px !important;}\u00a0\u00bb][vc_single_image image=\u00a0\u00bb1390&Prime; img_size=\u00a0\u00bblarge\u00a0\u00bb alignment=\u00a0\u00bbcenter\u00a0\u00bb el_class=\u00a0\u00bbxtd-offset-dots-rechts\u00a0\u00bb][\/vc_column][\/vc_row][vc_row full_width=\u00a0\u00bbstretch_row\u00a0\u00bb content_placement=\u00a0\u00bbmiddle\u00a0\u00bb css=\u00a0\u00bb.vc_custom_1578911932808{margin-top: 40px !important;margin-bottom: 40px !important;padding-top: 35px !important;padding-bottom: 5px !important;background-color: #f7f7f7 !important;}\u00a0\u00bb][vc_column offset=\u00a0\u00bbvc_col-lg-offset-0 vc_col-lg-12 vc_col-sm-offset-1&Prime;][vc_column_text]\n<h3 class=\"special-title\" style=\"text-align: center;\"><strong>\u00c0 quoi pouvez-vous vous attendre?<\/strong><\/h3>\n[\/vc_column_text][vc_column_text]Au d\u00e9but du traitement se trouve le diagnostic. Le diagnostic est confirm\u00e9 par les examens parodontaux d\u00e9crits ci-dessus et, si n\u00e9cessaire, par une radiographie. Il est suivi d&rsquo;un nettoyage dentaire professionnel et d&rsquo;un ajustement individuel de votre hygi\u00e8ne bucco-dentaire. Il s&rsquo;agit l\u00e0 de conditions pr\u00e9alables importantes pour une r\u00e9ussite optimale. Avec le nettoyage dentaire professionnel, toute la plaque (molle\/dure\/ d\u00e9coloration) qui se trouve au-dessus des gencives est enlev\u00e9e.<\/p>\n<p>Le traitement actif proprement dit consiste \u00e0 nettoyer la surface de la racine comme d\u00e9crit cidessus \u00e0 l&rsquo;aide d&rsquo;ultrasons et d&rsquo;instruments manuels pour \u00e9liminer la plaque bact\u00e9rienne.[\/vc_column_text][vc_empty_space height=\u00a0\u00bb3rem\u00a0\u00bb][\/vc_column][\/vc_row][vc_row full_width=\u00a0\u00bbstretch_row\u00a0\u00bb content_placement=\u00a0\u00bbmiddle\u00a0\u00bb css=\u00a0\u00bb.vc_custom_1578912447195{padding-top: 5px !important;padding-bottom: 5px !important;}\u00a0\u00bb][vc_column offset=\u00a0\u00bbvc_col-lg-offset-0 vc_col-lg-12 vc_col-sm-offset-1&Prime;][vc_column_text]\n<h3 class=\"special-title\" style=\"text-align: center;\"><strong>Que pouvez-vous faire vous-m\u00eame?<\/strong><\/h3>\n[\/vc_column_text][vc_column_text]Apr\u00e8s un traitement parodontal, vous devez maintenir une hygi\u00e8ne buccale tr\u00e8s soigneuse et faire v\u00e9rifier vos dents r\u00e9guli\u00e8rement par votre dentiste. Si une inflammation locale r\u00e9appara\u00eet, vous pouvez agir imm\u00e9diatement et \u00e9liminer la plaque bact\u00e9rienne. Pour que cela se produise aussi rarement que possible, un nettoyage r\u00e9gulier sous la ligne gingivale est indispensable. Cela implique d&rsquo;\u00e9liminer soigneusement la plaque dentaire de toutes les dents et de pratiquer une hygi\u00e8ne bucco-dentaire efficace. Votre dentiste d\u00e9terminera individuellement l&rsquo;intervalle n\u00e9cessaire pour votre visite chez le professionnel du nettoyage dentaire en fonction de la gravit\u00e9 de votre maladie gingivale.[\/vc_column_text][vc_empty_space height=\u00a0\u00bb3rem\u00a0\u00bb][\/vc_column][\/vc_row][vc_row full_width=\u00a0\u00bbstretch_row\u00a0\u00bb curly_padding=\u00a0\u00bbcontent-padding-xs\u00a0\u00bb el_class=\u00a0\u00bbcolor&#8211;text-inverted xtd-background-animation&#8211;left-right\u00a0\u00bb css=\u00a0\u00bb.vc_custom_1568125031529{background-color: #86c9e8 !important;}\u00a0\u00bb][vc_column][vc_column_text css=\u00a0\u00bb\u00a0\u00bb]\n<p class=\"lead lead-lg\" style=\"text-align: center;\">Vous pouvez nous joindre par t\u00e9l\u00e9phone au <a href=\"tel:352290022\">+352 290 022<\/a>.<br \/>\n<strong>Horaires d&rsquo;ouverture:<\/strong> lundi et mardi de 8 h 00 \u00e0 18 h 00, mercredi de 8 h 00 \u00e0 14 h 00 et jeudi de 11 h 00 \u00e0 18 h 00 et vendredi de 8 h 00 \u00e0 13 h 00.<br \/>\nVous pouvez \u00e9galement nous envoyer un e-mail \u00e0 <a href=\"mailto:kontakt@drjung.lu\"><span style=\"text-decoration: underline;\">kontakt@drjung.lu<\/span> <\/a>. ou envoyer un WhatsApp au +352 621 236 568<\/p>\n[\/vc_column_text][\/vc_column][\/vc_row]\n<\/div>","protected":false},"excerpt":{"rendered":"<p>[vc_row content_placement=\u00a0\u00bbmiddle\u00a0\u00bb][vc_column offset=\u00a0\u00bbvc_col-lg-offset-0 vc_col-lg-12 vc_col-sm-offset-1&Prime;][vc_column_text] La maladie du parodonte [\/vc_column_text][vc_column_text]Le terme technique pour la structure du soutien des dents est \u00ab\u00a0parodontal\u00a0\u00bb. Si elle s&rsquo;enflamme, on parle de parodontite, c&rsquo;est-\u00e0-dire de bact\u00e9ries qui se manifestent dans l&rsquo;espace entre la dent et la gencive en direction de l&rsquo;extr\u00e9mit\u00e9 de la racine. Au d\u00e9part, le tableau clinique est peu remarquable. On remarque seulement [&hellip;]<\/p>\n","protected":false},"author":1,"featured_media":0,"parent":0,"menu_order":0,"comment_status":"closed","ping_status":"closed","template":"","meta":{"inline_featured_image":false,"footnotes":""},"class_list":["post-1965","page","type-page","status-publish","hentry"],"yoast_head":"<!-- This site is optimized with the Yoast SEO plugin v24.8.1 - https:\/\/yoast.com\/wordpress\/plugins\/seo\/ -->\n<title>La maladie du parodonte - Zahnarztpraxis Jung in Luxembourg<\/title>\n<meta name=\"description\" content=\"Zahnarzt Jung in Luxemburg | Cabinet Dentaire Dr. Jung - Zahnarztpraxis als Familienunternehmen in der zweiten Generation. Zahnfleischbehandlung...\" \/>\n<meta name=\"robots\" content=\"index, follow, max-snippet:-1, max-image-preview:large, max-video-preview:-1\" \/>\n<link rel=\"canonical\" href=\"https:\/\/drjung.lu\/fr\/la-maladie-du-parodonte\/\" \/>\n<meta property=\"og:locale\" content=\"fr_FR\" \/>\n<meta property=\"og:type\" content=\"article\" \/>\n<meta property=\"og:title\" content=\"La maladie du parodonte - Zahnarztpraxis Jung in Luxembourg\" \/>\n<meta property=\"og:description\" content=\"Zahnarzt Jung in Luxemburg | Cabinet Dentaire Dr. Jung - Zahnarztpraxis als Familienunternehmen in der zweiten Generation. Zahnfleischbehandlung...\" \/>\n<meta property=\"og:url\" content=\"https:\/\/drjung.lu\/fr\/la-maladie-du-parodonte\/\" \/>\n<meta property=\"og:site_name\" content=\"Zahnarztpraxis Jung in Luxembourg\" \/>\n<meta property=\"article:modified_time\" content=\"2025-05-22T11:49:34+00:00\" \/>\n<meta name=\"twitter:card\" content=\"summary_large_image\" \/>\n<meta name=\"twitter:label1\" content=\"Dur\u00e9e de lecture estim\u00e9e\" \/>\n\t<meta name=\"twitter:data1\" content=\"5 minutes\" \/>\n<script type=\"application\/ld+json\" class=\"yoast-schema-graph\">{\"@context\":\"https:\/\/schema.org\",\"@graph\":[{\"@type\":\"WebPage\",\"@id\":\"https:\/\/drjung.lu\/fr\/la-maladie-du-parodonte\/\",\"url\":\"https:\/\/drjung.lu\/fr\/la-maladie-du-parodonte\/\",\"name\":\"La maladie du parodonte - Zahnarztpraxis Jung in Luxembourg\",\"isPartOf\":{\"@id\":\"https:\/\/drjung.lu\/fr\/#website\"},\"datePublished\":\"2020-01-03T14:27:03+00:00\",\"dateModified\":\"2025-05-22T11:49:34+00:00\",\"description\":\"Zahnarzt Jung in Luxemburg | Cabinet Dentaire Dr. Jung - Zahnarztpraxis als Familienunternehmen in der zweiten Generation. Zahnfleischbehandlung...\",\"breadcrumb\":{\"@id\":\"https:\/\/drjung.lu\/fr\/la-maladie-du-parodonte\/#breadcrumb\"},\"inLanguage\":\"fr-FR\",\"potentialAction\":[{\"@type\":\"ReadAction\",\"target\":[\"https:\/\/drjung.lu\/fr\/la-maladie-du-parodonte\/\"]}]},{\"@type\":\"BreadcrumbList\",\"@id\":\"https:\/\/drjung.lu\/fr\/la-maladie-du-parodonte\/#breadcrumb\",\"itemListElement\":[{\"@type\":\"ListItem\",\"position\":1,\"name\":\"Startseite\",\"item\":\"https:\/\/drjung.lu\/fr\/\"},{\"@type\":\"ListItem\",\"position\":2,\"name\":\"La maladie du parodonte\"}]},{\"@type\":\"WebSite\",\"@id\":\"https:\/\/drjung.lu\/fr\/#website\",\"url\":\"https:\/\/drjung.lu\/fr\/\",\"name\":\"Zahnarztpraxis Jung in Luxembourg\",\"description\":\"\",\"publisher\":{\"@id\":\"https:\/\/drjung.lu\/fr\/#organization\"},\"potentialAction\":[{\"@type\":\"SearchAction\",\"target\":{\"@type\":\"EntryPoint\",\"urlTemplate\":\"https:\/\/drjung.lu\/fr\/?s={search_term_string}\"},\"query-input\":{\"@type\":\"PropertyValueSpecification\",\"valueRequired\":true,\"valueName\":\"search_term_string\"}}],\"inLanguage\":\"fr-FR\"},{\"@type\":\"Organization\",\"@id\":\"https:\/\/drjung.lu\/fr\/#organization\",\"name\":\"Zahnarztpraxis Jung in Luxembourg\",\"url\":\"https:\/\/drjung.lu\/fr\/\",\"logo\":{\"@type\":\"ImageObject\",\"inLanguage\":\"fr-FR\",\"@id\":\"https:\/\/drjung.lu\/fr\/#\/schema\/logo\/image\/\",\"url\":\"https:\/\/drjung.lu\/wp-content\/uploads\/2020\/06\/logo-jung.png\",\"contentUrl\":\"https:\/\/drjung.lu\/wp-content\/uploads\/2020\/06\/logo-jung.png\",\"width\":300,\"height\":118,\"caption\":\"Zahnarztpraxis Jung in Luxembourg\"},\"image\":{\"@id\":\"https:\/\/drjung.lu\/fr\/#\/schema\/logo\/image\/\"},\"sameAs\":[\"https:\/\/www.instagram.com\/cabinet_dentaire_jung\/\"]}]}<\/script>\n<!-- \/ Yoast SEO plugin. -->","yoast_head_json":{"title":"La maladie du parodonte - Zahnarztpraxis Jung in Luxembourg","description":"Zahnarzt Jung in Luxemburg | Cabinet Dentaire Dr. Jung - Zahnarztpraxis als Familienunternehmen in der zweiten Generation. Zahnfleischbehandlung...","robots":{"index":"index","follow":"follow","max-snippet":"max-snippet:-1","max-image-preview":"max-image-preview:large","max-video-preview":"max-video-preview:-1"},"canonical":"https:\/\/drjung.lu\/fr\/la-maladie-du-parodonte\/","og_locale":"fr_FR","og_type":"article","og_title":"La maladie du parodonte - Zahnarztpraxis Jung in Luxembourg","og_description":"Zahnarzt Jung in Luxemburg | Cabinet Dentaire Dr. Jung - Zahnarztpraxis als Familienunternehmen in der zweiten Generation. Zahnfleischbehandlung...","og_url":"https:\/\/drjung.lu\/fr\/la-maladie-du-parodonte\/","og_site_name":"Zahnarztpraxis Jung in Luxembourg","article_modified_time":"2025-05-22T11:49:34+00:00","twitter_card":"summary_large_image","twitter_misc":{"Dur\u00e9e de lecture estim\u00e9e":"5 minutes"},"schema":{"@context":"https:\/\/schema.org","@graph":[{"@type":"WebPage","@id":"https:\/\/drjung.lu\/fr\/la-maladie-du-parodonte\/","url":"https:\/\/drjung.lu\/fr\/la-maladie-du-parodonte\/","name":"La maladie du parodonte - Zahnarztpraxis Jung in Luxembourg","isPartOf":{"@id":"https:\/\/drjung.lu\/fr\/#website"},"datePublished":"2020-01-03T14:27:03+00:00","dateModified":"2025-05-22T11:49:34+00:00","description":"Zahnarzt Jung in Luxemburg | Cabinet Dentaire Dr. Jung - Zahnarztpraxis als Familienunternehmen in der zweiten Generation. Zahnfleischbehandlung...","breadcrumb":{"@id":"https:\/\/drjung.lu\/fr\/la-maladie-du-parodonte\/#breadcrumb"},"inLanguage":"fr-FR","potentialAction":[{"@type":"ReadAction","target":["https:\/\/drjung.lu\/fr\/la-maladie-du-parodonte\/"]}]},{"@type":"BreadcrumbList","@id":"https:\/\/drjung.lu\/fr\/la-maladie-du-parodonte\/#breadcrumb","itemListElement":[{"@type":"ListItem","position":1,"name":"Startseite","item":"https:\/\/drjung.lu\/fr\/"},{"@type":"ListItem","position":2,"name":"La maladie du parodonte"}]},{"@type":"WebSite","@id":"https:\/\/drjung.lu\/fr\/#website","url":"https:\/\/drjung.lu\/fr\/","name":"Zahnarztpraxis Jung in Luxembourg","description":"","publisher":{"@id":"https:\/\/drjung.lu\/fr\/#organization"},"potentialAction":[{"@type":"SearchAction","target":{"@type":"EntryPoint","urlTemplate":"https:\/\/drjung.lu\/fr\/?s={search_term_string}"},"query-input":{"@type":"PropertyValueSpecification","valueRequired":true,"valueName":"search_term_string"}}],"inLanguage":"fr-FR"},{"@type":"Organization","@id":"https:\/\/drjung.lu\/fr\/#organization","name":"Zahnarztpraxis Jung in Luxembourg","url":"https:\/\/drjung.lu\/fr\/","logo":{"@type":"ImageObject","inLanguage":"fr-FR","@id":"https:\/\/drjung.lu\/fr\/#\/schema\/logo\/image\/","url":"https:\/\/drjung.lu\/wp-content\/uploads\/2020\/06\/logo-jung.png","contentUrl":"https:\/\/drjung.lu\/wp-content\/uploads\/2020\/06\/logo-jung.png","width":300,"height":118,"caption":"Zahnarztpraxis Jung in Luxembourg"},"image":{"@id":"https:\/\/drjung.lu\/fr\/#\/schema\/logo\/image\/"},"sameAs":["https:\/\/www.instagram.com\/cabinet_dentaire_jung\/"]}]}},"_links":{"self":[{"href":"https:\/\/drjung.lu\/fr\/wp-json\/wp\/v2\/pages\/1965","targetHints":{"allow":["GET"]}}],"collection":[{"href":"https:\/\/drjung.lu\/fr\/wp-json\/wp\/v2\/pages"}],"about":[{"href":"https:\/\/drjung.lu\/fr\/wp-json\/wp\/v2\/types\/page"}],"author":[{"embeddable":true,"href":"https:\/\/drjung.lu\/fr\/wp-json\/wp\/v2\/users\/1"}],"replies":[{"embeddable":true,"href":"https:\/\/drjung.lu\/fr\/wp-json\/wp\/v2\/comments?post=1965"}],"version-history":[{"count":5,"href":"https:\/\/drjung.lu\/fr\/wp-json\/wp\/v2\/pages\/1965\/revisions"}],"predecessor-version":[{"id":2400,"href":"https:\/\/drjung.lu\/fr\/wp-json\/wp\/v2\/pages\/1965\/revisions\/2400"}],"wp:attachment":[{"href":"https:\/\/drjung.lu\/fr\/wp-json\/wp\/v2\/media?parent=1965"}],"curies":[{"name":"wp","href":"https:\/\/api.w.org\/{rel}","templated":true}]}}