{"id":1961,"date":"2020-01-03T13:12:52","date_gmt":"2020-01-03T12:12:52","guid":{"rendered":"https:\/\/www.drjung.lu\/zahn-bleaching\/"},"modified":"2025-05-22T13:27:40","modified_gmt":"2025-05-22T11:27:40","slug":"blanchiment","status":"publish","type":"page","link":"https:\/\/drjung.lu\/fr\/blanchiment\/","title":{"rendered":"Blanchiment"},"content":{"rendered":"<div class=\"wpb-content-wrapper\">[vc_row][vc_column][vc_column_text]\n<h2 class=\"special-title\" style=\"text-align: center;\">Blanchiment<\/h2>\n[\/vc_column_text][\/vc_column][\/vc_row][vc_row curly_padding=\u00a0\u00bbcontent-padding\u00a0\u00bb css=\u00a0\u00bb.vc_custom_1578055900113{margin-bottom: 30px !important;padding-top: 0px !important;}\u00a0\u00bb][vc_column width=\u00a0\u00bb5\/6&Prime; offset=\u00a0\u00bbvc_col-md-offset-2 vc_col-md-8 vc_col-sm-offset-1&Prime;]<div class='xtd-shape xtd-shadow--normal-light xtd-shape--position-absolute xtd-shape--z-index--1  vc_custom_1502459386847'  style=\"width: 6rem; height: 6rem; bottom: 4rem; left: 0\" ><\/div><div class='images-comparison__container xtd-shadow--large-light '><div class='images-comparison' data-default_offset_pct='0.5' data-orientation='horizontal' data-el_css='xtd-shadow--large-light'><img loading=\"lazy\" decoding=\"async\" width=\"660\" height=\"229\" src=\"https:\/\/drjung.lu\/wp-content\/uploads\/2020\/01\/bleaching-vorher-1024x355.jpg\" class=\"attachment-large size-large\" alt=\"Bleaching vorher\" srcset=\"https:\/\/drjung.lu\/wp-content\/uploads\/2020\/01\/bleaching-vorher.jpg 1024w, https:\/\/drjung.lu\/wp-content\/uploads\/2020\/01\/bleaching-vorher-300x104.jpg 300w, https:\/\/drjung.lu\/wp-content\/uploads\/2020\/01\/bleaching-vorher-768x266.jpg 768w\" sizes=\"auto, (max-width: 660px) 100vw, 660px\" \/><img loading=\"lazy\" decoding=\"async\" width=\"660\" height=\"229\" src=\"https:\/\/drjung.lu\/wp-content\/uploads\/2020\/01\/bleaching-1024x355.jpg\" class=\"attachment-large size-large\" alt=\"Bleaching\" srcset=\"https:\/\/drjung.lu\/wp-content\/uploads\/2020\/01\/bleaching.jpg 1024w, https:\/\/drjung.lu\/wp-content\/uploads\/2020\/01\/bleaching-300x104.jpg 300w, https:\/\/drjung.lu\/wp-content\/uploads\/2020\/01\/bleaching-768x266.jpg 768w\" sizes=\"auto, (max-width: 660px) 100vw, 660px\" \/><\/div><\/div>[vc_empty_space height=\u00a0\u00bb\u00a0\u00bb el_class=\u00a0\u00bbxtd-spacer&#8211;lg\u00a0\u00bb][\/vc_column][\/vc_row][vc_row full_width=\u00a0\u00bbstretch_row\u00a0\u00bb css=\u00a0\u00bb.vc_custom_1578055970798{margin-bottom: 40px !important;padding-top: 40px !important;padding-bottom: 40px !important;background-color: #f7f7f7 !important;}\u00a0\u00bb][vc_column][vc_column_text]La couleur des dents est tr\u00e8s individuelle d&rsquo;une personne \u00e0 l&rsquo;autre. Elle \u00e9volue avec l&rsquo;\u00e2ge ainsi que par le stockage de colorants (caf\u00e9, th\u00e9, tabac, vin rouge, etc.). Les d\u00e9colorations profond\u00e9ment p\u00e9n\u00e9tr\u00e9es ne peuvent pas \u00eatre enlev\u00e9es par la seule hygi\u00e8ne buccale. Dans certains cas, m\u00eame un nettoyage dentaire professionnel peut ne plus \u00eatre suffisant. Le blanchiment peut \u00e9claircir les dents d&rsquo;une ou deux teintes.<\/p>\n<p><strong>Exigences<br \/>\n<\/strong>Le blanchiment peut \u00eatre effectu\u00e9 sur tout patient adulte apr\u00e8s avoir observ\u00e9 les points suivants. Il ne doit pas y avoir de carie dans la zone de blanchiment, les gencives doivent \u00eatre saines et les dents doivent \u00eatre exemptes de plaque dentaire. Parce que seules des dents propres peuvent \u00eatre blanchies efficacement. Si ce n&rsquo;est pas le cas, un nettoyage professionnel des dents peut \u00eatre une aide efficace.<\/p>\n<p>Il y a aussi des cas o\u00f9 le blanchiment n&rsquo;a aucun effet. Parce que les plombages ou les couronnes ne peuvent pas \u00eatre blanchis. Ils peuvent donc appara\u00eetre plus sombres apr\u00e8s un traitement.[\/vc_column_text][\/vc_column][\/vc_row][vc_row css=\u00a0\u00bb.vc_custom_1578054941422{margin-top: -70px !important;margin-bottom: -70px !important;}\u00a0\u00bb][vc_column][vc_column_text]\n<h3 class=\"special-title\" style=\"text-align: center;\"><strong>\u00c0 quoi s\u2019attendre?<\/strong><\/h3>\n[\/vc_column_text][vc_column_text]L&rsquo;ingr\u00e9dient actif de la mati\u00e8re de blanchiment est le p\u00e9roxyde d&rsquo;hydrog\u00e8ne. Il p\u00e9n\u00e8tre dans l&rsquo;\u00e9mail et la dentine et lib\u00e8re de l&rsquo;oxyg\u00e8ne actif. Les mol\u00e9cules de couleur changent alors et prennent une apparence incolore. Les dents ne sont pas affaiblies. Car les agents au pH neutre n&rsquo;attaquent pas les dents et aucun min\u00e9ral n&rsquo;est extrait. Cela n&rsquo;entra\u00eene pas l&rsquo;\u00e9limination de la mati\u00e8re colorante de la dent, mais un changement chimique qui fait appara\u00eetre les mol\u00e9cules d\u00e9color\u00e9es comme incolores\/\u00a0\u00bbinvisibles\u00a0\u00bb.<\/p>\n<p>Une sensibilit\u00e9 dentaire temporaire peut survenir pendant ou peu apr\u00e8s le traitement. Mais celle-ci dispara\u00eet rapidement.<\/p>\n<p>Vous pouvez vous renseigner sur les diff\u00e9rentes options de blanchiment qui peuvent \u00eatre utilis\u00e9es dans votre cas lors d&rsquo;une consultation dans notre cabinet.[\/vc_column_text][vc_empty_space height=\u00a0\u00bb3rem\u00a0\u00bb][\/vc_column][\/vc_row][vc_row full_width=\u00a0\u00bbstretch_row\u00a0\u00bb curly_padding=\u00a0\u00bbcontent-padding-xs\u00a0\u00bb el_class=\u00a0\u00bbcolor&#8211;text-inverted\u00a0\u00bb css=\u00a0\u00bb.vc_custom_1558601125466{margin-top: 30px !important;background-color: #86c9e8 !important;}\u00a0\u00bb][vc_column][vc_column_text css=\u00a0\u00bb\u00a0\u00bb]\n<p class=\"lead lead-lg\" style=\"text-align: center;\">Vous pouvez nous joindre par t\u00e9l\u00e9phone au <a href=\"tel:352290022\">+352 290 022<\/a>.<br \/>\n<strong>Horaires d&rsquo;ouverture:<\/strong> lundi et mardi de 8 h 00 \u00e0 18 h 00, mercredi de 8 h 00 \u00e0 14 h 00, jeudi de 11 h 00 \u00e0 18 h 00 et vendredi de 8 h 00 \u00e0 13 h 00.<br \/>\nVous pouvez \u00e9galement nous envoyer un e-mail \u00e0 <a href=\"mailto:kontakt@drjung.lu\"><span style=\"text-decoration: underline;\">kontakt@drjung.lu<\/span> <\/a>. ou envoyer un WhatsApp au +352 621 236 568.<\/p>\n[\/vc_column_text][\/vc_column][\/vc_row][vc_column][\/vc_column]\n<\/div>","protected":false},"excerpt":{"rendered":"<p>[vc_row][vc_column][vc_column_text] Blanchiment [\/vc_column_text][\/vc_column][\/vc_row][vc_row curly_padding=\u00a0\u00bbcontent-padding\u00a0\u00bb css=\u00a0\u00bb.vc_custom_1578055900113{margin-bottom: 30px !important;padding-top: 0px !important;}\u00a0\u00bb][vc_column width=\u00a0\u00bb5\/6&Prime; offset=\u00a0\u00bbvc_col-md-offset-2 vc_col-md-8 vc_col-sm-offset-1&Prime;][vc_empty_space height=\u00a0\u00bb\u00a0\u00bb el_class=\u00a0\u00bbxtd-spacer&#8211;lg\u00a0\u00bb][\/vc_column][\/vc_row][vc_row full_width=\u00a0\u00bbstretch_row\u00a0\u00bb css=\u00a0\u00bb.vc_custom_1578055970798{margin-bottom: 40px !important;padding-top: 40px !important;padding-bottom: 40px !important;background-color: #f7f7f7 !important;}\u00a0\u00bb][vc_column][vc_column_text]La couleur des dents est tr\u00e8s individuelle d&rsquo;une personne \u00e0 l&rsquo;autre. Elle \u00e9volue avec l&rsquo;\u00e2ge ainsi que par le stockage de colorants (caf\u00e9, th\u00e9, tabac, vin rouge, etc.). Les d\u00e9colorations profond\u00e9ment p\u00e9n\u00e9tr\u00e9es ne peuvent pas \u00eatre [&hellip;]<\/p>\n","protected":false},"author":1,"featured_media":0,"parent":0,"menu_order":0,"comment_status":"closed","ping_status":"closed","template":"","meta":{"inline_featured_image":false,"footnotes":""},"class_list":["post-1961","page","type-page","status-publish","hentry"],"yoast_head":"<!-- This site is optimized with the Yoast SEO plugin v24.8.1 - https:\/\/yoast.com\/wordpress\/plugins\/seo\/ -->\n<title>Blanchiment - Zahnarztpraxis Jung in Luxembourg<\/title>\n<meta name=\"description\" content=\"Zahnarzt Jung in Luxemburg | Cabinet Dentaire Dr. Jung - Zahnarztpraxis als Familienunternehmen in der zweiten Generation. Bleaching...\" \/>\n<meta name=\"robots\" content=\"index, follow, max-snippet:-1, max-image-preview:large, max-video-preview:-1\" \/>\n<link rel=\"canonical\" href=\"https:\/\/drjung.lu\/fr\/blanchiment\/\" \/>\n<meta property=\"og:locale\" content=\"fr_FR\" \/>\n<meta property=\"og:type\" content=\"article\" \/>\n<meta property=\"og:title\" content=\"Blanchiment - Zahnarztpraxis Jung in Luxembourg\" \/>\n<meta property=\"og:description\" content=\"Zahnarzt Jung in Luxemburg | Cabinet Dentaire Dr. Jung - Zahnarztpraxis als Familienunternehmen in der zweiten Generation. Bleaching...\" \/>\n<meta property=\"og:url\" content=\"https:\/\/drjung.lu\/fr\/blanchiment\/\" \/>\n<meta property=\"og:site_name\" content=\"Zahnarztpraxis Jung in Luxembourg\" \/>\n<meta property=\"article:modified_time\" content=\"2025-05-22T11:27:40+00:00\" \/>\n<meta name=\"twitter:card\" content=\"summary_large_image\" \/>\n<meta name=\"twitter:label1\" content=\"Dur\u00e9e de lecture estim\u00e9e\" \/>\n\t<meta name=\"twitter:data1\" content=\"3 minutes\" \/>\n<script type=\"application\/ld+json\" class=\"yoast-schema-graph\">{\"@context\":\"https:\/\/schema.org\",\"@graph\":[{\"@type\":\"WebPage\",\"@id\":\"https:\/\/drjung.lu\/fr\/blanchiment\/\",\"url\":\"https:\/\/drjung.lu\/fr\/blanchiment\/\",\"name\":\"Blanchiment - Zahnarztpraxis Jung in Luxembourg\",\"isPartOf\":{\"@id\":\"https:\/\/drjung.lu\/fr\/#website\"},\"datePublished\":\"2020-01-03T12:12:52+00:00\",\"dateModified\":\"2025-05-22T11:27:40+00:00\",\"description\":\"Zahnarzt Jung in Luxemburg | Cabinet Dentaire Dr. Jung - Zahnarztpraxis als Familienunternehmen in der zweiten Generation. Bleaching...\",\"breadcrumb\":{\"@id\":\"https:\/\/drjung.lu\/fr\/blanchiment\/#breadcrumb\"},\"inLanguage\":\"fr-FR\",\"potentialAction\":[{\"@type\":\"ReadAction\",\"target\":[\"https:\/\/drjung.lu\/fr\/blanchiment\/\"]}]},{\"@type\":\"BreadcrumbList\",\"@id\":\"https:\/\/drjung.lu\/fr\/blanchiment\/#breadcrumb\",\"itemListElement\":[{\"@type\":\"ListItem\",\"position\":1,\"name\":\"Startseite\",\"item\":\"https:\/\/drjung.lu\/fr\/\"},{\"@type\":\"ListItem\",\"position\":2,\"name\":\"Blanchiment\"}]},{\"@type\":\"WebSite\",\"@id\":\"https:\/\/drjung.lu\/fr\/#website\",\"url\":\"https:\/\/drjung.lu\/fr\/\",\"name\":\"Zahnarztpraxis Jung in Luxembourg\",\"description\":\"\",\"publisher\":{\"@id\":\"https:\/\/drjung.lu\/fr\/#organization\"},\"potentialAction\":[{\"@type\":\"SearchAction\",\"target\":{\"@type\":\"EntryPoint\",\"urlTemplate\":\"https:\/\/drjung.lu\/fr\/?s={search_term_string}\"},\"query-input\":{\"@type\":\"PropertyValueSpecification\",\"valueRequired\":true,\"valueName\":\"search_term_string\"}}],\"inLanguage\":\"fr-FR\"},{\"@type\":\"Organization\",\"@id\":\"https:\/\/drjung.lu\/fr\/#organization\",\"name\":\"Zahnarztpraxis Jung in Luxembourg\",\"url\":\"https:\/\/drjung.lu\/fr\/\",\"logo\":{\"@type\":\"ImageObject\",\"inLanguage\":\"fr-FR\",\"@id\":\"https:\/\/drjung.lu\/fr\/#\/schema\/logo\/image\/\",\"url\":\"https:\/\/drjung.lu\/wp-content\/uploads\/2020\/06\/logo-jung.png\",\"contentUrl\":\"https:\/\/drjung.lu\/wp-content\/uploads\/2020\/06\/logo-jung.png\",\"width\":300,\"height\":118,\"caption\":\"Zahnarztpraxis Jung in Luxembourg\"},\"image\":{\"@id\":\"https:\/\/drjung.lu\/fr\/#\/schema\/logo\/image\/\"},\"sameAs\":[\"https:\/\/www.instagram.com\/cabinet_dentaire_jung\/\"]}]}<\/script>\n<!-- \/ Yoast SEO plugin. -->","yoast_head_json":{"title":"Blanchiment - Zahnarztpraxis Jung in Luxembourg","description":"Zahnarzt Jung in Luxemburg | Cabinet Dentaire Dr. Jung - Zahnarztpraxis als Familienunternehmen in der zweiten Generation. Bleaching...","robots":{"index":"index","follow":"follow","max-snippet":"max-snippet:-1","max-image-preview":"max-image-preview:large","max-video-preview":"max-video-preview:-1"},"canonical":"https:\/\/drjung.lu\/fr\/blanchiment\/","og_locale":"fr_FR","og_type":"article","og_title":"Blanchiment - Zahnarztpraxis Jung in Luxembourg","og_description":"Zahnarzt Jung in Luxemburg | Cabinet Dentaire Dr. Jung - Zahnarztpraxis als Familienunternehmen in der zweiten Generation. Bleaching...","og_url":"https:\/\/drjung.lu\/fr\/blanchiment\/","og_site_name":"Zahnarztpraxis Jung in Luxembourg","article_modified_time":"2025-05-22T11:27:40+00:00","twitter_card":"summary_large_image","twitter_misc":{"Dur\u00e9e de lecture estim\u00e9e":"3 minutes"},"schema":{"@context":"https:\/\/schema.org","@graph":[{"@type":"WebPage","@id":"https:\/\/drjung.lu\/fr\/blanchiment\/","url":"https:\/\/drjung.lu\/fr\/blanchiment\/","name":"Blanchiment - Zahnarztpraxis Jung in Luxembourg","isPartOf":{"@id":"https:\/\/drjung.lu\/fr\/#website"},"datePublished":"2020-01-03T12:12:52+00:00","dateModified":"2025-05-22T11:27:40+00:00","description":"Zahnarzt Jung in Luxemburg | Cabinet Dentaire Dr. Jung - Zahnarztpraxis als Familienunternehmen in der zweiten Generation. Bleaching...","breadcrumb":{"@id":"https:\/\/drjung.lu\/fr\/blanchiment\/#breadcrumb"},"inLanguage":"fr-FR","potentialAction":[{"@type":"ReadAction","target":["https:\/\/drjung.lu\/fr\/blanchiment\/"]}]},{"@type":"BreadcrumbList","@id":"https:\/\/drjung.lu\/fr\/blanchiment\/#breadcrumb","itemListElement":[{"@type":"ListItem","position":1,"name":"Startseite","item":"https:\/\/drjung.lu\/fr\/"},{"@type":"ListItem","position":2,"name":"Blanchiment"}]},{"@type":"WebSite","@id":"https:\/\/drjung.lu\/fr\/#website","url":"https:\/\/drjung.lu\/fr\/","name":"Zahnarztpraxis Jung in Luxembourg","description":"","publisher":{"@id":"https:\/\/drjung.lu\/fr\/#organization"},"potentialAction":[{"@type":"SearchAction","target":{"@type":"EntryPoint","urlTemplate":"https:\/\/drjung.lu\/fr\/?s={search_term_string}"},"query-input":{"@type":"PropertyValueSpecification","valueRequired":true,"valueName":"search_term_string"}}],"inLanguage":"fr-FR"},{"@type":"Organization","@id":"https:\/\/drjung.lu\/fr\/#organization","name":"Zahnarztpraxis Jung in Luxembourg","url":"https:\/\/drjung.lu\/fr\/","logo":{"@type":"ImageObject","inLanguage":"fr-FR","@id":"https:\/\/drjung.lu\/fr\/#\/schema\/logo\/image\/","url":"https:\/\/drjung.lu\/wp-content\/uploads\/2020\/06\/logo-jung.png","contentUrl":"https:\/\/drjung.lu\/wp-content\/uploads\/2020\/06\/logo-jung.png","width":300,"height":118,"caption":"Zahnarztpraxis Jung in Luxembourg"},"image":{"@id":"https:\/\/drjung.lu\/fr\/#\/schema\/logo\/image\/"},"sameAs":["https:\/\/www.instagram.com\/cabinet_dentaire_jung\/"]}]}},"_links":{"self":[{"href":"https:\/\/drjung.lu\/fr\/wp-json\/wp\/v2\/pages\/1961","targetHints":{"allow":["GET"]}}],"collection":[{"href":"https:\/\/drjung.lu\/fr\/wp-json\/wp\/v2\/pages"}],"about":[{"href":"https:\/\/drjung.lu\/fr\/wp-json\/wp\/v2\/types\/page"}],"author":[{"embeddable":true,"href":"https:\/\/drjung.lu\/fr\/wp-json\/wp\/v2\/users\/1"}],"replies":[{"embeddable":true,"href":"https:\/\/drjung.lu\/fr\/wp-json\/wp\/v2\/comments?post=1961"}],"version-history":[{"count":5,"href":"https:\/\/drjung.lu\/fr\/wp-json\/wp\/v2\/pages\/1961\/revisions"}],"predecessor-version":[{"id":2585,"href":"https:\/\/drjung.lu\/fr\/wp-json\/wp\/v2\/pages\/1961\/revisions\/2585"}],"wp:attachment":[{"href":"https:\/\/drjung.lu\/fr\/wp-json\/wp\/v2\/media?parent=1961"}],"curies":[{"name":"wp","href":"https:\/\/api.w.org\/{rel}","templated":true}]}}