{"id":1957,"date":"2019-09-23T14:18:24","date_gmt":"2019-09-23T12:18:24","guid":{"rendered":"https:\/\/www.drjung.lu\/zahnersatz\/"},"modified":"2025-05-22T13:56:21","modified_gmt":"2025-05-22T11:56:21","slug":"protheses-dentaires-et-dents-artificielles","status":"publish","type":"page","link":"https:\/\/drjung.lu\/fr\/protheses-dentaires-et-dents-artificielles\/","title":{"rendered":"Proth\u00e8ses dentaires et dents artificielles"},"content":{"rendered":"<div class=\"wpb-content-wrapper\">[vc_row content_placement=\u00a0\u00bbmiddle\u00a0\u00bb curly_padding=\u00a0\u00bbcontent-padding-xl\u00a0\u00bb][vc_column width=\u00a0\u00bb5\/6&Prime; offset=\u00a0\u00bbvc_col-lg-offset-0 vc_col-lg-5 vc_col-sm-offset-1&Prime; el_class=\u00a0\u00bbumbruch\u00a0\u00bb][vc_column_text]\n<h3 class=\"special-title\" style=\"text-align: left;\">Quand on perd ses dents<\/h3>\n[\/vc_column_text][vc_column_text]Les causes relatives aux dents manquantes peuvent \u00eatre multiples. Par exemple, les dents peuvent \u00eatre perdues en raison de maladies de la structure dentaire et du parodonte ou de traumatismes, ou elles peuvent ne pas \u00eatre pr\u00e9sentes d\u00e8s la naissance. Le r\u00e9sultat est un espace vide dans la dentition. Si cela conduit \u00e0 une restriction de l&rsquo;esth\u00e9tique, de la prononciation et de la fonction masticatoire ou au d\u00e9placement des dents, il faut les traiter. Le type de traitement d\u00e9pend de certains crit\u00e8res tels que le nombre de dents manquantes, la r\u00e9partition et l&rsquo;\u00e9tat des dents restantes et les souhaits et possibilit\u00e9s du patient. La situation globale est prise en compte et une solution individuelle avec des alternatives possibles est propos\u00e9e.[\/vc_column_text][vc_empty_space height=\u00a0\u00bb3rem\u00a0\u00bb][\/vc_column][vc_column width=\u00a0\u00bb5\/6&Prime; offset=\u00a0\u00bbvc_col-lg-6 vc_col-sm-offset-1&Prime;][vc_single_image image=\u00a0\u00bb1477&Prime; img_size=\u00a0\u00bbfull\u00a0\u00bb alignment=\u00a0\u00bbcenter\u00a0\u00bb el_class=\u00a0\u00bbxtd-offset-dots-rechts\u00a0\u00bb][\/vc_column][\/vc_row][vc_row full_width=\u00a0\u00bbstretch_row\u00a0\u00bb content_placement=\u00a0\u00bbtop\u00a0\u00bb css=\u00a0\u00bb.vc_custom_1569251129319{margin-top: -80px !important;background-color: #f7f7f7 !important;}\u00a0\u00bb][vc_column offset=\u00a0\u00bbvc_col-lg-12&Prime; css=\u00a0\u00bb.vc_custom_1569252954934{padding-right: 50px !important;}\u00a0\u00bb][vc_column_text]\n<h3 class=\"special-title\" style=\"text-align: center;\"><strong>Quelles sont les cons\u00e9quences?<\/strong><\/h3>\n[\/vc_column_text][vc_column_text el_class=\u00a0\u00bbumbruch\u00a0\u00bb]La perte de dents et l&rsquo;\u00e9cart qui en r\u00e9sulte peuvent entra\u00eener des restrictions pour le patient. Si, par exemple, une dent est perdue \u00e0 l&rsquo;avant \u00e0 la suite d&rsquo;un accident de sport, l&rsquo;\u00e9cart dans cette zone entra\u00eene une alt\u00e9ration de l&rsquo;esth\u00e9tique. La formation de la parole, en particulier des sons S, peut \u00e9galement \u00eatre limit\u00e9e. En cas de perte de dents dans la r\u00e9gion post\u00e9rieure, la fonction masticatoire peut \u00eatre limit\u00e9e. Si les dents voisines ne sont plus soutenues par les espaces, elles peuvent commencer \u00e0 migrer en faveur de l&rsquo;\u00e9quilibre des forces. Cela entra\u00eene une inclinaison dans l&rsquo;espace ou les antagonistes (dents oppos\u00e9es) se d\u00e9placent vers le haut ou vers le bas dans l&rsquo;espace. Cela conduit \u00e0 la formation de niches de salet\u00e9 et \u00e0 des perturbations lors de la morsure des dents. \u00c0 long terme, on peut perdre encore plus de dents de cette fa\u00e7on.[\/vc_column_text][\/vc_column][\/vc_row][vc_row full_width=\u00a0\u00bbstretch_row\u00a0\u00bb content_placement=\u00a0\u00bbmiddle\u00a0\u00bb css=\u00a0\u00bb.vc_custom_1569253388560{margin-top: -80px !important;background-color: #f7f7f7 !important;}\u00a0\u00bb][vc_column width=\u00a0\u00bb5\/6&Prime; offset=\u00a0\u00bbvc_col-lg-5&Prime; css=\u00a0\u00bb.vc_custom_1581678687439{padding-right: 40px !important;}\u00a0\u00bb][vc_single_image image=\u00a0\u00bb1537&Prime; img_size=\u00a0\u00bblarge\u00a0\u00bb el_class=\u00a0\u00bbxtd-offset-dots-links\u00a0\u00bb][\/vc_column][vc_column width=\u00a0\u00bb5\/6&Prime; offset=\u00a0\u00bbvc_col-lg-6 vc_col-sm-offset-1&Prime;][vc_column_text]\n<h3 class=\"special-title\" style=\"text-align: center;\"><strong>Comment pouvons-nous vous aider?<\/strong><\/h3>\n[\/vc_column_text][vc_column_text el_class=\u00a0\u00bbumbruch\u00a0\u00bb]Le type de traitement des espaces entre les dents d\u00e9pend de l&rsquo;ampleur de la perte de dents. Le nombre de dents manquantes et l&rsquo;espace qui en r\u00e9sulte doivent \u00eatre pris en compte. On distingue essentiellement les proth\u00e8ses fixes et les proth\u00e8ses amovibles. Les proth\u00e8ses fixes peuvent \u00eatre fix\u00e9es sur les propres dents du patient ou sur des implants et ne peuvent pas \u00eatre retir\u00e9es de la bouche par le patient. Des proth\u00e8ses amovibles peuvent \u00e9galement \u00eatre r\u00e9alis\u00e9es sur les propres dents du patient ou sur des implants. Elles peuvent \u00eatre retir\u00e9es de la bouche par le patient pour \u00eatre nettoy\u00e9es. S&rsquo;il n&rsquo;y a plus de dents, la proth\u00e8se est soutenue uniquement par la muqueuse. Les proth\u00e8ses amovibles peuvent \u00eatre divis\u00e9es en proth\u00e8ses t\u00e9lescopiques, en proth\u00e8ses \u00e0 crochets et en proth\u00e8ses totales, selon les options de fixation.[\/vc_column_text][\/vc_column][\/vc_row][vc_row full_width=\u00a0\u00bbstretch_row\u00a0\u00bb content_placement=\u00a0\u00bbmiddle\u00a0\u00bb][vc_column offset=\u00a0\u00bbvc_col-lg-offset-0 vc_col-lg-12 vc_col-sm-offset-1&Prime;][vc_column_text]\n<h3 class=\"special-title\" style=\"text-align: center;\"><strong>\u00c0 quoi s\u2019attendre?<\/strong><\/h3>\n[\/vc_column_text][vc_column_text]Avant de proc\u00e9der \u00e0 la r\u00e9alisation d\u2019un dentier, une \u00e9valuation de votre situation individuelle sera n\u00e9cessaire. Une planification d\u00e9taill\u00e9e sera faite en tenant compte de la situation actuelle et de vos souhaits personnels. L&rsquo;accent sera mis sur la situation g\u00e9n\u00e9rale et, par exemple, les caries ou les maladies des gencives existantes devront \u00eatre pr\u00e9trait\u00e9es. La proc\u00e9dure d\u00e9pendra du type de traitement.[\/vc_column_text][\/vc_column][\/vc_row][vc_row content_placement=\u00a0\u00bbmiddle\u00a0\u00bb curly_padding=\u00a0\u00bbcontent-padding-none\u00a0\u00bb][vc_column width=\u00a0\u00bb5\/6&Prime; offset=\u00a0\u00bbvc_col-lg-offset-0 vc_col-lg-5 vc_col-sm-offset-1&Prime; el_class=\u00a0\u00bbumbruch\u00a0\u00bb][vc_column_text]Si le dentier est fix\u00e9 sur des dents naturelles comme d\u00e9crit ci-dessus, celles-ci seront d&rsquo;abord meul\u00e9es. Ensuite, la situation de ces dents meul\u00e9es est transf\u00e9r\u00e9e dans un mod\u00e8le en pl\u00e2tre \u00e0 l&rsquo;aide de porte-empreintes et de compos\u00e9s d&#8217;empreinte. Sur ce mod\u00e8le, le technicien peut effectuer le travail en laboratoire. Il r\u00e9alise pour vous un dentier temporaire pour la p\u00e9riode entre la prise d&#8217;empreinte et la mise en place du dentier d\u00e9finitif. Vous ne quitterez jamais notre cabinet \u00ab\u00a0sans\u00a0\u00bb dents. Selon le type de restauration, divers essais sont n\u00e9cessaires avant la pose d\u00e9finitive afin de v\u00e9rifier l&rsquo;ajustement, la fonction et l&rsquo;esth\u00e9tique.[\/vc_column_text][vc_empty_space height=\u00a0\u00bb3rem\u00a0\u00bb][\/vc_column][vc_column width=\u00a0\u00bb5\/6&Prime; offset=\u00a0\u00bbvc_col-lg-6 vc_col-sm-offset-1&Prime;][vc_single_image image=\u00a0\u00bb1478&Prime; img_size=\u00a0\u00bblarge\u00a0\u00bb alignment=\u00a0\u00bbcenter\u00a0\u00bb el_class=\u00a0\u00bbxtd-offset-dots-rechts\u00a0\u00bb][\/vc_column][\/vc_row][vc_row content_placement=\u00a0\u00bbmiddle\u00a0\u00bb curly_padding=\u00a0\u00bbcontent-padding-lg\u00a0\u00bb][vc_column width=\u00a0\u00bb5\/6&Prime; offset=\u00a0\u00bbvc_col-lg-offset-0 vc_col-lg-5&Prime;][vc_single_image image=\u00a0\u00bb1539&Prime; img_size=\u00a0\u00bblarge\u00a0\u00bb alignment=\u00a0\u00bbcenter\u00a0\u00bb el_class=\u00a0\u00bbxtd-offset-dots-links\u00a0\u00bb][\/vc_column][vc_column width=\u00a0\u00bb5\/6&Prime; offset=\u00a0\u00bbvc_col-lg-6 vc_col-sm-offset-1&Prime;][vc_single_image image=\u00a0\u00bb1325&Prime; img_size=\u00a0\u00bblarge\u00a0\u00bb alignment=\u00a0\u00bbcenter\u00a0\u00bb el_class=\u00a0\u00bbxtd-offset-dots-rechts\u00a0\u00bb][\/vc_column][\/vc_row][vc_row full_width=\u00a0\u00bbstretch_row\u00a0\u00bb content_placement=\u00a0\u00bbmiddle\u00a0\u00bb css=\u00a0\u00bb.vc_custom_1568299114313{background-color: #f7f7f7 !important;}\u00a0\u00bb][vc_column offset=\u00a0\u00bbvc_col-lg-offset-0 vc_col-lg-12 vc_col-sm-offset-1&Prime; el_class=\u00a0\u00bbumbruch\u00a0\u00bb][vc_column_text]\n<h3 class=\"special-title\" style=\"text-align: center;\"><strong>Que pouvez-vous faire vous-m\u00eame?<\/strong><\/h3>\n[\/vc_column_text][vc_column_text]Apr\u00e8s la mise en place du dentier, des contr\u00f4les r\u00e9guliers sont n\u00e9cessaires. Si les gencives ou les tissus durs des dents restantes r\u00e9apparaissent, le probl\u00e8me peut \u00eatre d\u00e9tect\u00e9 pr\u00e9cocement et un traitement peu invasif peut \u00eatre appliqu\u00e9. Il est important de proc\u00e9der r\u00e9guli\u00e8rement \u00e0 un nettoyage professionnel des dents et \u00e0 des contr\u00f4les d&rsquo;hygi\u00e8ne bucco-dentaire pour pr\u00e9venir l&rsquo;apparition d&rsquo;une nouvelle maladie.[\/vc_column_text][\/vc_column][\/vc_row][vc_row full_width=\u00a0\u00bbstretch_row\u00a0\u00bb curly_padding=\u00a0\u00bbcontent-padding-xs\u00a0\u00bb el_class=\u00a0\u00bbcolor&#8211;text-inverted xtd-background-animation&#8211;left-right\u00a0\u00bb css=\u00a0\u00bb.vc_custom_1568125031529{background-color: #86c9e8 !important;}\u00a0\u00bb][vc_column][vc_column_text css=\u00a0\u00bb\u00a0\u00bb]\n<p class=\"lead lead-lg\" style=\"text-align: center;\">Vous pouvez nous joindre par t\u00e9l\u00e9phone au <a href=\"tel:352290022\">+352 290 022<\/a>.<br \/>\n<strong>Horaires d&rsquo;ouverture:<\/strong> lundi et mardi de 8 h 00 \u00e0 18 h 00, mercredi de 8 h 00 \u00e0 14 h 00,\u00a0 jeudi de 11 h 00 \u00e0 18 h 00 et vendredi de 8 h 00 \u00e0 13 h 00.<br \/>\nVous pouvez \u00e9galement nous envoyer un e-mail \u00e0 <a href=\"mailto:kontakt@drjung.lu\"><span style=\"text-decoration: underline;\">kontakt@drjung.lu<\/span> <\/a>. ou envoyer un WhatsApp au +352 621 236 568.<\/p>\n[\/vc_column_text][\/vc_column][\/vc_row]\n<\/div>","protected":false},"excerpt":{"rendered":"<p>[vc_row content_placement=\u00a0\u00bbmiddle\u00a0\u00bb curly_padding=\u00a0\u00bbcontent-padding-xl\u00a0\u00bb][vc_column width=\u00a0\u00bb5\/6&Prime; offset=\u00a0\u00bbvc_col-lg-offset-0 vc_col-lg-5 vc_col-sm-offset-1&Prime; el_class=\u00a0\u00bbumbruch\u00a0\u00bb][vc_column_text] Quand on perd ses dents [\/vc_column_text][vc_column_text]Les causes relatives aux dents manquantes peuvent \u00eatre multiples. Par exemple, les dents peuvent \u00eatre perdues en raison de maladies de la structure dentaire et du parodonte ou de traumatismes, ou elles peuvent ne pas \u00eatre pr\u00e9sentes d\u00e8s la naissance. Le r\u00e9sultat est un espace vide dans [&hellip;]<\/p>\n","protected":false},"author":1,"featured_media":0,"parent":0,"menu_order":0,"comment_status":"closed","ping_status":"closed","template":"","meta":{"inline_featured_image":false,"footnotes":""},"class_list":["post-1957","page","type-page","status-publish","hentry"],"yoast_head":"<!-- This site is optimized with the Yoast SEO plugin v24.8.1 - https:\/\/yoast.com\/wordpress\/plugins\/seo\/ -->\n<title>Proth\u00e8ses dentaires et dents artificielles - Zahnarztpraxis Jung in Luxembourg<\/title>\n<meta name=\"description\" content=\"Zahnarzt Jung in Luxemburg | Cabinet Dentaire Dr. Jung - Zahnarztpraxis als Familienunternehmen in der zweiten Generation. Mehr erfahren \u00fcber Zahnersatz\" \/>\n<meta name=\"robots\" content=\"index, follow, max-snippet:-1, max-image-preview:large, max-video-preview:-1\" \/>\n<link rel=\"canonical\" href=\"https:\/\/drjung.lu\/fr\/protheses-dentaires-et-dents-artificielles\/\" \/>\n<meta property=\"og:locale\" content=\"fr_FR\" \/>\n<meta property=\"og:type\" content=\"article\" \/>\n<meta property=\"og:title\" content=\"Proth\u00e8ses dentaires et dents artificielles - Zahnarztpraxis Jung in Luxembourg\" \/>\n<meta property=\"og:description\" content=\"Zahnarzt Jung in Luxemburg | Cabinet Dentaire Dr. Jung - Zahnarztpraxis als Familienunternehmen in der zweiten Generation. Mehr erfahren \u00fcber Zahnersatz\" \/>\n<meta property=\"og:url\" content=\"https:\/\/drjung.lu\/fr\/protheses-dentaires-et-dents-artificielles\/\" \/>\n<meta property=\"og:site_name\" content=\"Zahnarztpraxis Jung in Luxembourg\" \/>\n<meta property=\"article:modified_time\" content=\"2025-05-22T11:56:21+00:00\" \/>\n<meta name=\"twitter:card\" content=\"summary_large_image\" \/>\n<meta name=\"twitter:label1\" content=\"Dur\u00e9e de lecture estim\u00e9e\" \/>\n\t<meta name=\"twitter:data1\" content=\"6 minutes\" \/>\n<script type=\"application\/ld+json\" class=\"yoast-schema-graph\">{\"@context\":\"https:\/\/schema.org\",\"@graph\":[{\"@type\":\"WebPage\",\"@id\":\"https:\/\/drjung.lu\/fr\/protheses-dentaires-et-dents-artificielles\/\",\"url\":\"https:\/\/drjung.lu\/fr\/protheses-dentaires-et-dents-artificielles\/\",\"name\":\"Proth\u00e8ses dentaires et dents artificielles - Zahnarztpraxis Jung in Luxembourg\",\"isPartOf\":{\"@id\":\"https:\/\/drjung.lu\/fr\/#website\"},\"datePublished\":\"2019-09-23T12:18:24+00:00\",\"dateModified\":\"2025-05-22T11:56:21+00:00\",\"description\":\"Zahnarzt Jung in Luxemburg | Cabinet Dentaire Dr. Jung - Zahnarztpraxis als Familienunternehmen in der zweiten Generation. Mehr erfahren \u00fcber Zahnersatz\",\"breadcrumb\":{\"@id\":\"https:\/\/drjung.lu\/fr\/protheses-dentaires-et-dents-artificielles\/#breadcrumb\"},\"inLanguage\":\"fr-FR\",\"potentialAction\":[{\"@type\":\"ReadAction\",\"target\":[\"https:\/\/drjung.lu\/fr\/protheses-dentaires-et-dents-artificielles\/\"]}]},{\"@type\":\"BreadcrumbList\",\"@id\":\"https:\/\/drjung.lu\/fr\/protheses-dentaires-et-dents-artificielles\/#breadcrumb\",\"itemListElement\":[{\"@type\":\"ListItem\",\"position\":1,\"name\":\"Startseite\",\"item\":\"https:\/\/drjung.lu\/fr\/\"},{\"@type\":\"ListItem\",\"position\":2,\"name\":\"Proth\u00e8ses dentaires et dents artificielles\"}]},{\"@type\":\"WebSite\",\"@id\":\"https:\/\/drjung.lu\/fr\/#website\",\"url\":\"https:\/\/drjung.lu\/fr\/\",\"name\":\"Zahnarztpraxis Jung in Luxembourg\",\"description\":\"\",\"publisher\":{\"@id\":\"https:\/\/drjung.lu\/fr\/#organization\"},\"potentialAction\":[{\"@type\":\"SearchAction\",\"target\":{\"@type\":\"EntryPoint\",\"urlTemplate\":\"https:\/\/drjung.lu\/fr\/?s={search_term_string}\"},\"query-input\":{\"@type\":\"PropertyValueSpecification\",\"valueRequired\":true,\"valueName\":\"search_term_string\"}}],\"inLanguage\":\"fr-FR\"},{\"@type\":\"Organization\",\"@id\":\"https:\/\/drjung.lu\/fr\/#organization\",\"name\":\"Zahnarztpraxis Jung in Luxembourg\",\"url\":\"https:\/\/drjung.lu\/fr\/\",\"logo\":{\"@type\":\"ImageObject\",\"inLanguage\":\"fr-FR\",\"@id\":\"https:\/\/drjung.lu\/fr\/#\/schema\/logo\/image\/\",\"url\":\"https:\/\/drjung.lu\/wp-content\/uploads\/2020\/06\/logo-jung.png\",\"contentUrl\":\"https:\/\/drjung.lu\/wp-content\/uploads\/2020\/06\/logo-jung.png\",\"width\":300,\"height\":118,\"caption\":\"Zahnarztpraxis Jung in Luxembourg\"},\"image\":{\"@id\":\"https:\/\/drjung.lu\/fr\/#\/schema\/logo\/image\/\"},\"sameAs\":[\"https:\/\/www.instagram.com\/cabinet_dentaire_jung\/\"]}]}<\/script>\n<!-- \/ Yoast SEO plugin. -->","yoast_head_json":{"title":"Proth\u00e8ses dentaires et dents artificielles - Zahnarztpraxis Jung in Luxembourg","description":"Zahnarzt Jung in Luxemburg | Cabinet Dentaire Dr. Jung - Zahnarztpraxis als Familienunternehmen in der zweiten Generation. Mehr erfahren \u00fcber Zahnersatz","robots":{"index":"index","follow":"follow","max-snippet":"max-snippet:-1","max-image-preview":"max-image-preview:large","max-video-preview":"max-video-preview:-1"},"canonical":"https:\/\/drjung.lu\/fr\/protheses-dentaires-et-dents-artificielles\/","og_locale":"fr_FR","og_type":"article","og_title":"Proth\u00e8ses dentaires et dents artificielles - Zahnarztpraxis Jung in Luxembourg","og_description":"Zahnarzt Jung in Luxemburg | Cabinet Dentaire Dr. Jung - Zahnarztpraxis als Familienunternehmen in der zweiten Generation. Mehr erfahren \u00fcber Zahnersatz","og_url":"https:\/\/drjung.lu\/fr\/protheses-dentaires-et-dents-artificielles\/","og_site_name":"Zahnarztpraxis Jung in Luxembourg","article_modified_time":"2025-05-22T11:56:21+00:00","twitter_card":"summary_large_image","twitter_misc":{"Dur\u00e9e de lecture estim\u00e9e":"6 minutes"},"schema":{"@context":"https:\/\/schema.org","@graph":[{"@type":"WebPage","@id":"https:\/\/drjung.lu\/fr\/protheses-dentaires-et-dents-artificielles\/","url":"https:\/\/drjung.lu\/fr\/protheses-dentaires-et-dents-artificielles\/","name":"Proth\u00e8ses dentaires et dents artificielles - Zahnarztpraxis Jung in Luxembourg","isPartOf":{"@id":"https:\/\/drjung.lu\/fr\/#website"},"datePublished":"2019-09-23T12:18:24+00:00","dateModified":"2025-05-22T11:56:21+00:00","description":"Zahnarzt Jung in Luxemburg | Cabinet Dentaire Dr. Jung - Zahnarztpraxis als Familienunternehmen in der zweiten Generation. Mehr erfahren \u00fcber Zahnersatz","breadcrumb":{"@id":"https:\/\/drjung.lu\/fr\/protheses-dentaires-et-dents-artificielles\/#breadcrumb"},"inLanguage":"fr-FR","potentialAction":[{"@type":"ReadAction","target":["https:\/\/drjung.lu\/fr\/protheses-dentaires-et-dents-artificielles\/"]}]},{"@type":"BreadcrumbList","@id":"https:\/\/drjung.lu\/fr\/protheses-dentaires-et-dents-artificielles\/#breadcrumb","itemListElement":[{"@type":"ListItem","position":1,"name":"Startseite","item":"https:\/\/drjung.lu\/fr\/"},{"@type":"ListItem","position":2,"name":"Proth\u00e8ses dentaires et dents artificielles"}]},{"@type":"WebSite","@id":"https:\/\/drjung.lu\/fr\/#website","url":"https:\/\/drjung.lu\/fr\/","name":"Zahnarztpraxis Jung in Luxembourg","description":"","publisher":{"@id":"https:\/\/drjung.lu\/fr\/#organization"},"potentialAction":[{"@type":"SearchAction","target":{"@type":"EntryPoint","urlTemplate":"https:\/\/drjung.lu\/fr\/?s={search_term_string}"},"query-input":{"@type":"PropertyValueSpecification","valueRequired":true,"valueName":"search_term_string"}}],"inLanguage":"fr-FR"},{"@type":"Organization","@id":"https:\/\/drjung.lu\/fr\/#organization","name":"Zahnarztpraxis Jung in Luxembourg","url":"https:\/\/drjung.lu\/fr\/","logo":{"@type":"ImageObject","inLanguage":"fr-FR","@id":"https:\/\/drjung.lu\/fr\/#\/schema\/logo\/image\/","url":"https:\/\/drjung.lu\/wp-content\/uploads\/2020\/06\/logo-jung.png","contentUrl":"https:\/\/drjung.lu\/wp-content\/uploads\/2020\/06\/logo-jung.png","width":300,"height":118,"caption":"Zahnarztpraxis Jung in Luxembourg"},"image":{"@id":"https:\/\/drjung.lu\/fr\/#\/schema\/logo\/image\/"},"sameAs":["https:\/\/www.instagram.com\/cabinet_dentaire_jung\/"]}]}},"_links":{"self":[{"href":"https:\/\/drjung.lu\/fr\/wp-json\/wp\/v2\/pages\/1957","targetHints":{"allow":["GET"]}}],"collection":[{"href":"https:\/\/drjung.lu\/fr\/wp-json\/wp\/v2\/pages"}],"about":[{"href":"https:\/\/drjung.lu\/fr\/wp-json\/wp\/v2\/types\/page"}],"author":[{"embeddable":true,"href":"https:\/\/drjung.lu\/fr\/wp-json\/wp\/v2\/users\/1"}],"replies":[{"embeddable":true,"href":"https:\/\/drjung.lu\/fr\/wp-json\/wp\/v2\/comments?post=1957"}],"version-history":[{"count":5,"href":"https:\/\/drjung.lu\/fr\/wp-json\/wp\/v2\/pages\/1957\/revisions"}],"predecessor-version":[{"id":2599,"href":"https:\/\/drjung.lu\/fr\/wp-json\/wp\/v2\/pages\/1957\/revisions\/2599"}],"wp:attachment":[{"href":"https:\/\/drjung.lu\/fr\/wp-json\/wp\/v2\/media?parent=1957"}],"curies":[{"name":"wp","href":"https:\/\/api.w.org\/{rel}","templated":true}]}}