{"id":1948,"date":"2019-09-17T16:32:39","date_gmt":"2019-09-17T14:32:39","guid":{"rendered":"https:\/\/www.drjung.lu\/wurzelkanalbehandlung\/"},"modified":"2025-05-22T16:58:19","modified_gmt":"2025-05-22T14:58:19","slug":"traitement-du-canal-radiculaire","status":"publish","type":"page","link":"https:\/\/drjung.lu\/fr\/traitement-du-canal-radiculaire\/","title":{"rendered":"Traitement du canal radiculaire"},"content":{"rendered":"<div class=\"wpb-content-wrapper\">[vc_row content_placement=\u00a0\u00bbmiddle\u00a0\u00bb][vc_column offset=\u00a0\u00bbvc_col-lg-offset-0 vc_col-lg-12 vc_col-sm-offset-1&Prime;][vc_column_text]\n<h2 class=\"special-title\" style=\"text-align: center;\">Traitement du canal radiculaire<\/h2>\n[\/vc_column_text][vc_column_text]Comment pr\u00e9server quand-m\u00eame des dents tr\u00e8s ab\u00eem\u00e9es.<em>\u00a0<\/em><em>\u201e<\/em><em>Cette dent a un gros probl\u00e8me. La d\u00e9composition avait tellement progress\u00e9 qu&rsquo;elle avait finalement atteint la pulpe, le \u00ab\u00a0nerf\u00a0\u00bb. L&rsquo;espace o\u00f9 se trouve la pulpe dans une dent saine est repr\u00e9sent\u00e9 ici en bleu et s&rsquo;appelle la chambre pulpaire. N\u00e9anmoins, la dent n&rsquo;est pas perdue. Elle peut \u00eatre trait\u00e9e.<\/em>[\/vc_column_text][\/vc_column][\/vc_row][vc_row content_placement=\u00a0\u00bbmiddle\u00a0\u00bb curly_padding=\u00a0\u00bbcontent-padding-none\u00a0\u00bb css=\u00a0\u00bb.vc_custom_1568732487325{margin-top: 30px !important;}\u00a0\u00bb][vc_column offset=\u00a0\u00bbvc_col-lg-offset-0 vc_col-lg-5 vc_col-sm-offset-1&Prime;][vc_column_text]\n<h3 class=\"special-title\" style=\"text-align: left;\"><strong>Quelle est la cause du probl\u00e8me?<\/strong><\/h3>\n[\/vc_column_text][vc_column_text]La carie est la cause la plus fr\u00e9quente. Elle commence g\u00e9n\u00e9ralement sur la surface qui fait face \u00e0 la dent voisine et se propage lentement vers la pulpe. La pulpe peut \u00e9galement \u00eatre ouverte par une fracture \/ une fracture de la couronne dentaire (par exemple, un accident de sport).[\/vc_column_text][vc_empty_space height=\u00a0\u00bb3rem\u00a0\u00bb][\/vc_column][vc_column offset=\u00a0\u00bbvc_col-lg-offset-1 vc_col-lg-6 vc_col-sm-offset-1&Prime;][vc_single_image image=\u00a0\u00bb1285&Prime; img_size=\u00a0\u00bblarge\u00a0\u00bb alignment=\u00a0\u00bbcenter\u00a0\u00bb el_class=\u00a0\u00bbxtd-offset-dots-rechts\u00a0\u00bb][\/vc_column][\/vc_row][vc_row content_placement=\u00a0\u00bbmiddle\u00a0\u00bb curly_padding=\u00a0\u00bbcontent-padding-xl\u00a0\u00bb css=\u00a0\u00bb.vc_custom_1569236615944{margin-top: -50px !important;margin-bottom: -140px !important;}\u00a0\u00bb][vc_column offset=\u00a0\u00bbvc_col-lg-offset-0 vc_col-lg-6 vc_col-sm-offset-1&Prime;][vc_single_image image=\u00a0\u00bb1319&Prime; img_size=\u00a0\u00bblarge\u00a0\u00bb alignment=\u00a0\u00bbcenter\u00a0\u00bb el_class=\u00a0\u00bbxtd-offset-dots-links\u00a0\u00bb][\/vc_column][vc_column offset=\u00a0\u00bbvc_col-lg-offset-1 vc_col-lg-5 vc_col-sm-offset-1&Prime;][vc_column_text]\n<h3 class=\"special-title\" style=\"text-align: left;\"><strong>Quelles sont les cons\u00e9quences?<\/strong><\/h3>\n[\/vc_column_text][vc_column_text]Une fois que les bact\u00e9ries des caries ont atteint la pulpe, elles se propagent \u00e0 l&rsquo;int\u00e9rieur de celle-ci. Par cons\u00e9quent, elle se n\u00e9crose avec le temps. Cela peut s&rsquo;accompagner d&rsquo;une inflammation aigu\u00eb de la pulpe et d&rsquo;une g\u00eane importante, ou bien cela peut se faire sans signes apparents. Les tissus environnants de l&rsquo;extr\u00e9mit\u00e9 des racines finiront par s&rsquo;enflammer.[\/vc_column_text][vc_empty_space height=\u00a0\u00bb3rem\u00a0\u00bb][\/vc_column][\/vc_row][vc_row content_placement=\u00a0\u00bbmiddle\u00a0\u00bb curly_padding=\u00a0\u00bbcontent-padding-lg\u00a0\u00bb][vc_column offset=\u00a0\u00bbvc_col-lg-offset-0 vc_col-lg-5 vc_col-sm-offset-1&Prime;][vc_column_text]\n<h3 class=\"special-title\" style=\"text-align: left;\"><strong>Comment pouvons-nous vous aider?<\/strong><\/h3>\n[\/vc_column_text][vc_column_text]La cavit\u00e9 de l&rsquo;ancienne pulpe offre des conditions optimales pour que les bact\u00e9ries se multiplient sans \u00eatre d\u00e9rang\u00e9es. Cet espace doit \u00eatre compl\u00e8tement lib\u00e9r\u00e9 des tissus de la pulpe morte ainsi que des bact\u00e9ries pr\u00e9sentes. Pour cela, on utilise dans un premier temps des instruments de canal pour \u00e9liminer les anciens tissus et les bact\u00e9ries. Cette op\u00e9ration est suivie d&rsquo;une d\u00e9sinfection approfondie et d&rsquo;une fermeture herm\u00e9tique de la cavit\u00e9 d\u00e9sormais propre.[\/vc_column_text][vc_empty_space height=\u00a0\u00bb3rem\u00a0\u00bb][\/vc_column][vc_column offset=\u00a0\u00bbvc_col-lg-offset-1 vc_col-lg-6 vc_col-sm-offset-1&Prime;][vc_single_image image=\u00a0\u00bb1318&Prime; img_size=\u00a0\u00bblarge\u00a0\u00bb alignment=\u00a0\u00bbcenter\u00a0\u00bb el_class=\u00a0\u00bbxtd-offset-dots-rechts\u00a0\u00bb][\/vc_column][\/vc_row][vc_row full_width=\u00a0\u00bbstretch_row\u00a0\u00bb content_placement=\u00a0\u00bbmiddle\u00a0\u00bb css=\u00a0\u00bb.vc_custom_1568299114313{background-color: #f7f7f7 !important;}\u00a0\u00bb][vc_column offset=\u00a0\u00bbvc_col-lg-offset-0 vc_col-lg-12 vc_col-sm-offset-1&Prime;][vc_column_text]\n<h3 class=\"special-title\" style=\"text-align: center;\"><strong>\u00c0 quoi s\u2019attendre?<\/strong><\/h3>\n[\/vc_column_text][vc_column_text]Tout d&rsquo;abord, vous aurez un motif. Si, par exemple, la carie est responsable, elle sera enlev\u00e9e et le d\u00e9faut sera restaur\u00e9. Ensuite, la dent peut \u00eatre trait\u00e9e de mani\u00e8re isol\u00e9e pour cr\u00e9er un environnement sans bact\u00e9ries. En g\u00e9n\u00e9ral, le traitement de canal peut \u00eatre effectu\u00e9 en une seule s\u00e9ance. Si l&rsquo;inflammation est d\u00e9j\u00e0 tr\u00e8s avanc\u00e9e, une deuxi\u00e8me s\u00e9ance peut \u00eatre n\u00e9cessaire dans certains cas.[\/vc_column_text][vc_empty_space height=\u00a0\u00bb3rem\u00a0\u00bb][\/vc_column][\/vc_row][vc_row full_width=\u00a0\u00bbstretch_row\u00a0\u00bb curly_padding=\u00a0\u00bbcontent-padding-xs\u00a0\u00bb el_class=\u00a0\u00bbcolor&#8211;text-inverted xtd-background-animation&#8211;left-right\u00a0\u00bb css=\u00a0\u00bb.vc_custom_1568125031529{background-color: #86c9e8 !important;}\u00a0\u00bb][vc_column][vc_column_text css=\u00a0\u00bb\u00a0\u00bb]\n<p class=\"lead lead-lg\" style=\"text-align: center;\">Vous pouvez nous joindre par t\u00e9l\u00e9phone au <a href=\"tel:352290022\">+352 290 022<\/a>.<br \/>\n<strong>Horaires d&rsquo;ouverture:<\/strong> lundi et mardi de 8 h 00 \u00e0 18 h 00, mercredi de 8 h 00 \u00e0 14 h 00, jeudi de 11 h 00 \u00e0 18 h 00 et vendredi de 8 h 00 \u00e0 13 h 00.<br \/>\nVous pouvez \u00e9galement nous envoyer un e-mail \u00e0 <a href=\"mailto:kontakt@drjung.lu\"><span style=\"text-decoration: underline;\">kontakt@drjung.lu<\/span> <\/a>. ou envoyer un WhatsApp au +352 621 236 568.<\/p>\n[\/vc_column_text][\/vc_column][\/vc_row]\n<\/div>","protected":false},"excerpt":{"rendered":"<p>[vc_row content_placement=\u00a0\u00bbmiddle\u00a0\u00bb][vc_column offset=\u00a0\u00bbvc_col-lg-offset-0 vc_col-lg-12 vc_col-sm-offset-1&Prime;][vc_column_text] Traitement du canal radiculaire [\/vc_column_text][vc_column_text]Comment pr\u00e9server quand-m\u00eame des dents tr\u00e8s ab\u00eem\u00e9es.\u00a0\u201eCette dent a un gros probl\u00e8me. La d\u00e9composition avait tellement progress\u00e9 qu&rsquo;elle avait finalement atteint la pulpe, le \u00ab\u00a0nerf\u00a0\u00bb. L&rsquo;espace o\u00f9 se trouve la pulpe dans une dent saine est repr\u00e9sent\u00e9 ici en bleu et s&rsquo;appelle la chambre pulpaire. N\u00e9anmoins, la dent n&rsquo;est pas perdue. [&hellip;]<\/p>\n","protected":false},"author":1,"featured_media":0,"parent":0,"menu_order":0,"comment_status":"closed","ping_status":"closed","template":"","meta":{"inline_featured_image":false,"footnotes":""},"class_list":["post-1948","page","type-page","status-publish","hentry"],"yoast_head":"<!-- This site is optimized with the Yoast SEO plugin v24.8.1 - https:\/\/yoast.com\/wordpress\/plugins\/seo\/ -->\n<title>Traitement du canal radiculaire - Zahnarztpraxis Jung in Luxembourg<\/title>\n<meta name=\"description\" content=\"Zahnarzt Jung in Luxemburg | Cabinet Dentaire Dr. Jung - Zahnarztpraxis als Familienunternehmen in der zweiten Generation. Wurzelkanalbehandlung...\" \/>\n<meta name=\"robots\" content=\"index, follow, max-snippet:-1, max-image-preview:large, max-video-preview:-1\" \/>\n<link rel=\"canonical\" href=\"https:\/\/drjung.lu\/fr\/traitement-du-canal-radiculaire\/\" \/>\n<meta property=\"og:locale\" content=\"fr_FR\" \/>\n<meta property=\"og:type\" content=\"article\" \/>\n<meta property=\"og:title\" content=\"Traitement du canal radiculaire - Zahnarztpraxis Jung in Luxembourg\" \/>\n<meta property=\"og:description\" content=\"Zahnarzt Jung in Luxemburg | Cabinet Dentaire Dr. Jung - Zahnarztpraxis als Familienunternehmen in der zweiten Generation. Wurzelkanalbehandlung...\" \/>\n<meta property=\"og:url\" content=\"https:\/\/drjung.lu\/fr\/traitement-du-canal-radiculaire\/\" \/>\n<meta property=\"og:site_name\" content=\"Zahnarztpraxis Jung in Luxembourg\" \/>\n<meta property=\"article:modified_time\" content=\"2025-05-22T14:58:19+00:00\" \/>\n<meta name=\"twitter:card\" content=\"summary_large_image\" \/>\n<meta name=\"twitter:label1\" content=\"Dur\u00e9e de lecture estim\u00e9e\" \/>\n\t<meta name=\"twitter:data1\" content=\"4 minutes\" \/>\n<script type=\"application\/ld+json\" class=\"yoast-schema-graph\">{\"@context\":\"https:\/\/schema.org\",\"@graph\":[{\"@type\":\"WebPage\",\"@id\":\"https:\/\/drjung.lu\/fr\/traitement-du-canal-radiculaire\/\",\"url\":\"https:\/\/drjung.lu\/fr\/traitement-du-canal-radiculaire\/\",\"name\":\"Traitement du canal radiculaire - Zahnarztpraxis Jung in Luxembourg\",\"isPartOf\":{\"@id\":\"https:\/\/drjung.lu\/fr\/#website\"},\"datePublished\":\"2019-09-17T14:32:39+00:00\",\"dateModified\":\"2025-05-22T14:58:19+00:00\",\"description\":\"Zahnarzt Jung in Luxemburg | Cabinet Dentaire Dr. Jung - Zahnarztpraxis als Familienunternehmen in der zweiten Generation. Wurzelkanalbehandlung...\",\"breadcrumb\":{\"@id\":\"https:\/\/drjung.lu\/fr\/traitement-du-canal-radiculaire\/#breadcrumb\"},\"inLanguage\":\"fr-FR\",\"potentialAction\":[{\"@type\":\"ReadAction\",\"target\":[\"https:\/\/drjung.lu\/fr\/traitement-du-canal-radiculaire\/\"]}]},{\"@type\":\"BreadcrumbList\",\"@id\":\"https:\/\/drjung.lu\/fr\/traitement-du-canal-radiculaire\/#breadcrumb\",\"itemListElement\":[{\"@type\":\"ListItem\",\"position\":1,\"name\":\"Startseite\",\"item\":\"https:\/\/drjung.lu\/fr\/\"},{\"@type\":\"ListItem\",\"position\":2,\"name\":\"Traitement du canal radiculaire\"}]},{\"@type\":\"WebSite\",\"@id\":\"https:\/\/drjung.lu\/fr\/#website\",\"url\":\"https:\/\/drjung.lu\/fr\/\",\"name\":\"Zahnarztpraxis Jung in Luxembourg\",\"description\":\"\",\"publisher\":{\"@id\":\"https:\/\/drjung.lu\/fr\/#organization\"},\"potentialAction\":[{\"@type\":\"SearchAction\",\"target\":{\"@type\":\"EntryPoint\",\"urlTemplate\":\"https:\/\/drjung.lu\/fr\/?s={search_term_string}\"},\"query-input\":{\"@type\":\"PropertyValueSpecification\",\"valueRequired\":true,\"valueName\":\"search_term_string\"}}],\"inLanguage\":\"fr-FR\"},{\"@type\":\"Organization\",\"@id\":\"https:\/\/drjung.lu\/fr\/#organization\",\"name\":\"Zahnarztpraxis Jung in Luxembourg\",\"url\":\"https:\/\/drjung.lu\/fr\/\",\"logo\":{\"@type\":\"ImageObject\",\"inLanguage\":\"fr-FR\",\"@id\":\"https:\/\/drjung.lu\/fr\/#\/schema\/logo\/image\/\",\"url\":\"https:\/\/drjung.lu\/wp-content\/uploads\/2020\/06\/logo-jung.png\",\"contentUrl\":\"https:\/\/drjung.lu\/wp-content\/uploads\/2020\/06\/logo-jung.png\",\"width\":300,\"height\":118,\"caption\":\"Zahnarztpraxis Jung in Luxembourg\"},\"image\":{\"@id\":\"https:\/\/drjung.lu\/fr\/#\/schema\/logo\/image\/\"},\"sameAs\":[\"https:\/\/www.instagram.com\/cabinet_dentaire_jung\/\"]}]}<\/script>\n<!-- \/ Yoast SEO plugin. -->","yoast_head_json":{"title":"Traitement du canal radiculaire - Zahnarztpraxis Jung in Luxembourg","description":"Zahnarzt Jung in Luxemburg | Cabinet Dentaire Dr. Jung - Zahnarztpraxis als Familienunternehmen in der zweiten Generation. Wurzelkanalbehandlung...","robots":{"index":"index","follow":"follow","max-snippet":"max-snippet:-1","max-image-preview":"max-image-preview:large","max-video-preview":"max-video-preview:-1"},"canonical":"https:\/\/drjung.lu\/fr\/traitement-du-canal-radiculaire\/","og_locale":"fr_FR","og_type":"article","og_title":"Traitement du canal radiculaire - Zahnarztpraxis Jung in Luxembourg","og_description":"Zahnarzt Jung in Luxemburg | Cabinet Dentaire Dr. Jung - Zahnarztpraxis als Familienunternehmen in der zweiten Generation. Wurzelkanalbehandlung...","og_url":"https:\/\/drjung.lu\/fr\/traitement-du-canal-radiculaire\/","og_site_name":"Zahnarztpraxis Jung in Luxembourg","article_modified_time":"2025-05-22T14:58:19+00:00","twitter_card":"summary_large_image","twitter_misc":{"Dur\u00e9e de lecture estim\u00e9e":"4 minutes"},"schema":{"@context":"https:\/\/schema.org","@graph":[{"@type":"WebPage","@id":"https:\/\/drjung.lu\/fr\/traitement-du-canal-radiculaire\/","url":"https:\/\/drjung.lu\/fr\/traitement-du-canal-radiculaire\/","name":"Traitement du canal radiculaire - Zahnarztpraxis Jung in Luxembourg","isPartOf":{"@id":"https:\/\/drjung.lu\/fr\/#website"},"datePublished":"2019-09-17T14:32:39+00:00","dateModified":"2025-05-22T14:58:19+00:00","description":"Zahnarzt Jung in Luxemburg | Cabinet Dentaire Dr. Jung - Zahnarztpraxis als Familienunternehmen in der zweiten Generation. Wurzelkanalbehandlung...","breadcrumb":{"@id":"https:\/\/drjung.lu\/fr\/traitement-du-canal-radiculaire\/#breadcrumb"},"inLanguage":"fr-FR","potentialAction":[{"@type":"ReadAction","target":["https:\/\/drjung.lu\/fr\/traitement-du-canal-radiculaire\/"]}]},{"@type":"BreadcrumbList","@id":"https:\/\/drjung.lu\/fr\/traitement-du-canal-radiculaire\/#breadcrumb","itemListElement":[{"@type":"ListItem","position":1,"name":"Startseite","item":"https:\/\/drjung.lu\/fr\/"},{"@type":"ListItem","position":2,"name":"Traitement du canal radiculaire"}]},{"@type":"WebSite","@id":"https:\/\/drjung.lu\/fr\/#website","url":"https:\/\/drjung.lu\/fr\/","name":"Zahnarztpraxis Jung in Luxembourg","description":"","publisher":{"@id":"https:\/\/drjung.lu\/fr\/#organization"},"potentialAction":[{"@type":"SearchAction","target":{"@type":"EntryPoint","urlTemplate":"https:\/\/drjung.lu\/fr\/?s={search_term_string}"},"query-input":{"@type":"PropertyValueSpecification","valueRequired":true,"valueName":"search_term_string"}}],"inLanguage":"fr-FR"},{"@type":"Organization","@id":"https:\/\/drjung.lu\/fr\/#organization","name":"Zahnarztpraxis Jung in Luxembourg","url":"https:\/\/drjung.lu\/fr\/","logo":{"@type":"ImageObject","inLanguage":"fr-FR","@id":"https:\/\/drjung.lu\/fr\/#\/schema\/logo\/image\/","url":"https:\/\/drjung.lu\/wp-content\/uploads\/2020\/06\/logo-jung.png","contentUrl":"https:\/\/drjung.lu\/wp-content\/uploads\/2020\/06\/logo-jung.png","width":300,"height":118,"caption":"Zahnarztpraxis Jung in Luxembourg"},"image":{"@id":"https:\/\/drjung.lu\/fr\/#\/schema\/logo\/image\/"},"sameAs":["https:\/\/www.instagram.com\/cabinet_dentaire_jung\/"]}]}},"_links":{"self":[{"href":"https:\/\/drjung.lu\/fr\/wp-json\/wp\/v2\/pages\/1948","targetHints":{"allow":["GET"]}}],"collection":[{"href":"https:\/\/drjung.lu\/fr\/wp-json\/wp\/v2\/pages"}],"about":[{"href":"https:\/\/drjung.lu\/fr\/wp-json\/wp\/v2\/types\/page"}],"author":[{"embeddable":true,"href":"https:\/\/drjung.lu\/fr\/wp-json\/wp\/v2\/users\/1"}],"replies":[{"embeddable":true,"href":"https:\/\/drjung.lu\/fr\/wp-json\/wp\/v2\/comments?post=1948"}],"version-history":[{"count":6,"href":"https:\/\/drjung.lu\/fr\/wp-json\/wp\/v2\/pages\/1948\/revisions"}],"predecessor-version":[{"id":2605,"href":"https:\/\/drjung.lu\/fr\/wp-json\/wp\/v2\/pages\/1948\/revisions\/2605"}],"wp:attachment":[{"href":"https:\/\/drjung.lu\/fr\/wp-json\/wp\/v2\/media?parent=1948"}],"curies":[{"name":"wp","href":"https:\/\/api.w.org\/{rel}","templated":true}]}}