{"id":1944,"date":"2019-09-11T09:45:22","date_gmt":"2019-09-11T07:45:22","guid":{"rendered":"https:\/\/www.drjung.lu\/kariestherapie\/"},"modified":"2025-05-16T10:48:42","modified_gmt":"2025-05-16T08:48:42","slug":"traitement-des-caries","status":"publish","type":"page","link":"https:\/\/drjung.lu\/fr\/traitement-des-caries\/","title":{"rendered":"Traitement des caries"},"content":{"rendered":"<div class=\"wpb-content-wrapper\">[vc_row content_placement=\u00a0\u00bbmiddle\u00a0\u00bb curly_padding=\u00a0\u00bbcontent-padding-xl\u00a0\u00bb][vc_column width=\u00a0\u00bb5\/6&Prime; offset=\u00a0\u00bbvc_col-lg-offset-0 vc_col-lg-5 vc_col-sm-offset-1&Prime;][vc_column_text]\n<h2 class=\"special-title\">Comment la carie se d\u00e9veloppe-t-elle?<\/h2>\n[\/vc_column_text][vc_column_text]La carie est une maladie des dents caus\u00e9e par le m\u00e9tabolisme des bact\u00e9ries. Elle se d\u00e9veloppe lorsque les bact\u00e9ries contenues dans la plaque dentaire transforment le sucre des aliments en acide sur une longue p\u00e9riode. L&rsquo;acide attaque l&rsquo;\u00e9mail de la dent, la couche ext\u00e9rieure de la dent, et en dissout les min\u00e9raux. La dent devient alors molle et poreuse, ce qui permet aux bact\u00e9ries de p\u00e9n\u00e9trer plus profond\u00e9ment \u00e0 l&rsquo;int\u00e9rieur de la dent jusqu&rsquo;\u00e0 ce qu&rsquo;elles atteignent enfin la couche suivante, la dentine.[\/vc_column_text][vc_empty_space height=\u00a0\u00bb3rem\u00a0\u00bb][\/vc_column][vc_column width=\u00a0\u00bb5\/6&Prime; el_class=\u00a0\u00bbxtd-offset-dots\u00a0\u00bb offset=\u00a0\u00bbvc_col-lg-6 vc_col-sm-offset-1&Prime;][vc_single_image image=\u00a0\u00bb1384&Prime; img_size=\u00a0\u00bbfull\u00a0\u00bb alignment=\u00a0\u00bbcenter\u00a0\u00bb el_class=\u00a0\u00bbxtd-shadow\u00a0\u00bb][\/vc_column][\/vc_row][vc_row full_width=\u00a0\u00bbstretch_row\u00a0\u00bb css=\u00a0\u00bb.vc_custom_1581949671948{background-color: #f7f7f7 !important;}\u00a0\u00bb][vc_column width=\u00a0\u00bb1\/2&Prime; offset=\u00a0\u00bbvc_col-lg-offset-0 vc_col-lg-5&Prime;][vc_empty_space height=\u00a0\u00bb50px\u00a0\u00bb][vc_single_image image=\u00a0\u00bb1384&Prime; img_size=\u00a0\u00bbfull\u00a0\u00bb alignment=\u00a0\u00bbcenter\u00a0\u00bb el_class=\u00a0\u00bbxtd-offset-dots\u00a0\u00bb][\/vc_column][vc_column width=\u00a0\u00bb5\/6&Prime; offset=\u00a0\u00bbvc_col-lg-offset-1 vc_col-lg-5&Prime;][vc_column_text]\n<h3 class=\"special-title\">Que peut-il se passer?<\/h3>\n[\/vc_column_text][vc_empty_space height=\u00a0\u00bb\u00a0\u00bb el_class=\u00a0\u00bbxtd-spacer\u00a0\u00bb][vc_column_text]Dans la dentine naturellement poreuse, les bact\u00e9ries se propagent d\u00e9sormais \u00e0 un rythme plus rapide. Les \u00ab\u00a0trous dans la dent\u00a0\u00bb sont cr\u00e9\u00e9s lorsque des zones creus\u00e9es par les bact\u00e9ries et l&rsquo;acide s&rsquo;effondrent. Si la carie s&rsquo;approche du nerf dentaire, un mal de dents se d\u00e9veloppe. Le processus de carie peut conduire \u00e0 un ramollissement et une dissolution compl\u00e8te et donc \u00e0 la perte d&rsquo;une dent.[\/vc_column_text][\/vc_column][\/vc_row][vc_row content_placement=\u00a0\u00bbmiddle\u00a0\u00bb][vc_column offset=\u00a0\u00bbvc_col-lg-offset-0 vc_col-lg-12 vc_col-sm-offset-1&Prime;][vc_column_text]\n<h3 class=\"special-title\" style=\"text-align: center;\"><strong>Que pouvons-nous faire pour vous?<\/strong><\/h3>\n[\/vc_column_text][vc_column_text]L&rsquo;objectif principal est de pr\u00e9venir le d\u00e9veloppement des caries. Un contr\u00f4le clinique et radiologique pr\u00e9coce et r\u00e9gulier soutient cet objectif. Les points faibles de l&rsquo;hygi\u00e8ne bucco-dentaire et les \u00e9ventuels autres facteurs d\u00e9clenchant des caries peuvent \u00eatre d\u00e9tect\u00e9s \u00e0 temps. Si n\u00e9cessaire, vous pouvez les int\u00e9grer dans notre programme de prophylaxie. Elle consiste en un nettoyage r\u00e9gulier des dents et en des instructions ainsi qu&rsquo;en une motivation pour une hygi\u00e8ne bucco-dentaire ad\u00e9quate.<\/p>\n<p>Si la carie s&rsquo;est d\u00e9j\u00e0 manifest\u00e9e, des contr\u00f4les r\u00e9guliers permettent de d\u00e9tecter la carie \u00e0 un stade pr\u00e9coce et donc de la traiter facilement. Si une carie est d\u00e9couverte lors du contr\u00f4le, la th\u00e9rapie d\u00e9pend de l&rsquo;\u00e9tendue de la maladie.[\/vc_column_text][\/vc_column][\/vc_row][vc_row full_width=\u00a0\u00bbstretch_row\u00a0\u00bb content_placement=\u00a0\u00bbmiddle\u00a0\u00bb css=\u00a0\u00bb.vc_custom_1568299114313{background-color: #f7f7f7 !important;}\u00a0\u00bb][vc_column offset=\u00a0\u00bbvc_col-lg-offset-0 vc_col-lg-12 vc_col-sm-offset-1&Prime;][vc_column_text]\n<h3 class=\"special-title\" style=\"text-align: center;\"><strong>\u00c0 quoi devez-vous vous attendre?<\/strong><\/h3>\n[\/vc_column_text][vc_column_text]Votre th\u00e9rapie d\u00e9pend du stade de la carie et sera adapt\u00e9e en cons\u00e9quence. Si la maladie est encore \u00e0 un stade tr\u00e8s pr\u00e9coce, il est possible d&rsquo;attendre et d&rsquo;observer en optimisant les mesures d&rsquo;hygi\u00e8ne buccale et de fluoration.<\/p>\n<p>Dans certains cas, l&rsquo;infiltration des caries est une option de traitement, une m\u00e9thode permettant de sceller les caries sans avoir \u00e0 les percer.<\/p>\n<p>Si la carie a d\u00e9j\u00e0 p\u00e9n\u00e9tr\u00e9 plus profond\u00e9ment dans la dent ou dans la dentine, un traitement d&rsquo;obturation est n\u00e9cessaire. Pour la th\u00e9rapie, la dent est isol\u00e9e du reste de la cavit\u00e9 buccale par une digue en caoutchouc (rubber dam), ce qui permet de mieux ass\u00e9cher la zone de traitement et de garder une vue d&rsquo;ensemble. En outre, aucune eau ne s&rsquo;accumule dans la cavit\u00e9 buccale et n&rsquo;est aspir\u00e9e directement au niveau de la dent. Vous pouvez respirer et avaler normalement sous l&rsquo;\u00e9lastique.[\/vc_column_text][vc_empty_space height=\u00a0\u00bb3rem\u00a0\u00bb][\/vc_column][\/vc_row][vc_row content_placement=\u00a0\u00bbmiddle\u00a0\u00bb curly_padding=\u00a0\u00bbcontent-padding-none\u00a0\u00bb css=\u00a0\u00bb.vc_custom_1568730300102{margin-top: 100px !important;}\u00a0\u00bb][vc_column width=\u00a0\u00bb5\/6&Prime; offset=\u00a0\u00bbvc_col-lg-offset-0 vc_col-lg-5 vc_col-sm-offset-1&Prime;][vc_column_text]Sur la photo, la dent est atteinte d&rsquo;une carie profonde. Elle est isol\u00e9e pour \u00eatre trait\u00e9e avec une protection en caoutchouc.[\/vc_column_text][vc_empty_space height=\u00a0\u00bb3rem\u00a0\u00bb][\/vc_column][vc_column width=\u00a0\u00bb5\/6&Prime; el_class=\u00a0\u00bbxtd-offset-dots\u00a0\u00bb offset=\u00a0\u00bbvc_col-lg-6 vc_col-sm-offset-1&Prime;][vc_single_image image=\u00a0\u00bb1468&Prime; img_size=\u00a0\u00bblarge\u00a0\u00bb][\/vc_column][\/vc_row][vc_row content_placement=\u00a0\u00bbmiddle\u00a0\u00bb curly_padding=\u00a0\u00bbcontent-padding-lg\u00a0\u00bb css=\u00a0\u00bb.vc_custom_1568730051714{margin-top: -50px !important;margin-bottom: -140px !important;}\u00a0\u00bb][vc_column width=\u00a0\u00bb5\/6&Prime; offset=\u00a0\u00bbvc_col-lg-offset-0 vc_col-lg-6 vc_col-sm-offset-1&Prime; el_class=\u00a0\u00bbxtd-offset-dots\u00a0\u00bb][vc_single_image image=\u00a0\u00bb1470&Prime; img_size=\u00a0\u00bblarge\u00a0\u00bb][\/vc_column][vc_column width=\u00a0\u00bb5\/6&Prime; offset=\u00a0\u00bbvc_col-lg-offset-0 vc_col-lg-5 vc_col-sm-offset-1&Prime;][vc_column_text]La carie est enlev\u00e9e et les bords sont bien visibles, ce qui rend l&rsquo;\u00e9tendue du dommage visible.[\/vc_column_text][vc_empty_space height=\u00a0\u00bb4rem\u00a0\u00bb][\/vc_column][\/vc_row][vc_row content_placement=\u00a0\u00bbmiddle\u00a0\u00bb curly_padding=\u00a0\u00bbcontent-padding-lg\u00a0\u00bb][vc_column width=\u00a0\u00bb5\/6&Prime; offset=\u00a0\u00bbvc_col-lg-offset-0 vc_col-lg-5 vc_col-sm-offset-1&Prime;][vc_column_text]Le dommage est r\u00e9par\u00e9 avec des syst\u00e8mes et des mat\u00e9riaux sp\u00e9ciaux pour donner \u00e0 la dent une forme et un aspect naturels.<\/p>\n<p>S&rsquo;il y a d\u00e9j\u00e0 eu une tr\u00e8s grande perte de substance dentaire, une\u00a0<strong>restauration \u00e9labor\u00e9e en laboratoire <\/strong>peut \u00eatre n\u00e9cessaire. Dans certains cas, un\u00a0<strong>traitement du canal <\/strong>devra \u00e9galement \u00eatre entrepris. Nous vous informerons en d\u00e9tail sur les diff\u00e9rents options et mat\u00e9riaux, qui doivent toujours \u00eatre examin\u00e9s individuellement.[\/vc_column_text][vc_empty_space height=\u00a0\u00bb3rem\u00a0\u00bb][\/vc_column][vc_column width=\u00a0\u00bb5\/6&Prime; el_class=\u00a0\u00bbxtd-offset-dots\u00a0\u00bb offset=\u00a0\u00bbvc_col-lg-6 vc_col-sm-offset-1&Prime;][vc_single_image image=\u00a0\u00bb1474&Prime; img_size=\u00a0\u00bblarge\u00a0\u00bb][\/vc_column][\/vc_row][vc_row full_width=\u00a0\u00bbstretch_row\u00a0\u00bb content_placement=\u00a0\u00bbmiddle\u00a0\u00bb css=\u00a0\u00bb.vc_custom_1568299114313{background-color: #f7f7f7 !important;}\u00a0\u00bb][vc_column offset=\u00a0\u00bbvc_col-lg-offset-0 vc_col-lg-12 vc_col-sm-offset-1&Prime;][vc_column_text]\n<h3 class=\"special-title\" style=\"text-align: center;\"><strong>Que pouvez-vous faire?<\/strong><\/h3>\n[\/vc_column_text][vc_column_text]Votre th\u00e9rapie d\u00e9pend du stade de la carie et sera adapt\u00e9e en cons\u00e9quence. Si la maladie est encore \u00e0 un stade tr\u00e8s pr\u00e9coce, il est possible d&rsquo;attendre et d&rsquo;observer en optimisant les mesures d&rsquo;hygi\u00e8ne buccale et de fluoration.<\/p>\n<p>Des contr\u00f4les r\u00e9guliers chez le dentiste permettent de d\u00e9tecter les caries \u00e0 un stade pr\u00e9coce, voire de les pr\u00e9venir. Dans le cadre d&rsquo;un nettoyage dentaire professionnel, vos soins dentaires quotidiens sont optimis\u00e9s et la plaque bact\u00e9rienne \u00e0 l&rsquo;origine des caries est \u00e9limin\u00e9e efficacement. Le nettoyage des espaces interdentaires \u00e0 l&rsquo;aide de fil dentaire ou de brosses interdentaires est particuli\u00e8rement important. Les conseils nutritionnels sont \u00e9galement utiles. Les aliments et les boissons contenant beaucoup de sucre et\/ou d&rsquo;acide doivent \u00eatre \u00e9vit\u00e9s.[\/vc_column_text][vc_empty_space height=\u00a0\u00bb3rem\u00a0\u00bb][\/vc_column][\/vc_row][vc_row full_width=\u00a0\u00bbstretch_row\u00a0\u00bb curly_padding=\u00a0\u00bbcontent-padding-xs\u00a0\u00bb el_class=\u00a0\u00bbcolor&#8211;text-inverted xtd-background-animation&#8211;left-right\u00a0\u00bb css=\u00a0\u00bb.vc_custom_1568125031529{background-color: #86c9e8 !important;}\u00a0\u00bb][vc_column][vc_column_text css=\u00a0\u00bb\u00a0\u00bb]\n<p class=\"lead lead-lg\" style=\"text-align: center;\">Vous pouvez nous joindre par t\u00e9l\u00e9phone au <a href=\"tel:352290022\">+352 290 022<\/a>.<br \/>\n<strong>Horaires d&rsquo;ouverture:<\/strong> lundi et mardi de 8 h 00 \u00e0 18 h 00, mercredi de 8 h 00 \u00e0 14 h 00, jeudi de 11 h 00 \u00e0 18 h 00 &amp; vendredi de 8 h 00 \u00e0 13 h 00.<br \/>\nVous pouvez \u00e9galement nous envoyer un e-mail \u00e0 <a href=\"mailto:kontakt@drjung.lu\"><span style=\"text-decoration: underline;\">kontakt@drjung.lu<\/span> <\/a>. ou envoyer un WhatsApp au +352 621 236 568<\/p>\n[\/vc_column_text][\/vc_column][\/vc_row]\n<\/div>","protected":false},"excerpt":{"rendered":"<p>[vc_row content_placement=\u00a0\u00bbmiddle\u00a0\u00bb curly_padding=\u00a0\u00bbcontent-padding-xl\u00a0\u00bb][vc_column width=\u00a0\u00bb5\/6&Prime; offset=\u00a0\u00bbvc_col-lg-offset-0 vc_col-lg-5 vc_col-sm-offset-1&Prime;][vc_column_text] Comment la carie se d\u00e9veloppe-t-elle? [\/vc_column_text][vc_column_text]La carie est une maladie des dents caus\u00e9e par le m\u00e9tabolisme des bact\u00e9ries. Elle se d\u00e9veloppe lorsque les bact\u00e9ries contenues dans la plaque dentaire transforment le sucre des aliments en acide sur une longue p\u00e9riode. L&rsquo;acide attaque l&rsquo;\u00e9mail de la dent, la couche ext\u00e9rieure de la dent, et [&hellip;]<\/p>\n","protected":false},"author":1,"featured_media":0,"parent":0,"menu_order":0,"comment_status":"closed","ping_status":"closed","template":"","meta":{"inline_featured_image":false,"footnotes":""},"class_list":["post-1944","page","type-page","status-publish","hentry"],"yoast_head":"<!-- This site is optimized with the Yoast SEO plugin v24.8.1 - https:\/\/yoast.com\/wordpress\/plugins\/seo\/ -->\n<title>Traitement des caries - Zahnarztpraxis Jung in Luxembourg<\/title>\n<meta name=\"description\" content=\"Zahnarzt Jung in Luxemburg | Cabinet Dentaire Dr. Jung - Zahnarztpraxis als Familienunternehmen in der zweiten Generation. Behandlung von Karies...\" \/>\n<meta name=\"robots\" content=\"index, follow, max-snippet:-1, max-image-preview:large, max-video-preview:-1\" \/>\n<link rel=\"canonical\" href=\"https:\/\/drjung.lu\/fr\/traitement-des-caries\/\" \/>\n<meta property=\"og:locale\" content=\"fr_FR\" \/>\n<meta property=\"og:type\" content=\"article\" \/>\n<meta property=\"og:title\" content=\"Traitement des caries - Zahnarztpraxis Jung in Luxembourg\" \/>\n<meta property=\"og:description\" content=\"Zahnarzt Jung in Luxemburg | Cabinet Dentaire Dr. Jung - Zahnarztpraxis als Familienunternehmen in der zweiten Generation. Behandlung von Karies...\" \/>\n<meta property=\"og:url\" content=\"https:\/\/drjung.lu\/fr\/traitement-des-caries\/\" \/>\n<meta property=\"og:site_name\" content=\"Zahnarztpraxis Jung in Luxembourg\" \/>\n<meta property=\"article:modified_time\" content=\"2025-05-16T08:48:42+00:00\" \/>\n<meta name=\"twitter:card\" content=\"summary_large_image\" \/>\n<meta name=\"twitter:label1\" content=\"Dur\u00e9e de lecture estim\u00e9e\" \/>\n\t<meta name=\"twitter:data1\" content=\"5 minutes\" \/>\n<script type=\"application\/ld+json\" class=\"yoast-schema-graph\">{\"@context\":\"https:\/\/schema.org\",\"@graph\":[{\"@type\":\"WebPage\",\"@id\":\"https:\/\/drjung.lu\/fr\/traitement-des-caries\/\",\"url\":\"https:\/\/drjung.lu\/fr\/traitement-des-caries\/\",\"name\":\"Traitement des caries - Zahnarztpraxis Jung in Luxembourg\",\"isPartOf\":{\"@id\":\"https:\/\/drjung.lu\/fr\/#website\"},\"datePublished\":\"2019-09-11T07:45:22+00:00\",\"dateModified\":\"2025-05-16T08:48:42+00:00\",\"description\":\"Zahnarzt Jung in Luxemburg | Cabinet Dentaire Dr. Jung - Zahnarztpraxis als Familienunternehmen in der zweiten Generation. Behandlung von Karies...\",\"breadcrumb\":{\"@id\":\"https:\/\/drjung.lu\/fr\/traitement-des-caries\/#breadcrumb\"},\"inLanguage\":\"fr-FR\",\"potentialAction\":[{\"@type\":\"ReadAction\",\"target\":[\"https:\/\/drjung.lu\/fr\/traitement-des-caries\/\"]}]},{\"@type\":\"BreadcrumbList\",\"@id\":\"https:\/\/drjung.lu\/fr\/traitement-des-caries\/#breadcrumb\",\"itemListElement\":[{\"@type\":\"ListItem\",\"position\":1,\"name\":\"Startseite\",\"item\":\"https:\/\/drjung.lu\/fr\/\"},{\"@type\":\"ListItem\",\"position\":2,\"name\":\"Traitement des caries\"}]},{\"@type\":\"WebSite\",\"@id\":\"https:\/\/drjung.lu\/fr\/#website\",\"url\":\"https:\/\/drjung.lu\/fr\/\",\"name\":\"Zahnarztpraxis Jung in Luxembourg\",\"description\":\"\",\"publisher\":{\"@id\":\"https:\/\/drjung.lu\/fr\/#organization\"},\"potentialAction\":[{\"@type\":\"SearchAction\",\"target\":{\"@type\":\"EntryPoint\",\"urlTemplate\":\"https:\/\/drjung.lu\/fr\/?s={search_term_string}\"},\"query-input\":{\"@type\":\"PropertyValueSpecification\",\"valueRequired\":true,\"valueName\":\"search_term_string\"}}],\"inLanguage\":\"fr-FR\"},{\"@type\":\"Organization\",\"@id\":\"https:\/\/drjung.lu\/fr\/#organization\",\"name\":\"Zahnarztpraxis Jung in Luxembourg\",\"url\":\"https:\/\/drjung.lu\/fr\/\",\"logo\":{\"@type\":\"ImageObject\",\"inLanguage\":\"fr-FR\",\"@id\":\"https:\/\/drjung.lu\/fr\/#\/schema\/logo\/image\/\",\"url\":\"https:\/\/drjung.lu\/wp-content\/uploads\/2020\/06\/logo-jung.png\",\"contentUrl\":\"https:\/\/drjung.lu\/wp-content\/uploads\/2020\/06\/logo-jung.png\",\"width\":300,\"height\":118,\"caption\":\"Zahnarztpraxis Jung in Luxembourg\"},\"image\":{\"@id\":\"https:\/\/drjung.lu\/fr\/#\/schema\/logo\/image\/\"},\"sameAs\":[\"https:\/\/www.instagram.com\/cabinet_dentaire_jung\/\"]}]}<\/script>\n<!-- \/ Yoast SEO plugin. -->","yoast_head_json":{"title":"Traitement des caries - Zahnarztpraxis Jung in Luxembourg","description":"Zahnarzt Jung in Luxemburg | Cabinet Dentaire Dr. Jung - Zahnarztpraxis als Familienunternehmen in der zweiten Generation. Behandlung von Karies...","robots":{"index":"index","follow":"follow","max-snippet":"max-snippet:-1","max-image-preview":"max-image-preview:large","max-video-preview":"max-video-preview:-1"},"canonical":"https:\/\/drjung.lu\/fr\/traitement-des-caries\/","og_locale":"fr_FR","og_type":"article","og_title":"Traitement des caries - Zahnarztpraxis Jung in Luxembourg","og_description":"Zahnarzt Jung in Luxemburg | Cabinet Dentaire Dr. Jung - Zahnarztpraxis als Familienunternehmen in der zweiten Generation. Behandlung von Karies...","og_url":"https:\/\/drjung.lu\/fr\/traitement-des-caries\/","og_site_name":"Zahnarztpraxis Jung in Luxembourg","article_modified_time":"2025-05-16T08:48:42+00:00","twitter_card":"summary_large_image","twitter_misc":{"Dur\u00e9e de lecture estim\u00e9e":"5 minutes"},"schema":{"@context":"https:\/\/schema.org","@graph":[{"@type":"WebPage","@id":"https:\/\/drjung.lu\/fr\/traitement-des-caries\/","url":"https:\/\/drjung.lu\/fr\/traitement-des-caries\/","name":"Traitement des caries - Zahnarztpraxis Jung in Luxembourg","isPartOf":{"@id":"https:\/\/drjung.lu\/fr\/#website"},"datePublished":"2019-09-11T07:45:22+00:00","dateModified":"2025-05-16T08:48:42+00:00","description":"Zahnarzt Jung in Luxemburg | Cabinet Dentaire Dr. Jung - Zahnarztpraxis als Familienunternehmen in der zweiten Generation. Behandlung von Karies...","breadcrumb":{"@id":"https:\/\/drjung.lu\/fr\/traitement-des-caries\/#breadcrumb"},"inLanguage":"fr-FR","potentialAction":[{"@type":"ReadAction","target":["https:\/\/drjung.lu\/fr\/traitement-des-caries\/"]}]},{"@type":"BreadcrumbList","@id":"https:\/\/drjung.lu\/fr\/traitement-des-caries\/#breadcrumb","itemListElement":[{"@type":"ListItem","position":1,"name":"Startseite","item":"https:\/\/drjung.lu\/fr\/"},{"@type":"ListItem","position":2,"name":"Traitement des caries"}]},{"@type":"WebSite","@id":"https:\/\/drjung.lu\/fr\/#website","url":"https:\/\/drjung.lu\/fr\/","name":"Zahnarztpraxis Jung in Luxembourg","description":"","publisher":{"@id":"https:\/\/drjung.lu\/fr\/#organization"},"potentialAction":[{"@type":"SearchAction","target":{"@type":"EntryPoint","urlTemplate":"https:\/\/drjung.lu\/fr\/?s={search_term_string}"},"query-input":{"@type":"PropertyValueSpecification","valueRequired":true,"valueName":"search_term_string"}}],"inLanguage":"fr-FR"},{"@type":"Organization","@id":"https:\/\/drjung.lu\/fr\/#organization","name":"Zahnarztpraxis Jung in Luxembourg","url":"https:\/\/drjung.lu\/fr\/","logo":{"@type":"ImageObject","inLanguage":"fr-FR","@id":"https:\/\/drjung.lu\/fr\/#\/schema\/logo\/image\/","url":"https:\/\/drjung.lu\/wp-content\/uploads\/2020\/06\/logo-jung.png","contentUrl":"https:\/\/drjung.lu\/wp-content\/uploads\/2020\/06\/logo-jung.png","width":300,"height":118,"caption":"Zahnarztpraxis Jung in Luxembourg"},"image":{"@id":"https:\/\/drjung.lu\/fr\/#\/schema\/logo\/image\/"},"sameAs":["https:\/\/www.instagram.com\/cabinet_dentaire_jung\/"]}]}},"_links":{"self":[{"href":"https:\/\/drjung.lu\/fr\/wp-json\/wp\/v2\/pages\/1944","targetHints":{"allow":["GET"]}}],"collection":[{"href":"https:\/\/drjung.lu\/fr\/wp-json\/wp\/v2\/pages"}],"about":[{"href":"https:\/\/drjung.lu\/fr\/wp-json\/wp\/v2\/types\/page"}],"author":[{"embeddable":true,"href":"https:\/\/drjung.lu\/fr\/wp-json\/wp\/v2\/users\/1"}],"replies":[{"embeddable":true,"href":"https:\/\/drjung.lu\/fr\/wp-json\/wp\/v2\/comments?post=1944"}],"version-history":[{"count":4,"href":"https:\/\/drjung.lu\/fr\/wp-json\/wp\/v2\/pages\/1944\/revisions"}],"predecessor-version":[{"id":2575,"href":"https:\/\/drjung.lu\/fr\/wp-json\/wp\/v2\/pages\/1944\/revisions\/2575"}],"wp:attachment":[{"href":"https:\/\/drjung.lu\/fr\/wp-json\/wp\/v2\/media?parent=1944"}],"curies":[{"name":"wp","href":"https:\/\/api.w.org\/{rel}","templated":true}]}}