{"id":1940,"date":"2019-09-10T16:11:50","date_gmt":"2019-09-10T14:11:50","guid":{"rendered":"https:\/\/www.drjung.lu\/prophylaxe-zahnreinigung\/"},"modified":"2025-05-22T16:57:04","modified_gmt":"2025-05-22T14:57:04","slug":"nettoyage-professionnel-des-dents","status":"publish","type":"page","link":"https:\/\/drjung.lu\/fr\/nettoyage-professionnel-des-dents\/","title":{"rendered":"Nettoyage Professionnel des Dents"},"content":{"rendered":"<div class=\"wpb-content-wrapper\">[vc_row content_placement=\u00a0\u00bbmiddle\u00a0\u00bb curly_padding=\u00a0\u00bbcontent-padding-xl\u00a0\u00bb][vc_column width=\u00a0\u00bb5\/6&Prime; offset=\u00a0\u00bbvc_col-lg-offset-0 vc_col-lg-5 vc_col-sm-offset-1&Prime;][vc_column_text]\n<h2 class=\"special-title\"><strong>Nettoyage Professionnel des Dents<\/strong><\/h2>\n[\/vc_column_text][vc_column_text]Malheureusement, il ne suffit pas toujours de se brosser les dents deux fois par jour. Certains d\u00e9p\u00f4ts sur les dents ne peuvent tout simplement pas \u00eatre \u00e9limin\u00e9s par une hygi\u00e8ne buccale normale. Ainsi, il subsiste souvent des d\u00e9p\u00f4ts mous ou m\u00eame durs sur les dents.<\/p>\n<p>Le nettoyage professionnel des dents (PZR) contribue \u00e0 maintenir les dents en bonne sant\u00e9. Il contribue \u00e0 pr\u00e9venir les deux maladies les plus courantes de la cavit\u00e9 buccale. Carie (carie dentaire) et parodontite (inflammation des gencives, de la racine et de l&rsquo;os).[\/vc_column_text][vc_empty_space height=\u00a0\u00bb3rem\u00a0\u00bb][\/vc_column][vc_column width=\u00a0\u00bb5\/6&Prime; el_class=\u00a0\u00bbxtd-offset-dots\u00a0\u00bb offset=\u00a0\u00bbvc_col-lg-6 vc_col-sm-offset-1&Prime;][vc_single_image image=\u00a0\u00bb1296&Prime; img_size=\u00a0\u00bbfull\u00a0\u00bb el_class=\u00a0\u00bbxtd-shadow\u00a0\u00bb][\/vc_column][\/vc_row][vc_row full_width=\u00a0\u00bbstretch_row\u00a0\u00bb css=\u00a0\u00bb.vc_custom_1568288050464{background-color: #f7f7f7 !important;}\u00a0\u00bb][vc_column width=\u00a0\u00bb1\/2&Prime; offset=\u00a0\u00bbvc_col-lg-offset-0 vc_col-lg-6&Prime;][vc_single_image image=\u00a0\u00bb1299&Prime; img_size=\u00a0\u00bbfull\u00a0\u00bb el_class=\u00a0\u00bbxtd-offset-dots\u00a0\u00bb][\/vc_column][vc_column width=\u00a0\u00bb1\/2&Prime; offset=\u00a0\u00bbvc_col-lg-6&Prime;][vc_column_text]\n<h3 class=\"special-title\">Que pouvons-nous faire pour vous?<\/h3>\n[\/vc_column_text][vc_empty_space height=\u00a0\u00bb\u00a0\u00bb el_class=\u00a0\u00bbxtd-spacer\u00a0\u00bb][vc_column_text]Lors de votre examen de routine, la muqueuse buccale, les dents et les gencives sont contr\u00f4l\u00e9es. Nous examinons alors votre sant\u00e9 bucco-dentaire et l&rsquo;\u00e9tat de votre hygi\u00e8ne. Les diff\u00e9rents r\u00e9sultats nous aideront \u00e0 \u00e9valuer votre risque de caries et de parodontites. Le risque est \u00e9lev\u00e9, par exemple, si l&rsquo;inflammation est d\u00e9tect\u00e9e \u00e0 l&rsquo;aide d&rsquo;une sonde sp\u00e9ciale ou si le traitement des caries a d\u00e9j\u00e0 \u00e9t\u00e9 effectu\u00e9 fr\u00e9quemment.[\/vc_column_text][\/vc_column][\/vc_row][vc_row content_placement=\u00a0\u00bbmiddle\u00a0\u00bb curly_padding=\u00a0\u00bbcontent-padding-xl\u00a0\u00bb css=\u00a0\u00bb.vc_custom_1578914980727{margin-bottom: -80px !important;}\u00a0\u00bb][vc_column width=\u00a0\u00bb5\/6&Prime; offset=\u00a0\u00bbvc_col-lg-offset-0 vc_col-lg-5 vc_col-sm-offset-1&Prime;][vc_column_text]\n<h3 class=\"special-title\"><strong>\u00c0 quoi devez-vous vous attendre?<\/strong><\/h3>\n[\/vc_column_text][vc_column_text]En r\u00e8gle, nous calculons 45-60 minutes pour votre nettoyage. En fonction des r\u00e9sultats de votre examen, la premi\u00e8re chose que nous ferons sera d&rsquo;\u00e9liminer toute la plaque molle et la plaque dure (tartre \/ d\u00e9coloration).<\/p>\n<p>Nous utilisons des instruments m\u00e9caniques tels que les ultrasons ou le jet de poudre ainsi que des instruments manuels.<\/p>\n<p>Ensuite, les dents sont polies pour emp\u00eacher l&rsquo;accumulation d\u2019une nouvelle plaque.[\/vc_column_text][vc_empty_space height=\u00a0\u00bb3rem\u00a0\u00bb][\/vc_column][vc_column width=\u00a0\u00bb5\/6&Prime; el_class=\u00a0\u00bbxtd-offset-dots\u00a0\u00bb offset=\u00a0\u00bbvc_col-lg-6 vc_col-sm-offset-1&Prime;][vc_single_image image=\u00a0\u00bb1312&Prime; img_size=\u00a0\u00bbfull\u00a0\u00bb el_class=\u00a0\u00bbxtd-shadow\u00a0\u00bb][vc_empty_space height=\u00a0\u00bb35px\u00a0\u00bb][\/vc_column][\/vc_row][vc_row full_width=\u00a0\u00bbstretch_row\u00a0\u00bb css=\u00a0\u00bb.vc_custom_1568186522803{background-color: #ffffff !important;}\u00a0\u00bb][vc_column width=\u00a0\u00bb1\/2&Prime; offset=\u00a0\u00bbvc_col-lg-6&Prime;][vc_single_image image=\u00a0\u00bb1309&Prime; img_size=\u00a0\u00bbfull\u00a0\u00bb el_class=\u00a0\u00bbxtd-offset-dots\u00a0\u00bb][vc_empty_space height=\u00a0\u00bb40px\u00a0\u00bb][\/vc_column][vc_column width=\u00a0\u00bb1\/2&Prime; offset=\u00a0\u00bbvc_col-lg-6&Prime; css=\u00a0\u00bb.vc_custom_1578914863112{margin-top: -80px !important;}\u00a0\u00bb][vc_column_text]\u00c0 la fin, un scellement avec un gel fluor\u00e9 est appliqu\u00e9. Le fluorure favorise le stockage des min\u00e9raux perdus par les bact\u00e9ries responsables des caries. L&rsquo;\u00e9mail des dents devient plus r\u00e9sistant et les dents sont prot\u00e9g\u00e9es.[\/vc_column_text][vc_column_text]Dans le cadre du nettoyage dentaire professionnel, vous recevrez \u00e9galement des conseils utiles sur la fa\u00e7on de nettoyer et de soigner vos dents et vos gencives \u00e0 la maison. En fonction de votre risque de maladie, vous serez conseill\u00e9 individuellement quant \u00e0 la fr\u00e9quence optimale concernant vos nettoyages dentaires.<\/p>\n<p>Gr\u00e2ce au nettoyage et \u00e0 une hygi\u00e8ne bucco-dentaire optimale, vos dents peuvent rester saines jusqu&rsquo;\u00e0 un \u00e2ge avanc\u00e9. Le risque de caries et de parodontites peut \u00eatre contr\u00f4l\u00e9 et r\u00e9duit.[\/vc_column_text][\/vc_column][\/vc_row][vc_row full_width=\u00a0\u00bbstretch_row\u00a0\u00bb curly_padding=\u00a0\u00bbcontent-padding-xs\u00a0\u00bb el_class=\u00a0\u00bbcolor&#8211;text-inverted xtd-background-animation&#8211;left-right\u00a0\u00bb css=\u00a0\u00bb.vc_custom_1568125031529{background-color: #86c9e8 !important;}\u00a0\u00bb][vc_column][vc_column_text css=\u00a0\u00bb\u00a0\u00bb]\n<p class=\"lead lead-lg\" style=\"text-align: center;\">Vous pouvez nous joindre par t\u00e9l\u00e9phone au <a href=\"tel:352290022\">+352 290 022<\/a>.<br \/>\n<strong>Horaires d&rsquo;ouverture:<\/strong> lundi et mardi de 8 h 00 \u00e0 18 h 00, mercredi de 8 h 00 \u00e0 14 h 00,\u00a0 jeudi de 10 h 00 \u00e0 18 h 00 et vendredi de 8 h 00 \u00e0 13 h 00.<br \/>\nVous pouvez \u00e9galement nous envoyer un e-mail \u00e0 <a href=\"mailto:kontakt@drjung.lu\"><span style=\"text-decoration: underline;\">kontakt@drjung.lu<\/span> <\/a>. ou envoyer un WhatsApp au +352 621 236 568.<\/p>\n[\/vc_column_text][\/vc_column][\/vc_row]\n<\/div>","protected":false},"excerpt":{"rendered":"<p>[vc_row content_placement=\u00a0\u00bbmiddle\u00a0\u00bb curly_padding=\u00a0\u00bbcontent-padding-xl\u00a0\u00bb][vc_column width=\u00a0\u00bb5\/6&Prime; offset=\u00a0\u00bbvc_col-lg-offset-0 vc_col-lg-5 vc_col-sm-offset-1&Prime;][vc_column_text] Nettoyage Professionnel des Dents [\/vc_column_text][vc_column_text]Malheureusement, il ne suffit pas toujours de se brosser les dents deux fois par jour. Certains d\u00e9p\u00f4ts sur les dents ne peuvent tout simplement pas \u00eatre \u00e9limin\u00e9s par une hygi\u00e8ne buccale normale. Ainsi, il subsiste souvent des d\u00e9p\u00f4ts mous ou m\u00eame durs sur les dents. Le nettoyage professionnel des [&hellip;]<\/p>\n","protected":false},"author":1,"featured_media":0,"parent":0,"menu_order":0,"comment_status":"closed","ping_status":"closed","template":"","meta":{"inline_featured_image":false,"footnotes":""},"class_list":["post-1940","page","type-page","status-publish","hentry"],"yoast_head":"<!-- This site is optimized with the Yoast SEO plugin v24.8.1 - https:\/\/yoast.com\/wordpress\/plugins\/seo\/ -->\n<title>Nettoyage Professionnel des Dents - Zahnarztpraxis Jung in Luxembourg<\/title>\n<meta name=\"description\" content=\"Zahnarzt Jung in Luxemburg | Cabinet Dentaire Dr. Jung - Zahnarztpraxis als Familienunternehmen in der zweiten Generation. Behandlung von Karies\" \/>\n<meta name=\"robots\" content=\"index, follow, max-snippet:-1, max-image-preview:large, max-video-preview:-1\" \/>\n<link rel=\"canonical\" href=\"https:\/\/drjung.lu\/fr\/nettoyage-professionnel-des-dents\/\" \/>\n<meta property=\"og:locale\" content=\"fr_FR\" \/>\n<meta property=\"og:type\" content=\"article\" \/>\n<meta property=\"og:title\" content=\"Nettoyage Professionnel des Dents - Zahnarztpraxis Jung in Luxembourg\" \/>\n<meta property=\"og:description\" content=\"Zahnarzt Jung in Luxemburg | Cabinet Dentaire Dr. Jung - Zahnarztpraxis als Familienunternehmen in der zweiten Generation. Behandlung von Karies\" \/>\n<meta property=\"og:url\" content=\"https:\/\/drjung.lu\/fr\/nettoyage-professionnel-des-dents\/\" \/>\n<meta property=\"og:site_name\" content=\"Zahnarztpraxis Jung in Luxembourg\" \/>\n<meta property=\"article:modified_time\" content=\"2025-05-22T14:57:04+00:00\" \/>\n<meta name=\"twitter:card\" content=\"summary_large_image\" \/>\n<meta name=\"twitter:label1\" content=\"Dur\u00e9e de lecture estim\u00e9e\" \/>\n\t<meta name=\"twitter:data1\" content=\"4 minutes\" \/>\n<script type=\"application\/ld+json\" class=\"yoast-schema-graph\">{\"@context\":\"https:\/\/schema.org\",\"@graph\":[{\"@type\":\"WebPage\",\"@id\":\"https:\/\/drjung.lu\/fr\/nettoyage-professionnel-des-dents\/\",\"url\":\"https:\/\/drjung.lu\/fr\/nettoyage-professionnel-des-dents\/\",\"name\":\"Nettoyage Professionnel des Dents - Zahnarztpraxis Jung in Luxembourg\",\"isPartOf\":{\"@id\":\"https:\/\/drjung.lu\/fr\/#website\"},\"datePublished\":\"2019-09-10T14:11:50+00:00\",\"dateModified\":\"2025-05-22T14:57:04+00:00\",\"description\":\"Zahnarzt Jung in Luxemburg | Cabinet Dentaire Dr. Jung - Zahnarztpraxis als Familienunternehmen in der zweiten Generation. Behandlung von Karies\",\"breadcrumb\":{\"@id\":\"https:\/\/drjung.lu\/fr\/nettoyage-professionnel-des-dents\/#breadcrumb\"},\"inLanguage\":\"fr-FR\",\"potentialAction\":[{\"@type\":\"ReadAction\",\"target\":[\"https:\/\/drjung.lu\/fr\/nettoyage-professionnel-des-dents\/\"]}]},{\"@type\":\"BreadcrumbList\",\"@id\":\"https:\/\/drjung.lu\/fr\/nettoyage-professionnel-des-dents\/#breadcrumb\",\"itemListElement\":[{\"@type\":\"ListItem\",\"position\":1,\"name\":\"Startseite\",\"item\":\"https:\/\/drjung.lu\/fr\/\"},{\"@type\":\"ListItem\",\"position\":2,\"name\":\"Nettoyage Professionnel des Dents\"}]},{\"@type\":\"WebSite\",\"@id\":\"https:\/\/drjung.lu\/fr\/#website\",\"url\":\"https:\/\/drjung.lu\/fr\/\",\"name\":\"Zahnarztpraxis Jung in Luxembourg\",\"description\":\"\",\"publisher\":{\"@id\":\"https:\/\/drjung.lu\/fr\/#organization\"},\"potentialAction\":[{\"@type\":\"SearchAction\",\"target\":{\"@type\":\"EntryPoint\",\"urlTemplate\":\"https:\/\/drjung.lu\/fr\/?s={search_term_string}\"},\"query-input\":{\"@type\":\"PropertyValueSpecification\",\"valueRequired\":true,\"valueName\":\"search_term_string\"}}],\"inLanguage\":\"fr-FR\"},{\"@type\":\"Organization\",\"@id\":\"https:\/\/drjung.lu\/fr\/#organization\",\"name\":\"Zahnarztpraxis Jung in Luxembourg\",\"url\":\"https:\/\/drjung.lu\/fr\/\",\"logo\":{\"@type\":\"ImageObject\",\"inLanguage\":\"fr-FR\",\"@id\":\"https:\/\/drjung.lu\/fr\/#\/schema\/logo\/image\/\",\"url\":\"https:\/\/drjung.lu\/wp-content\/uploads\/2020\/06\/logo-jung.png\",\"contentUrl\":\"https:\/\/drjung.lu\/wp-content\/uploads\/2020\/06\/logo-jung.png\",\"width\":300,\"height\":118,\"caption\":\"Zahnarztpraxis Jung in Luxembourg\"},\"image\":{\"@id\":\"https:\/\/drjung.lu\/fr\/#\/schema\/logo\/image\/\"},\"sameAs\":[\"https:\/\/www.instagram.com\/cabinet_dentaire_jung\/\"]}]}<\/script>\n<!-- \/ Yoast SEO plugin. -->","yoast_head_json":{"title":"Nettoyage Professionnel des Dents - Zahnarztpraxis Jung in Luxembourg","description":"Zahnarzt Jung in Luxemburg | Cabinet Dentaire Dr. Jung - Zahnarztpraxis als Familienunternehmen in der zweiten Generation. Behandlung von Karies","robots":{"index":"index","follow":"follow","max-snippet":"max-snippet:-1","max-image-preview":"max-image-preview:large","max-video-preview":"max-video-preview:-1"},"canonical":"https:\/\/drjung.lu\/fr\/nettoyage-professionnel-des-dents\/","og_locale":"fr_FR","og_type":"article","og_title":"Nettoyage Professionnel des Dents - Zahnarztpraxis Jung in Luxembourg","og_description":"Zahnarzt Jung in Luxemburg | Cabinet Dentaire Dr. Jung - Zahnarztpraxis als Familienunternehmen in der zweiten Generation. Behandlung von Karies","og_url":"https:\/\/drjung.lu\/fr\/nettoyage-professionnel-des-dents\/","og_site_name":"Zahnarztpraxis Jung in Luxembourg","article_modified_time":"2025-05-22T14:57:04+00:00","twitter_card":"summary_large_image","twitter_misc":{"Dur\u00e9e de lecture estim\u00e9e":"4 minutes"},"schema":{"@context":"https:\/\/schema.org","@graph":[{"@type":"WebPage","@id":"https:\/\/drjung.lu\/fr\/nettoyage-professionnel-des-dents\/","url":"https:\/\/drjung.lu\/fr\/nettoyage-professionnel-des-dents\/","name":"Nettoyage Professionnel des Dents - Zahnarztpraxis Jung in Luxembourg","isPartOf":{"@id":"https:\/\/drjung.lu\/fr\/#website"},"datePublished":"2019-09-10T14:11:50+00:00","dateModified":"2025-05-22T14:57:04+00:00","description":"Zahnarzt Jung in Luxemburg | Cabinet Dentaire Dr. Jung - Zahnarztpraxis als Familienunternehmen in der zweiten Generation. Behandlung von Karies","breadcrumb":{"@id":"https:\/\/drjung.lu\/fr\/nettoyage-professionnel-des-dents\/#breadcrumb"},"inLanguage":"fr-FR","potentialAction":[{"@type":"ReadAction","target":["https:\/\/drjung.lu\/fr\/nettoyage-professionnel-des-dents\/"]}]},{"@type":"BreadcrumbList","@id":"https:\/\/drjung.lu\/fr\/nettoyage-professionnel-des-dents\/#breadcrumb","itemListElement":[{"@type":"ListItem","position":1,"name":"Startseite","item":"https:\/\/drjung.lu\/fr\/"},{"@type":"ListItem","position":2,"name":"Nettoyage Professionnel des Dents"}]},{"@type":"WebSite","@id":"https:\/\/drjung.lu\/fr\/#website","url":"https:\/\/drjung.lu\/fr\/","name":"Zahnarztpraxis Jung in Luxembourg","description":"","publisher":{"@id":"https:\/\/drjung.lu\/fr\/#organization"},"potentialAction":[{"@type":"SearchAction","target":{"@type":"EntryPoint","urlTemplate":"https:\/\/drjung.lu\/fr\/?s={search_term_string}"},"query-input":{"@type":"PropertyValueSpecification","valueRequired":true,"valueName":"search_term_string"}}],"inLanguage":"fr-FR"},{"@type":"Organization","@id":"https:\/\/drjung.lu\/fr\/#organization","name":"Zahnarztpraxis Jung in Luxembourg","url":"https:\/\/drjung.lu\/fr\/","logo":{"@type":"ImageObject","inLanguage":"fr-FR","@id":"https:\/\/drjung.lu\/fr\/#\/schema\/logo\/image\/","url":"https:\/\/drjung.lu\/wp-content\/uploads\/2020\/06\/logo-jung.png","contentUrl":"https:\/\/drjung.lu\/wp-content\/uploads\/2020\/06\/logo-jung.png","width":300,"height":118,"caption":"Zahnarztpraxis Jung in Luxembourg"},"image":{"@id":"https:\/\/drjung.lu\/fr\/#\/schema\/logo\/image\/"},"sameAs":["https:\/\/www.instagram.com\/cabinet_dentaire_jung\/"]}]}},"_links":{"self":[{"href":"https:\/\/drjung.lu\/fr\/wp-json\/wp\/v2\/pages\/1940","targetHints":{"allow":["GET"]}}],"collection":[{"href":"https:\/\/drjung.lu\/fr\/wp-json\/wp\/v2\/pages"}],"about":[{"href":"https:\/\/drjung.lu\/fr\/wp-json\/wp\/v2\/types\/page"}],"author":[{"embeddable":true,"href":"https:\/\/drjung.lu\/fr\/wp-json\/wp\/v2\/users\/1"}],"replies":[{"embeddable":true,"href":"https:\/\/drjung.lu\/fr\/wp-json\/wp\/v2\/comments?post=1940"}],"version-history":[{"count":4,"href":"https:\/\/drjung.lu\/fr\/wp-json\/wp\/v2\/pages\/1940\/revisions"}],"predecessor-version":[{"id":2394,"href":"https:\/\/drjung.lu\/fr\/wp-json\/wp\/v2\/pages\/1940\/revisions\/2394"}],"wp:attachment":[{"href":"https:\/\/drjung.lu\/fr\/wp-json\/wp\/v2\/media?parent=1940"}],"curies":[{"name":"wp","href":"https:\/\/api.w.org\/{rel}","templated":true}]}}