{"id":1938,"date":"2017-08-10T14:32:19","date_gmt":"2017-08-10T14:32:19","guid":{"rendered":"https:\/\/www.drjung.lu\/leistungen\/"},"modified":"2024-06-14T11:50:14","modified_gmt":"2024-06-14T09:50:14","slug":"services","status":"publish","type":"page","link":"https:\/\/drjung.lu\/fr\/services\/","title":{"rendered":"Services"},"content":{"rendered":"<div class=\"wpb-content-wrapper\">[vc_row full_width=\u00a0\u00bbstretch_row\u00a0\u00bb css=\u00a0\u00bb.vc_custom_1579602137004{padding-bottom: 140px !important;background-color: #f7f7f7 !important;}\u00a0\u00bb el_id=\u00a0\u00bbservices\u00a0\u00bb][vc_column][vc_column_text]\n<h2 class=\"special-title\" style=\"text-align: center;\">Services<\/h2>\n[\/vc_column_text][vc_row_inner content_placement=\u00a0\u00bbbottom\u00a0\u00bb css=\u00a0\u00bb.vc_custom_1579602092110{background-color: #ffffff !important;}\u00a0\u00bb el_class=\u00a0\u00bbxtd-shadow&#8211;large-light xtd-padding&#8211;2&Prime;][vc_column_inner width=\u00a0\u00bb1\/3&Prime; offset=\u00a0\u00bbvc_col-xs-4&Prime;][vc_column_text]\n<p style=\"text-align: center;\"><a class=\"transition-hover\" href=\"https:\/\/www.drjung.lu\/fr\/nettoyage-professionnel-des-dents\/\"><img decoding=\"async\" src=\"https:\/\/www.drjung.lu\/wp-content\/uploads\/2022\/01\/professionelle-zahnreinigung.png\" \/><\/a><br \/>\n<a class=\"transition-hover\" href=\"https:\/\/www.drjung.lu\/fr\/nettoyage-professionnel-des-dents\/\"><span class=\"h6\">NETTOYAGE<br \/>\nPROF. DES DENTS<\/span><\/a><\/p>\n[\/vc_column_text][vc_column_text]\n<p style=\"text-align: center;\"><a class=\"transition-hover\" href=\"https:\/\/www.drjung.lu\/fr\/implants\/\"><img decoding=\"async\" src=\"https:\/\/www.drjung.lu\/wp-content\/uploads\/2020\/01\/icon-implantate.png\" \/><\/a><br \/>\n<a class=\"transition-hover\" href=\"https:\/\/www.drjung.lu\/fr\/implants\/\"><span class=\"h6\">IMPLANTS<br \/>\nDENTAIRES<\/span><\/a><\/p>\n[\/vc_column_text][vc_column_text]\n<p style=\"text-align: center;\"><a class=\"transition-hover\" href=\"https:\/\/www.drjung.lu\/fr\/protheses-dentaires-et-dents-artificielles\/\"><img decoding=\"async\" src=\"https:\/\/www.drjung.lu\/wp-content\/uploads\/2020\/01\/icon-zahnfleischbehandlung.png\" \/><\/a><br \/>\n<a class=\"transition-hover\" href=\"https:\/\/www.drjung.lu\/fr\/protheses-dentaires-et-dents-artificielles\/\"><span class=\"h6\">PROTHESES DENTAIRES INDIVIDUELLES<\/span><\/a><\/p>\n[\/vc_column_text][\/vc_column_inner][vc_column_inner width=\u00a0\u00bb1\/3&Prime; offset=\u00a0\u00bbvc_col-xs-4&Prime;][vc_column_text]\n<p style=\"text-align: center;\"><a class=\"transition-hover\" href=\"https:\/\/www.drjung.lu\/fr\/traitement-des-caries\/\"><img decoding=\"async\" src=\"https:\/\/www.drjung.lu\/wp-content\/uploads\/2022\/01\/kariestherapie.png\" \/><\/a><br \/>\n<a class=\"transition-hover\" href=\"https:\/\/www.drjung.lu\/fr\/traitement-des-caries\/\"><span class=\"h6\">TRAITEMENT<br \/>\nDES CARIES<\/span><\/a><\/p>\n[\/vc_column_text][vc_column_text]\n<p style=\"text-align: center;\"><a class=\"transition-hover\" href=\"https:\/\/www.drjung.lu\/fr\/blanchiment\/\"><img decoding=\"async\" src=\"https:\/\/www.drjung.lu\/wp-content\/uploads\/2020\/01\/icon-bleaching-1.png\" \/><\/a><br \/>\n<a class=\"transition-hover\" href=\"https:\/\/www.drjung.lu\/fr\/blanchiment\/\"><span class=\"h6\">BLANCHIMENT<br \/>\nDES DENTS<\/span><\/a><\/p>\n[\/vc_column_text][vc_column_text]\n<p style=\"text-align: center;\"><a class=\"transition-hover\" href=\"https:\/\/www.drjung.lu\/fr\/empreinte-digitale\/\"><img decoding=\"async\" src=\"https:\/\/www.drjung.lu\/wp-content\/uploads\/2022\/01\/digitales-abformen.png\" \/><\/a><br \/>\n<a class=\"transition-hover\" href=\"https:\/\/www.drjung.lu\/fr\/empreinte-digitale\/\"><span class=\"h6\">BLANCHIMENT<br \/>\nEmpreinte digitale<\/span><\/a><\/p>\n[\/vc_column_text][\/vc_column_inner][vc_column_inner width=\u00a0\u00bb1\/3&Prime; offset=\u00a0\u00bbvc_col-xs-4&Prime;][vc_column_text]\n<p style=\"text-align: center;\"><a class=\"transition-hover\" href=\"https:\/\/www.drjung.lu\/fr\/traitement-du-canal-radiculaire\/\"><img decoding=\"async\" src=\"https:\/\/www.drjung.lu\/wp-content\/uploads\/2020\/01\/icon-wurzelkanalbehandlung.png\" \/><\/a><br \/>\n<a class=\"transition-hover\" href=\"https:\/\/www.drjung.lu\/fr\/traitement-du-canal-radiculaire\/\"><span class=\"h6\">TRAITEMENT DES CANAUX RADICULAIRES<\/span><\/a><\/p>\n[\/vc_column_text][vc_column_text]\n<p style=\"text-align: center;\"><a class=\"transition-hover\" href=\"https:\/\/www.drjung.lu\/fr\/la-maladie-du-parodonte\/\"><img loading=\"lazy\" decoding=\"async\" class=\"alignnone\" src=\"https:\/\/www.drjung.lu\/wp-content\/uploads\/2020\/02\/icon-zahnfleischbehandlung.png\" alt=\"\" width=\"81\" height=\"81\" \/><\/a><br \/>\n<a class=\"transition-hover\" href=\"https:\/\/www.drjung.lu\/fr\/la-maladie-du-parodonte\/\"><span class=\"h6\">TRAITEMENT<br \/>\nDES GENCIVES<\/span><\/a><\/p>\n[\/vc_column_text][vc_column_text]\n<p style=\"text-align: center;\"><a class=\"transition-hover\" href=\"https:\/\/www.drjung.lu\/fr\/ajustement-de-la-position-des-dents-par-aligner\/\"><img loading=\"lazy\" decoding=\"async\" class=\"alignnone\" src=\"https:\/\/www.drjung.lu\/wp-content\/uploads\/2022\/01\/zahnstellungskorrektur.png\" alt=\"\" width=\"81\" height=\"81\" \/><\/a><br \/>\n<a class=\"transition-hover\" href=\"https:\/\/www.drjung.lu\/fr\/ajustement-de-la-position-des-dents-par-aligner\/\"><span class=\"h6\">TRAITEMENT<br \/>\nDES GENCIVES<\/span><\/a><\/p>\n[\/vc_column_text][\/vc_column_inner][\/vc_row_inner][\/vc_column][\/vc_row][vc_row full_width=\u00a0\u00bbstretch_row\u00a0\u00bb curly_padding=\u00a0\u00bbcontent-padding-xs\u00a0\u00bb el_class=\u00a0\u00bbcolor&#8211;text-inverted xtd-background-animation&#8211;left-right\u00a0\u00bb css=\u00a0\u00bb.vc_custom_1568119794630{background-color: #86c9e8 !important;}\u00a0\u00bb][vc_column][vc_column_text]\n<p class=\"lead lead-lg\" style=\"text-align: center;\">Vous pouvez nous joindre par t\u00e9l\u00e9phone au <a href=\"tel:352290022\">+352 290 022<\/a>.<br \/>\n<strong class=\"hinweis\">Malheureusement il y a actuellement des probl\u00e8mes techniques. Si vous ne pouvez pas nous joindre sur notre num\u00e9ro fixe, vous pouvez \u00e9galement nous appeler sur le num\u00e9ro mobile :\u00a0<a href=\"tel:352621193471\">+352 621 193 471<\/a>.<\/strong><br \/>\n<strong>Horaires d&rsquo;ouverture:<\/strong> lundi et mardi de 8 h 00 \u00e0 16 h 00, mercredi et vendredi de 8 h 00 \u00e0 14 h 30 et jeudi de 10 h 00 \u00e0 19 h 00<br \/>\nVous pouvez \u00e9galement nous envoyer un e-mail \u00e0 <a href=\"mailto:kontakt@drjung.lu\"><span style=\"text-decoration: underline;\">kontakt@drjung.lu<\/span> <\/a>.<\/p>\n[\/vc_column_text][\/vc_column][\/vc_row]\n<\/div>","protected":false},"excerpt":{"rendered":"<p>[vc_row full_width=\u00a0\u00bbstretch_row\u00a0\u00bb css=\u00a0\u00bb.vc_custom_1579602137004{padding-bottom: 140px !important;background-color: #f7f7f7 !important;}\u00a0\u00bb el_id=\u00a0\u00bbservices\u00a0\u00bb][vc_column][vc_column_text] Services [\/vc_column_text][vc_row_inner content_placement=\u00a0\u00bbbottom\u00a0\u00bb css=\u00a0\u00bb.vc_custom_1579602092110{background-color: #ffffff !important;}\u00a0\u00bb el_class=\u00a0\u00bbxtd-shadow&#8211;large-light xtd-padding&#8211;2&Prime;][vc_column_inner width=\u00a0\u00bb1\/3&Prime; offset=\u00a0\u00bbvc_col-xs-4&Prime;][vc_column_text] NETTOYAGE PROF. DES DENTS [\/vc_column_text][vc_column_text] IMPLANTS DENTAIRES [\/vc_column_text][vc_column_text] PROTHESES DENTAIRES INDIVIDUELLES [\/vc_column_text][\/vc_column_inner][vc_column_inner width=\u00a0\u00bb1\/3&Prime; offset=\u00a0\u00bbvc_col-xs-4&Prime;][vc_column_text] TRAITEMENT DES CARIES [\/vc_column_text][vc_column_text] BLANCHIMENT DES DENTS [\/vc_column_text][vc_column_text] BLANCHIMENT Empreinte digitale [\/vc_column_text][\/vc_column_inner][vc_column_inner width=\u00a0\u00bb1\/3&Prime; offset=\u00a0\u00bbvc_col-xs-4&Prime;][vc_column_text] TRAITEMENT DES CANAUX RADICULAIRES [\/vc_column_text][vc_column_text] TRAITEMENT DES GENCIVES [\/vc_column_text][vc_column_text] TRAITEMENT DES GENCIVES [\/vc_column_text][\/vc_column_inner][\/vc_row_inner][\/vc_column][\/vc_row][vc_row full_width=\u00a0\u00bbstretch_row\u00a0\u00bb [&hellip;]<\/p>\n","protected":false},"author":1,"featured_media":0,"parent":0,"menu_order":0,"comment_status":"closed","ping_status":"closed","template":"","meta":{"inline_featured_image":false,"footnotes":""},"class_list":["post-1938","page","type-page","status-publish","hentry"],"yoast_head":"<!-- This site is optimized with the Yoast SEO plugin v24.8.1 - https:\/\/yoast.com\/wordpress\/plugins\/seo\/ -->\n<title>Services - Zahnarztpraxis Jung in Luxembourg<\/title>\n<meta name=\"description\" content=\"Zahnarzt Jung in Luxemburg | Cabinet Dentaire Dr. Jung - Zahnarztpraxis als Familienunternehmen in der zweiten Generation. Unsere Leistungen...\" \/>\n<meta name=\"robots\" content=\"index, follow, max-snippet:-1, max-image-preview:large, max-video-preview:-1\" \/>\n<link rel=\"canonical\" href=\"https:\/\/drjung.lu\/fr\/services\/\" \/>\n<meta property=\"og:locale\" content=\"fr_FR\" \/>\n<meta property=\"og:type\" content=\"article\" \/>\n<meta property=\"og:title\" content=\"Services - Zahnarztpraxis Jung in Luxembourg\" \/>\n<meta property=\"og:description\" content=\"Zahnarzt Jung in Luxemburg | Cabinet Dentaire Dr. Jung - Zahnarztpraxis als Familienunternehmen in der zweiten Generation. Unsere Leistungen...\" \/>\n<meta property=\"og:url\" content=\"https:\/\/drjung.lu\/fr\/services\/\" \/>\n<meta property=\"og:site_name\" content=\"Zahnarztpraxis Jung in Luxembourg\" \/>\n<meta property=\"article:modified_time\" content=\"2024-06-14T09:50:14+00:00\" \/>\n<meta property=\"og:image\" content=\"https:\/\/www.drjung.lu\/wp-content\/uploads\/2022\/01\/professionelle-zahnreinigung.png\" \/>\n<meta name=\"twitter:card\" content=\"summary_large_image\" \/>\n<meta name=\"twitter:label1\" content=\"Dur\u00e9e de lecture estim\u00e9e\" \/>\n\t<meta name=\"twitter:data1\" content=\"3 minutes\" \/>\n<script type=\"application\/ld+json\" class=\"yoast-schema-graph\">{\"@context\":\"https:\/\/schema.org\",\"@graph\":[{\"@type\":\"WebPage\",\"@id\":\"https:\/\/drjung.lu\/fr\/services\/\",\"url\":\"https:\/\/drjung.lu\/fr\/services\/\",\"name\":\"Services - Zahnarztpraxis Jung in Luxembourg\",\"isPartOf\":{\"@id\":\"https:\/\/drjung.lu\/fr\/#website\"},\"primaryImageOfPage\":{\"@id\":\"https:\/\/drjung.lu\/fr\/services\/#primaryimage\"},\"image\":{\"@id\":\"https:\/\/drjung.lu\/fr\/services\/#primaryimage\"},\"thumbnailUrl\":\"https:\/\/www.drjung.lu\/wp-content\/uploads\/2022\/01\/professionelle-zahnreinigung.png\",\"datePublished\":\"2017-08-10T14:32:19+00:00\",\"dateModified\":\"2024-06-14T09:50:14+00:00\",\"description\":\"Zahnarzt Jung in Luxemburg | Cabinet Dentaire Dr. Jung - Zahnarztpraxis als Familienunternehmen in der zweiten Generation. Unsere Leistungen...\",\"breadcrumb\":{\"@id\":\"https:\/\/drjung.lu\/fr\/services\/#breadcrumb\"},\"inLanguage\":\"fr-FR\",\"potentialAction\":[{\"@type\":\"ReadAction\",\"target\":[\"https:\/\/drjung.lu\/fr\/services\/\"]}]},{\"@type\":\"ImageObject\",\"inLanguage\":\"fr-FR\",\"@id\":\"https:\/\/drjung.lu\/fr\/services\/#primaryimage\",\"url\":\"https:\/\/www.drjung.lu\/wp-content\/uploads\/2022\/01\/professionelle-zahnreinigung.png\",\"contentUrl\":\"https:\/\/www.drjung.lu\/wp-content\/uploads\/2022\/01\/professionelle-zahnreinigung.png\"},{\"@type\":\"BreadcrumbList\",\"@id\":\"https:\/\/drjung.lu\/fr\/services\/#breadcrumb\",\"itemListElement\":[{\"@type\":\"ListItem\",\"position\":1,\"name\":\"Startseite\",\"item\":\"https:\/\/drjung.lu\/fr\/\"},{\"@type\":\"ListItem\",\"position\":2,\"name\":\"Services\"}]},{\"@type\":\"WebSite\",\"@id\":\"https:\/\/drjung.lu\/fr\/#website\",\"url\":\"https:\/\/drjung.lu\/fr\/\",\"name\":\"Zahnarztpraxis Jung in Luxembourg\",\"description\":\"\",\"publisher\":{\"@id\":\"https:\/\/drjung.lu\/fr\/#organization\"},\"potentialAction\":[{\"@type\":\"SearchAction\",\"target\":{\"@type\":\"EntryPoint\",\"urlTemplate\":\"https:\/\/drjung.lu\/fr\/?s={search_term_string}\"},\"query-input\":{\"@type\":\"PropertyValueSpecification\",\"valueRequired\":true,\"valueName\":\"search_term_string\"}}],\"inLanguage\":\"fr-FR\"},{\"@type\":\"Organization\",\"@id\":\"https:\/\/drjung.lu\/fr\/#organization\",\"name\":\"Zahnarztpraxis Jung in Luxembourg\",\"url\":\"https:\/\/drjung.lu\/fr\/\",\"logo\":{\"@type\":\"ImageObject\",\"inLanguage\":\"fr-FR\",\"@id\":\"https:\/\/drjung.lu\/fr\/#\/schema\/logo\/image\/\",\"url\":\"https:\/\/drjung.lu\/wp-content\/uploads\/2020\/06\/logo-jung.png\",\"contentUrl\":\"https:\/\/drjung.lu\/wp-content\/uploads\/2020\/06\/logo-jung.png\",\"width\":300,\"height\":118,\"caption\":\"Zahnarztpraxis Jung in Luxembourg\"},\"image\":{\"@id\":\"https:\/\/drjung.lu\/fr\/#\/schema\/logo\/image\/\"},\"sameAs\":[\"https:\/\/www.instagram.com\/cabinet_dentaire_jung\/\"]}]}<\/script>\n<!-- \/ Yoast SEO plugin. -->","yoast_head_json":{"title":"Services - Zahnarztpraxis Jung in Luxembourg","description":"Zahnarzt Jung in Luxemburg | Cabinet Dentaire Dr. Jung - Zahnarztpraxis als Familienunternehmen in der zweiten Generation. Unsere Leistungen...","robots":{"index":"index","follow":"follow","max-snippet":"max-snippet:-1","max-image-preview":"max-image-preview:large","max-video-preview":"max-video-preview:-1"},"canonical":"https:\/\/drjung.lu\/fr\/services\/","og_locale":"fr_FR","og_type":"article","og_title":"Services - Zahnarztpraxis Jung in Luxembourg","og_description":"Zahnarzt Jung in Luxemburg | Cabinet Dentaire Dr. Jung - Zahnarztpraxis als Familienunternehmen in der zweiten Generation. Unsere Leistungen...","og_url":"https:\/\/drjung.lu\/fr\/services\/","og_site_name":"Zahnarztpraxis Jung in Luxembourg","article_modified_time":"2024-06-14T09:50:14+00:00","og_image":[{"url":"https:\/\/www.drjung.lu\/wp-content\/uploads\/2022\/01\/professionelle-zahnreinigung.png","type":"","width":"","height":""}],"twitter_card":"summary_large_image","twitter_misc":{"Dur\u00e9e de lecture estim\u00e9e":"3 minutes"},"schema":{"@context":"https:\/\/schema.org","@graph":[{"@type":"WebPage","@id":"https:\/\/drjung.lu\/fr\/services\/","url":"https:\/\/drjung.lu\/fr\/services\/","name":"Services - Zahnarztpraxis Jung in Luxembourg","isPartOf":{"@id":"https:\/\/drjung.lu\/fr\/#website"},"primaryImageOfPage":{"@id":"https:\/\/drjung.lu\/fr\/services\/#primaryimage"},"image":{"@id":"https:\/\/drjung.lu\/fr\/services\/#primaryimage"},"thumbnailUrl":"https:\/\/www.drjung.lu\/wp-content\/uploads\/2022\/01\/professionelle-zahnreinigung.png","datePublished":"2017-08-10T14:32:19+00:00","dateModified":"2024-06-14T09:50:14+00:00","description":"Zahnarzt Jung in Luxemburg | Cabinet Dentaire Dr. Jung - Zahnarztpraxis als Familienunternehmen in der zweiten Generation. Unsere Leistungen...","breadcrumb":{"@id":"https:\/\/drjung.lu\/fr\/services\/#breadcrumb"},"inLanguage":"fr-FR","potentialAction":[{"@type":"ReadAction","target":["https:\/\/drjung.lu\/fr\/services\/"]}]},{"@type":"ImageObject","inLanguage":"fr-FR","@id":"https:\/\/drjung.lu\/fr\/services\/#primaryimage","url":"https:\/\/www.drjung.lu\/wp-content\/uploads\/2022\/01\/professionelle-zahnreinigung.png","contentUrl":"https:\/\/www.drjung.lu\/wp-content\/uploads\/2022\/01\/professionelle-zahnreinigung.png"},{"@type":"BreadcrumbList","@id":"https:\/\/drjung.lu\/fr\/services\/#breadcrumb","itemListElement":[{"@type":"ListItem","position":1,"name":"Startseite","item":"https:\/\/drjung.lu\/fr\/"},{"@type":"ListItem","position":2,"name":"Services"}]},{"@type":"WebSite","@id":"https:\/\/drjung.lu\/fr\/#website","url":"https:\/\/drjung.lu\/fr\/","name":"Zahnarztpraxis Jung in Luxembourg","description":"","publisher":{"@id":"https:\/\/drjung.lu\/fr\/#organization"},"potentialAction":[{"@type":"SearchAction","target":{"@type":"EntryPoint","urlTemplate":"https:\/\/drjung.lu\/fr\/?s={search_term_string}"},"query-input":{"@type":"PropertyValueSpecification","valueRequired":true,"valueName":"search_term_string"}}],"inLanguage":"fr-FR"},{"@type":"Organization","@id":"https:\/\/drjung.lu\/fr\/#organization","name":"Zahnarztpraxis Jung in Luxembourg","url":"https:\/\/drjung.lu\/fr\/","logo":{"@type":"ImageObject","inLanguage":"fr-FR","@id":"https:\/\/drjung.lu\/fr\/#\/schema\/logo\/image\/","url":"https:\/\/drjung.lu\/wp-content\/uploads\/2020\/06\/logo-jung.png","contentUrl":"https:\/\/drjung.lu\/wp-content\/uploads\/2020\/06\/logo-jung.png","width":300,"height":118,"caption":"Zahnarztpraxis Jung in Luxembourg"},"image":{"@id":"https:\/\/drjung.lu\/fr\/#\/schema\/logo\/image\/"},"sameAs":["https:\/\/www.instagram.com\/cabinet_dentaire_jung\/"]}]}},"_links":{"self":[{"href":"https:\/\/drjung.lu\/fr\/wp-json\/wp\/v2\/pages\/1938","targetHints":{"allow":["GET"]}}],"collection":[{"href":"https:\/\/drjung.lu\/fr\/wp-json\/wp\/v2\/pages"}],"about":[{"href":"https:\/\/drjung.lu\/fr\/wp-json\/wp\/v2\/types\/page"}],"author":[{"embeddable":true,"href":"https:\/\/drjung.lu\/fr\/wp-json\/wp\/v2\/users\/1"}],"replies":[{"embeddable":true,"href":"https:\/\/drjung.lu\/fr\/wp-json\/wp\/v2\/comments?post=1938"}],"version-history":[{"count":7,"href":"https:\/\/drjung.lu\/fr\/wp-json\/wp\/v2\/pages\/1938\/revisions"}],"predecessor-version":[{"id":2393,"href":"https:\/\/drjung.lu\/fr\/wp-json\/wp\/v2\/pages\/1938\/revisions\/2393"}],"wp:attachment":[{"href":"https:\/\/drjung.lu\/fr\/wp-json\/wp\/v2\/media?parent=1938"}],"curies":[{"name":"wp","href":"https:\/\/api.w.org\/{rel}","templated":true}]}}