{"id":1747,"date":"2017-06-20T12:30:56","date_gmt":"2017-06-20T12:30:56","guid":{"rendered":"https:\/\/www.drjung.lu\/home\/"},"modified":"2025-03-14T14:43:46","modified_gmt":"2025-03-14T13:43:46","slug":"home","status":"publish","type":"page","link":"https:\/\/drjung.lu\/fr\/","title":{"rendered":"Home"},"content":{"rendered":"<div class=\"wpb-content-wrapper\">[vc_row][vc_column offset=\u00a0\u00bbvc_hidden-lg vc_hidden-md vc_hidden-sm\u00a0\u00bb][vc_empty_space height=\u00a0\u00bb150px\u00a0\u00bb][\/vc_column][\/vc_row][vc_row][vc_column width=\u00a0\u00bb1\/2&Prime; css=\u00a0\u00bb.vc_custom_1502643961994{background-color: #ffffff !important;}\u00a0\u00bb el_class=\u00a0\u00bbxtd-shadow&#8211;large-light z-index&#8211;1 xtd-padding&#8211;3&Prime; offset=\u00a0\u00bbvc_col-lg-offset-8 vc_col-lg-4 vc_col-md-offset-6 vc_col-md-5 vc_col-sm-offset-5&Prime;][vc_column_text el_class=\u00a0\u00bbschriftgroese\u00a0\u00bb]\n<h2 style=\"text-align: center;\"><strong>Prenez<br \/>\nrendez-vous<\/strong><\/h2>\n[\/vc_column_text][vc_btn title=\u00a0\u00bbCONTACT\u00a0\u00bb align=\u00a0\u00bbcenter\u00a0\u00bb link=\u00a0\u00bburl:https%3A%2F%2Fwww.drjung.lu%2Ffr%2Fcontact%2F|title:Contact||\u00a0\u00bb][\/vc_column][\/vc_row][vc_row content_placement=\u00a0\u00bbmiddle\u00a0\u00bb curly_padding=\u00a0\u00bbcontent-padding-none\u00a0\u00bb css=\u00a0\u00bb.vc_custom_1502643994510{padding-bottom: 3rem !important;}\u00a0\u00bb el_id=\u00a0\u00bbwelcome\u00a0\u00bb][vc_column width=\u00a0\u00bb5\/6&Prime; offset=\u00a0\u00bbvc_col-md-offset-0 vc_col-md-6 vc_col-sm-offset-1&Prime;][vc_single_image image=\u00a0\u00bb1784&Prime; img_size=\u00a0\u00bbfull\u00a0\u00bb style=\u00a0\u00bbxtd-shadow&#8211;large-light\u00a0\u00bb css=\u00a0\u00bb.vc_custom_1583407147067{margin-right: 4rem !important;}\u00a0\u00bb el_class=\u00a0\u00bbxtd-offset-dots\u00a0\u00bb][vc_single_image image=\u00a0\u00bb1829&Prime; img_size=\u00a0\u00bblarge\u00a0\u00bb alignment=\u00a0\u00bbright\u00a0\u00bb style=\u00a0\u00bbxtd-shadow&#8211;large-light\u00a0\u00bb css=\u00a0\u00bb.vc_custom_1583500132073{margin-top: -60% !important;margin-left: 40% !important;}\u00a0\u00bb el_class=\u00a0\u00bbz-index&#8211;2&Prime; curly_max_width=\u00a0\u00bb20rem\u00a0\u00bb][\/vc_column][vc_column width=\u00a0\u00bb5\/6&Prime; offset=\u00a0\u00bbvc_col-lg-offset-1 vc_col-lg-5 vc_col-md-offset-0 vc_col-md-6 vc_col-sm-offset-1&Prime;][vc_column_text]\n<h2 class=\"display-2\" style=\"color: #000;\"><strong>\u00c0 propos de nous<\/strong><\/h2>\n[\/vc_column_text][vc_empty_space height=\u00a0\u00bb\u00a0\u00bb el_class=\u00a0\u00bbxtd-spacer\u00a0\u00bb][vc_column_text]\n<p class=\"lead\">Le cabinet dentaire Jung est situ\u00e9 sur l&rsquo;avenue de la Libert\u00e9, et donc au coeur du Luxembourg.<\/p>\n[\/vc_column_text][vc_column_text]Il a \u00e9t\u00e9 fond\u00e9 en 1999 par le Dr. Ju\u0308rgen Jung. En temps qu\u2019entreprise familiale, c\u2018est au tour de la deuxi\u00e8me g\u00e9n\u00e9ration de le reprendre.<\/p>\n<p>Gr\u00e2ce \u00e0 la formation continue, telle que le Master of Arts \u00ab\u00a0Integrated Practice in Dentistry\u00a0\u00bb (M.A., Acad\u00e9mie de formation dentaire avanc\u00e9e de Karlsruhe), nous sommes toujours \u00e0 la pointe de la science.<\/p>\n<p>Nous vous souhaitons la bienvenue dans notre cabinet.[\/vc_column_text][\/vc_column][\/vc_row][vc_row content_placement=\u00a0\u00bbmiddle\u00a0\u00bb curly_padding=\u00a0\u00bbcontent-padding\u00a0\u00bb][vc_column width=\u00a0\u00bb5\/6&Prime; offset=\u00a0\u00bbvc_col-lg-5 vc_col-md-offset-0 vc_col-md-6 vc_col-sm-offset-1&Prime;][vc_empty_space height=\u00a0\u00bb\u00a0\u00bb el_class=\u00a0\u00bbxtd-spacer&#8211;lg\u00a0\u00bb][vc_column_text]\n<h2 class=\"special-title\">Nos<strong> services<\/strong><\/h2>\n[\/vc_column_text][vc_column_text]\n<p class=\"lead\">Dans notre cabinet bien \u00e9quip\u00e9, nous vous proposons toute la gamme des soins dentaires. Nous attachons une grande importance \u00e0 la prophylaxie individuelle et \u00e0 la pr\u00e9vention, adapt\u00e9es \u00e0 vos besoins.<\/p>\n[\/vc_column_text][vc_column_text]<a class=\"btn btn-outline-primary\" href=\"https:\/\/www.drjung.lu\/fr\/services\/\">En savoir plus<\/a>[\/vc_column_text][vc_empty_space height=\u00a0\u00bb\u00a0\u00bb el_class=\u00a0\u00bbxtd-spacer&#8211;lg\u00a0\u00bb][\/vc_column][vc_column width=\u00a0\u00bb5\/6&Prime; el_class=\u00a0\u00bbxtd-offset-dots\u00a0\u00bb offset=\u00a0\u00bbvc_col-lg-offset-1 vc_col-lg-6 vc_col-md-6 vc_col-sm-offset-1&Prime;][vc_row_inner content_placement=\u00a0\u00bbtop\u00a0\u00bb css=\u00a0\u00bb.vc_custom_1646266803213{background-color: #ffffff !important;}\u00a0\u00bb el_class=\u00a0\u00bbxtd-shadow&#8211;large-light xtd-padding&#8211;2&Prime;][vc_column_inner width=\u00a0\u00bb1\/3&Prime; offset=\u00a0\u00bbvc_col-xs-4&Prime;][vc_column_text]\n<p style=\"text-align: center;\"><a class=\"transition-hover\" href=\"https:\/\/www.drjung.lu\/fr\/nettoyage-professionnel-des-dents\/\"><img decoding=\"async\" src=\"https:\/\/www.drjung.lu\/wp-content\/uploads\/2022\/01\/professionelle-zahnreinigung.png\" \/><\/a><br \/>\n<a class=\"transition-hover\" href=\"https:\/\/www.drjung.lu\/fr\/nettoyage-professionnel-des-dents\/\"><span class=\"h6\">NETTOYAGE PROF. DES DENTS<\/span><\/a><\/p>\n[\/vc_column_text][vc_column_text]\n<p style=\"text-align: center;\"><a class=\"transition-hover\" href=\"https:\/\/www.drjung.lu\/fr\/implants\/\"><img decoding=\"async\" src=\"https:\/\/www.drjung.lu\/wp-content\/uploads\/2022\/01\/zahnimplantate.png\" \/><\/a><br \/>\n<a class=\"transition-hover\" href=\"https:\/\/www.drjung.lu\/fr\/implants\/\"><span class=\"h6\">IMPLANTS DENTAIRES<br \/>\n<\/span><br \/>\n<\/a><\/p>\n[\/vc_column_text][vc_column_text]\n<p style=\"text-align: center;\"><a class=\"transition-hover\" href=\"https:\/\/www.drjung.lu\/fr\/la-maladie-du-parodonte\/\"><img loading=\"lazy\" decoding=\"async\" class=\"alignnone\" src=\"https:\/\/www.drjung.lu\/wp-content\/uploads\/2022\/01\/zahnfleischbehandlung.png\" alt=\"\" width=\"81\" height=\"81\" \/><\/a><br \/>\n<a class=\"transition-hover\" href=\"https:\/\/www.drjung.lu\/fr\/la-maladie-du-parodonte\/\"><span class=\"h6\">TRAITEMENT DES GENCIVES<br \/>\n<\/span><br \/>\n<\/a><\/p>\n[\/vc_column_text][\/vc_column_inner][vc_column_inner width=\u00a0\u00bb1\/3&Prime; offset=\u00a0\u00bbvc_col-xs-4&Prime;][vc_column_text]\n<p style=\"text-align: center;\"><a class=\"transition-hover\" href=\"https:\/\/www.drjung.lu\/fr\/traitement-des-caries\/\"><img decoding=\"async\" src=\"https:\/\/www.drjung.lu\/wp-content\/uploads\/2022\/01\/kariestherapie.png\" \/><\/a><br \/>\n<a class=\"transition-hover\" href=\"https:\/\/www.drjung.lu\/fr\/traitement-des-caries\/\"><span class=\"h6\">TRAITEMENT DES CARIES<br \/>\n<\/span><br \/>\n<\/a><\/p>\n[\/vc_column_text][vc_column_text]\n<p style=\"text-align: center;\"><a class=\"transition-hover\" href=\"https:\/\/www.drjung.lu\/fr\/protheses-dentaires-et-dents-artificielles\/\"><img decoding=\"async\" src=\"https:\/\/www.drjung.lu\/wp-content\/uploads\/2022\/01\/individueller-zahnersatz.png\" \/><\/a><br \/>\n<a class=\"transition-hover\" href=\"https:\/\/www.drjung.lu\/fr\/protheses-dentaires-et-dents-artificielles\/\"><span class=\"h6\">PROTHESES DENTAIRES INDIVIDUELLES<\/span><\/a><\/p>\n[\/vc_column_text][vc_column_text]\n<p style=\"text-align: center;\"><a class=\"transition-hover\" href=\"https:\/\/www.drjung.lu\/fr\/empreinte-digitale\/\"><img loading=\"lazy\" decoding=\"async\" class=\"alignnone\" src=\"https:\/\/www.drjung.lu\/wp-content\/uploads\/2022\/01\/digitales-abformen.png\" alt=\"\" width=\"81\" height=\"81\" \/><\/a><br \/>\n<a class=\"transition-hover\" href=\"https:\/\/www.drjung.lu\/fr\/empreinte-digitale\/\"><span class=\"h6\">EMPREINTE DIGITALE<br \/>\n<\/span><br \/>\n<\/a><\/p>\n[\/vc_column_text][\/vc_column_inner][vc_column_inner width=\u00a0\u00bb1\/3&Prime; offset=\u00a0\u00bbvc_col-xs-4&Prime;][vc_column_text]\n<p style=\"text-align: center;\"><a class=\"transition-hover\" href=\"https:\/\/www.drjung.lu\/fr\/traitement-du-canal-radiculaire\/\"><img decoding=\"async\" src=\"https:\/\/www.drjung.lu\/wp-content\/uploads\/2022\/01\/wurzelbehandlung.png\" \/><\/a><br \/>\n<a class=\"transition-hover\" href=\"https:\/\/www.drjung.lu\/fr\/traitement-du-canal-radiculaire\/\"><span class=\"h6\">TRAITEMENT DES CANAUX RADICULAIRES<\/span><\/a><\/p>\n[\/vc_column_text][vc_column_text]\n<p style=\"text-align: center;\"><a class=\"transition-hover\" href=\"https:\/\/www.drjung.lu\/fr\/blanchiment\/\"><img decoding=\"async\" src=\"https:\/\/www.drjung.lu\/wp-content\/uploads\/2022\/01\/zahnbleaching.png\" \/><\/a><br \/>\n<a class=\"transition-hover\" href=\"https:\/\/www.drjung.lu\/fr\/blanchiment\/\"><span class=\"h6\">BLANCHIMENT DES DENTS<br \/>\n<\/span><br \/>\n<\/a><\/p>\n[\/vc_column_text][vc_column_text]\n<p style=\"text-align: center;\"><a class=\"transition-hover\" href=\"https:\/\/www.drjung.lu\/fr\/ajustement-de-la-position-des-dents-par-aligner\/\"><img loading=\"lazy\" decoding=\"async\" class=\"alignnone\" src=\"https:\/\/www.drjung.lu\/wp-content\/uploads\/2022\/01\/zahnstellungskorrektur.png\" alt=\"\" width=\"81\" height=\"81\" \/><\/a><br \/>\n<a class=\"transition-hover\" href=\"https:\/\/www.drjung.lu\/fr\/ajustement-de-la-position-des-dents-par-aligner\/\"><span class=\"h6\">AJUSTMENT DE LA POSITION DES DENTS<br \/>\n<\/span><br \/>\n<\/a><\/p>\n[\/vc_column_text][\/vc_column_inner][\/vc_row_inner][\/vc_column][\/vc_row][vc_row content_placement=\u00a0\u00bbmiddle\u00a0\u00bb curly_padding=\u00a0\u00bbcontent-padding-none\u00a0\u00bb el_class=\u00a0\u00bbausblenden\u00a0\u00bb][vc_column width=\u00a0\u00bb1\/2&Prime; offset=\u00a0\u00bbvc_col-lg-12 vc_col-md-offset-0 vc_col-md-12&Prime;][vc_column_text]\n<h2 class=\"special-title\" style=\"text-align: center;\"><strong>Stellen\u00adanzeigen<\/strong><\/h2>\n[\/vc_column_text][vc_column_text]\n<p class=\"lead\" style=\"text-align: center;\"><em>Zahnmedizinische*r Fachangestellte*r (m\/w\/d) nach Luxemburg gesucht<\/em><\/p>\n<p style=\"text-align: center;\">Wir suchen ab sofort eine*n nette*n Kollegen*in zur Unterst\u00fctzung unseres jungen Teams,<br \/>\nwelche*r gerne in Vollzeit arbeiten m\u00f6chte.<br \/>\nWir freuen uns auf ihre schriftliche Bewerbung an:<\/p>\n<p style=\"text-align: center;\">Cabinet Dentaire Dr. Jung, 58, Avenue de la Libert\u00e9, L-1930 Luxemburg<br \/>\nE-Mail: <a href=\"mailto:zahnarztpraxis.jung@gmx.net\">zahnarztpraxis.jung@gmx.net<\/a><\/p>\n[\/vc_column_text][\/vc_column][\/vc_row][vc_row full_width=\u00a0\u00bbstretch_row\u00a0\u00bb curly_padding=\u00a0\u00bbcontent-padding-none\u00a0\u00bb][vc_column][vc_empty_space height=\u00a0\u00bb\u00a0\u00bb el_class=\u00a0\u00bbxtd-spacer&#8211;xl\u00a0\u00bb][vc_column_text]\n<h2 class=\"display-2\" style=\"text-align: center; color: #000;\"><strong>Notre adresse<\/strong><\/h2>\n[\/vc_column_text][\/vc_column][vc_column width=\u00a0\u00bb5\/6&Prime; offset=\u00a0\u00bbvc_col-sm-offset-1&Prime;][vc_empty_space height=\u00a0\u00bb\u00a0\u00bb el_class=\u00a0\u00bbxtd-spacer&#8211;sm\u00a0\u00bb][vc_gmaps link=\u00a0\u00bb#E-8_JTNDaWZyYW1lJTIwc3JjJTNEJTIyaHR0cHMlM0ElMkYlMkZ3d3cuZ29vZ2xlLmNvbSUyRm1hcHMlMkZlbWJlZCUzRnBiJTNEJTIxMW0xOCUyMTFtMTIlMjExbTMlMjExZDI1ODUuNzY1OTQ1MzU2ODM3JTIxMmQ2LjEyOTQwMzA3NzQyMjA4JTIxM2Q0OS42MDIxNjMwNzE0NDI2NyUyMTJtMyUyMTFmMCUyMTJmMCUyMTNmMCUyMTNtMiUyMTFpMTAyNCUyMTJpNzY4JTIxNGYxMy4xJTIxM20zJTIxMW0yJTIxMXMweDQ3OTU0OGQwMzhkZjdkY2YlMjUzQTB4NWViNDc3YTJlMzAxY2IzYyUyMTJzQ2FiaW5ldCUyNTIwRGVudGFpcmUlMjUyMERyZXMuJTI1MjBKdW5nJTIxNWUwJTIxM20yJTIxMXNkZSUyMTJzZGUlMjE0djE3NDE5NTgxNDU1MTklMjE1bTIlMjExc2RlJTIxMnNkZSUyMiUyMHdpZHRoJTNEJTIyNjAwJTIyJTIwaGVpZ2h0JTNEJTIyNTAwJTIyJTIwc3R5bGUlM0QlMjJib3JkZXIlM0EwJTNCJTIyJTIwYWxsb3dmdWxsc2NyZWVuJTNEJTIyJTIyJTIwbG9hZGluZyUzRCUyMmxhenklMjIlMjByZWZlcnJlcnBvbGljeSUzRCUyMm5vLXJlZmVycmVyLXdoZW4tZG93bmdyYWRlJTIyJTNFJTNDJTJGaWZyYW1lJTNF\u00a0\u00bb css=\u00a0\u00bb\u00a0\u00bb][vc_empty_space height=\u00a0\u00bb\u00a0\u00bb el_class=\u00a0\u00bbxtd-spacer&#8211;xl\u00a0\u00bb][vc_column_text]\n<p class=\"lead\" style=\"text-align: center;\">58, Avenue de la Libert\u00e9 | L-1930 Luxemburg<\/p>\n[\/vc_column_text][vc_empty_space height=\u00a0\u00bb\u00a0\u00bb el_class=\u00a0\u00bbxtd-spacer\u00a0\u00bb][vc_row_inner gap=\u00a0\u00bb35&Prime;][vc_column_inner width=\u00a0\u00bb1\/2&Prime;][vc_column_text]\n<h6>EN VOITURE<\/h6>\n<p>Notre cabinet est situ\u00e9 pr\u00e8s de la gare centrale. Vous pouvez vous y rendre, par exemple, par l&rsquo;autoroute A3 ou A4 en direction de la Gare Centrale. Pour le stationnement, nous vous recommandons les parkings environnants \u00e0 proximit\u00e9 de la gare. De l\u00e0, il faut compter environ 5 minutes (350m) \u00e0 pieds.<\/p>\n<h4><\/h4>\n[\/vc_column_text][\/vc_column_inner][vc_column_inner width=\u00a0\u00bb1\/2&Prime;][vc_column_text]\n<h6>POSSIBILIT\u00c9S DE STATIONNEMENT<\/h6>\n<p>Parking \u00e0 \u00e9tages CFL, 38 Place de la Gare<br \/>\nParking \u00e0 \u00e9tages Rousegaertchen, Avenue de la Libert\u00e9<br \/>\nParking \u00e0 \u00e9tages Fort Wedell, 1 Rue de Commerce<br \/>\nParking \u00e0 \u00e9tages Fort Neipperg, 43 Rue de Fort Neipperg[\/vc_column_text][\/vc_column_inner][\/vc_row_inner][vc_row_inner gap=\u00a0\u00bb35&Prime;][vc_column_inner][vc_column_text]\n<h6>EN BUS<\/h6>\n<p>Gr\u00e2ce \u00e0 notre situation pr\u00e8s de la gare, nous sommes accessibles en bus et en train de plusieurs fa\u00e7ons. Vous trouverez ensuite la carte synoptique \u00ab\u00a0Gare routi\u00e8re Luxembourg\u00a0\u00bb. Veuillez toutefois noter qu&rsquo;en raison des travaux concernant le tramway en cours dans le quartier de la gare, les changements relatifs \u00e0 la gare centrale sont en vigueur depuis le 3 novembre 2019. Vous trouverez \u00e9galement un plan des modifications en annexe.<\/p>\n<p class=\"p1\">Pour vous aider dans votre emploi du temps personnel, nous vous recommandons le site <a href=\"https:\/\/www.mobiliteit.lu\/\" target=\"_blank\" rel=\"noopener noreferrer\">https:\/\/www.mobiliteit.lu\/<\/a>. Ce site est \u00e9galement disponible sous forme d&rsquo;application (mobiliteit.lu).<\/p>\n<p><a href=\"https:\/\/www.mobiliteit.lu\/wp-content\/uploads\/2019\/10\/Gare-Centrale-et-Rocade-03.11.2019_R4.pdf\" target=\"_blank\" rel=\"noopener noreferrer\">Plan g\u00e9n\u00e9ral Gare routi\u00e8re Luxembourg<\/a> | <a href=\"https:\/\/www.mobiliteit.lu\/de\/tramarbeiten\/#Hauptbahnhof\" target=\"_blank\" rel=\"noopener noreferrer\">Changements \u00e0 la gare centrale<\/a>[\/vc_column_text][\/vc_column_inner][\/vc_row_inner][\/vc_column][\/vc_row][vc_row full_width=\u00a0\u00bbstretch_row\u00a0\u00bb curly_padding=\u00a0\u00bbcontent-padding-xs\u00a0\u00bb el_class=\u00a0\u00bbcolor&#8211;text-inverted\u00a0\u00bb css=\u00a0\u00bb.vc_custom_1558601125466{margin-top: 30px !important;background-color: #86c9e8 !important;}\u00a0\u00bb][vc_column][vc_column_text]\n<p class=\"lead lead-lg\" style=\"text-align: center;\">Vous pouvez nous joindre par t\u00e9l\u00e9phone au <a href=\"tel:352290022\">+352 290 022<\/a>.<br \/>\n<strong class=\"hinweis\">Malheureusement il y a actuellement des probl\u00e8mes techniques. Si vous ne pouvez pas nous joindre sur notre num\u00e9ro fixe, vous pouvez \u00e9galement nous appeler sur le num\u00e9ro mobile :\u00a0<a href=\"tel:352621193471\">+352 621 193 471<\/a>.<\/strong><br \/>\n<strong>Horaires d&rsquo;ouverture:<\/strong> lundi et mardi de 8 h 00 \u00e0 16 h 00, mercredi et vendredi de 8 h 00 \u00e0 14 h 30 et jeudi de 10 h 00 \u00e0 19 h 00<br \/>\nVous pouvez \u00e9galement nous envoyer un e-mail \u00e0 <a href=\"mailto:kontakt@drjung.lu\"><span style=\"text-decoration: underline;\">kontakt@drjung.lu<\/span> <\/a>.<\/p>\n[\/vc_column_text][\/vc_column][\/vc_row]\n<\/div>","protected":false},"excerpt":{"rendered":"<p>[vc_row][vc_column offset=\u00a0\u00bbvc_hidden-lg vc_hidden-md vc_hidden-sm\u00a0\u00bb][vc_empty_space height=\u00a0\u00bb150px\u00a0\u00bb][\/vc_column][\/vc_row][vc_row][vc_column width=\u00a0\u00bb1\/2&Prime; css=\u00a0\u00bb.vc_custom_1502643961994{background-color: #ffffff !important;}\u00a0\u00bb el_class=\u00a0\u00bbxtd-shadow&#8211;large-light z-index&#8211;1 xtd-padding&#8211;3&Prime; offset=\u00a0\u00bbvc_col-lg-offset-8 vc_col-lg-4 vc_col-md-offset-6 vc_col-md-5 vc_col-sm-offset-5&Prime;][vc_column_text el_class=\u00a0\u00bbschriftgroese\u00a0\u00bb] Prenez rendez-vous [\/vc_column_text][vc_btn title=\u00a0\u00bbCONTACT\u00a0\u00bb align=\u00a0\u00bbcenter\u00a0\u00bb link=\u00a0\u00bburl:https%3A%2F%2Fwww.drjung.lu%2Ffr%2Fcontact%2F|title:Contact||\u00a0\u00bb][\/vc_column][\/vc_row][vc_row content_placement=\u00a0\u00bbmiddle\u00a0\u00bb curly_padding=\u00a0\u00bbcontent-padding-none\u00a0\u00bb css=\u00a0\u00bb.vc_custom_1502643994510{padding-bottom: 3rem !important;}\u00a0\u00bb el_id=\u00a0\u00bbwelcome\u00a0\u00bb][vc_column width=\u00a0\u00bb5\/6&Prime; offset=\u00a0\u00bbvc_col-md-offset-0 vc_col-md-6 vc_col-sm-offset-1&Prime;][vc_single_image image=\u00a0\u00bb1784&Prime; img_size=\u00a0\u00bbfull\u00a0\u00bb style=\u00a0\u00bbxtd-shadow&#8211;large-light\u00a0\u00bb css=\u00a0\u00bb.vc_custom_1583407147067{margin-right: 4rem !important;}\u00a0\u00bb el_class=\u00a0\u00bbxtd-offset-dots\u00a0\u00bb][vc_single_image image=\u00a0\u00bb1829&Prime; img_size=\u00a0\u00bblarge\u00a0\u00bb alignment=\u00a0\u00bbright\u00a0\u00bb style=\u00a0\u00bbxtd-shadow&#8211;large-light\u00a0\u00bb css=\u00a0\u00bb.vc_custom_1583500132073{margin-top: -60% !important;margin-left: 40% !important;}\u00a0\u00bb el_class=\u00a0\u00bbz-index&#8211;2&Prime; curly_max_width=\u00a0\u00bb20rem\u00a0\u00bb][\/vc_column][vc_column width=\u00a0\u00bb5\/6&Prime; offset=\u00a0\u00bbvc_col-lg-offset-1 vc_col-lg-5 vc_col-md-offset-0 vc_col-md-6 vc_col-sm-offset-1&Prime;][vc_column_text] \u00c0 propos [&hellip;]<\/p>\n","protected":false},"author":1,"featured_media":0,"parent":0,"menu_order":0,"comment_status":"closed","ping_status":"closed","template":"","meta":{"inline_featured_image":false,"footnotes":""},"class_list":["post-1747","page","type-page","status-publish","hentry"],"yoast_head":"<!-- This site is optimized with the Yoast SEO plugin v24.8.1 - https:\/\/yoast.com\/wordpress\/plugins\/seo\/ -->\n<title>Home - Zahnarztpraxis Jung in Luxembourg<\/title>\n<meta name=\"description\" content=\"Zahnarzt Jung in Luxemburg | Cabinet Dentaire Dr. Jung - Zahnarztpraxis als Familienunternehmen in der zweiten Generation.\" \/>\n<meta name=\"robots\" content=\"index, follow, max-snippet:-1, max-image-preview:large, max-video-preview:-1\" \/>\n<link rel=\"canonical\" href=\"https:\/\/drjung.lu\/fr\/\" \/>\n<meta property=\"og:locale\" content=\"fr_FR\" \/>\n<meta property=\"og:type\" content=\"article\" \/>\n<meta property=\"og:title\" content=\"Home - Zahnarztpraxis Jung in Luxembourg\" \/>\n<meta property=\"og:description\" content=\"Zahnarzt Jung in Luxemburg | Cabinet Dentaire Dr. Jung - Zahnarztpraxis als Familienunternehmen in der zweiten Generation.\" \/>\n<meta property=\"og:url\" content=\"https:\/\/drjung.lu\/fr\/\" \/>\n<meta property=\"og:site_name\" content=\"Zahnarztpraxis Jung in Luxembourg\" \/>\n<meta property=\"article:modified_time\" content=\"2025-03-14T13:43:46+00:00\" \/>\n<meta property=\"og:image\" content=\"https:\/\/www.drjung.lu\/wp-content\/uploads\/2022\/01\/professionelle-zahnreinigung.png\" \/>\n<meta name=\"twitter:card\" content=\"summary_large_image\" \/>\n<meta name=\"twitter:label1\" content=\"Dur\u00e9e de lecture estim\u00e9e\" \/>\n\t<meta name=\"twitter:data1\" content=\"6 minutes\" \/>\n<script type=\"application\/ld+json\" class=\"yoast-schema-graph\">{\"@context\":\"https:\/\/schema.org\",\"@graph\":[{\"@type\":\"WebPage\",\"@id\":\"https:\/\/drjung.lu\/fr\/\",\"url\":\"https:\/\/drjung.lu\/fr\/\",\"name\":\"Home - Zahnarztpraxis Jung in Luxembourg\",\"isPartOf\":{\"@id\":\"https:\/\/drjung.lu\/fr\/#website\"},\"primaryImageOfPage\":{\"@id\":\"https:\/\/drjung.lu\/fr\/#primaryimage\"},\"image\":{\"@id\":\"https:\/\/drjung.lu\/fr\/#primaryimage\"},\"thumbnailUrl\":\"https:\/\/www.drjung.lu\/wp-content\/uploads\/2022\/01\/professionelle-zahnreinigung.png\",\"datePublished\":\"2017-06-20T12:30:56+00:00\",\"dateModified\":\"2025-03-14T13:43:46+00:00\",\"description\":\"Zahnarzt Jung in Luxemburg | Cabinet Dentaire Dr. Jung - Zahnarztpraxis als Familienunternehmen in der zweiten Generation.\",\"breadcrumb\":{\"@id\":\"https:\/\/drjung.lu\/fr\/#breadcrumb\"},\"inLanguage\":\"fr-FR\",\"potentialAction\":[{\"@type\":\"ReadAction\",\"target\":[\"https:\/\/drjung.lu\/fr\/\"]}]},{\"@type\":\"ImageObject\",\"inLanguage\":\"fr-FR\",\"@id\":\"https:\/\/drjung.lu\/fr\/#primaryimage\",\"url\":\"https:\/\/www.drjung.lu\/wp-content\/uploads\/2022\/01\/professionelle-zahnreinigung.png\",\"contentUrl\":\"https:\/\/www.drjung.lu\/wp-content\/uploads\/2022\/01\/professionelle-zahnreinigung.png\"},{\"@type\":\"BreadcrumbList\",\"@id\":\"https:\/\/drjung.lu\/fr\/#breadcrumb\",\"itemListElement\":[{\"@type\":\"ListItem\",\"position\":1,\"name\":\"Startseite\",\"item\":\"https:\/\/drjung.lu\/fr\/\"},{\"@type\":\"ListItem\",\"position\":2,\"name\":\"Home\"}]},{\"@type\":\"WebSite\",\"@id\":\"https:\/\/drjung.lu\/fr\/#website\",\"url\":\"https:\/\/drjung.lu\/fr\/\",\"name\":\"Zahnarztpraxis Jung in Luxembourg\",\"description\":\"\",\"publisher\":{\"@id\":\"https:\/\/drjung.lu\/fr\/#organization\"},\"potentialAction\":[{\"@type\":\"SearchAction\",\"target\":{\"@type\":\"EntryPoint\",\"urlTemplate\":\"https:\/\/drjung.lu\/fr\/?s={search_term_string}\"},\"query-input\":{\"@type\":\"PropertyValueSpecification\",\"valueRequired\":true,\"valueName\":\"search_term_string\"}}],\"inLanguage\":\"fr-FR\"},{\"@type\":\"Organization\",\"@id\":\"https:\/\/drjung.lu\/fr\/#organization\",\"name\":\"Zahnarztpraxis Jung in Luxembourg\",\"url\":\"https:\/\/drjung.lu\/fr\/\",\"logo\":{\"@type\":\"ImageObject\",\"inLanguage\":\"fr-FR\",\"@id\":\"https:\/\/drjung.lu\/fr\/#\/schema\/logo\/image\/\",\"url\":\"https:\/\/drjung.lu\/wp-content\/uploads\/2020\/06\/logo-jung.png\",\"contentUrl\":\"https:\/\/drjung.lu\/wp-content\/uploads\/2020\/06\/logo-jung.png\",\"width\":300,\"height\":118,\"caption\":\"Zahnarztpraxis Jung in Luxembourg\"},\"image\":{\"@id\":\"https:\/\/drjung.lu\/fr\/#\/schema\/logo\/image\/\"},\"sameAs\":[\"https:\/\/www.instagram.com\/cabinet_dentaire_jung\/\"]}]}<\/script>\n<!-- \/ Yoast SEO plugin. -->","yoast_head_json":{"title":"Home - Zahnarztpraxis Jung in Luxembourg","description":"Zahnarzt Jung in Luxemburg | Cabinet Dentaire Dr. Jung - Zahnarztpraxis als Familienunternehmen in der zweiten Generation.","robots":{"index":"index","follow":"follow","max-snippet":"max-snippet:-1","max-image-preview":"max-image-preview:large","max-video-preview":"max-video-preview:-1"},"canonical":"https:\/\/drjung.lu\/fr\/","og_locale":"fr_FR","og_type":"article","og_title":"Home - Zahnarztpraxis Jung in Luxembourg","og_description":"Zahnarzt Jung in Luxemburg | Cabinet Dentaire Dr. Jung - Zahnarztpraxis als Familienunternehmen in der zweiten Generation.","og_url":"https:\/\/drjung.lu\/fr\/","og_site_name":"Zahnarztpraxis Jung in Luxembourg","article_modified_time":"2025-03-14T13:43:46+00:00","og_image":[{"url":"https:\/\/www.drjung.lu\/wp-content\/uploads\/2022\/01\/professionelle-zahnreinigung.png","type":"","width":"","height":""}],"twitter_card":"summary_large_image","twitter_misc":{"Dur\u00e9e de lecture estim\u00e9e":"6 minutes"},"schema":{"@context":"https:\/\/schema.org","@graph":[{"@type":"WebPage","@id":"https:\/\/drjung.lu\/fr\/","url":"https:\/\/drjung.lu\/fr\/","name":"Home - Zahnarztpraxis Jung in Luxembourg","isPartOf":{"@id":"https:\/\/drjung.lu\/fr\/#website"},"primaryImageOfPage":{"@id":"https:\/\/drjung.lu\/fr\/#primaryimage"},"image":{"@id":"https:\/\/drjung.lu\/fr\/#primaryimage"},"thumbnailUrl":"https:\/\/www.drjung.lu\/wp-content\/uploads\/2022\/01\/professionelle-zahnreinigung.png","datePublished":"2017-06-20T12:30:56+00:00","dateModified":"2025-03-14T13:43:46+00:00","description":"Zahnarzt Jung in Luxemburg | Cabinet Dentaire Dr. Jung - Zahnarztpraxis als Familienunternehmen in der zweiten Generation.","breadcrumb":{"@id":"https:\/\/drjung.lu\/fr\/#breadcrumb"},"inLanguage":"fr-FR","potentialAction":[{"@type":"ReadAction","target":["https:\/\/drjung.lu\/fr\/"]}]},{"@type":"ImageObject","inLanguage":"fr-FR","@id":"https:\/\/drjung.lu\/fr\/#primaryimage","url":"https:\/\/www.drjung.lu\/wp-content\/uploads\/2022\/01\/professionelle-zahnreinigung.png","contentUrl":"https:\/\/www.drjung.lu\/wp-content\/uploads\/2022\/01\/professionelle-zahnreinigung.png"},{"@type":"BreadcrumbList","@id":"https:\/\/drjung.lu\/fr\/#breadcrumb","itemListElement":[{"@type":"ListItem","position":1,"name":"Startseite","item":"https:\/\/drjung.lu\/fr\/"},{"@type":"ListItem","position":2,"name":"Home"}]},{"@type":"WebSite","@id":"https:\/\/drjung.lu\/fr\/#website","url":"https:\/\/drjung.lu\/fr\/","name":"Zahnarztpraxis Jung in Luxembourg","description":"","publisher":{"@id":"https:\/\/drjung.lu\/fr\/#organization"},"potentialAction":[{"@type":"SearchAction","target":{"@type":"EntryPoint","urlTemplate":"https:\/\/drjung.lu\/fr\/?s={search_term_string}"},"query-input":{"@type":"PropertyValueSpecification","valueRequired":true,"valueName":"search_term_string"}}],"inLanguage":"fr-FR"},{"@type":"Organization","@id":"https:\/\/drjung.lu\/fr\/#organization","name":"Zahnarztpraxis Jung in Luxembourg","url":"https:\/\/drjung.lu\/fr\/","logo":{"@type":"ImageObject","inLanguage":"fr-FR","@id":"https:\/\/drjung.lu\/fr\/#\/schema\/logo\/image\/","url":"https:\/\/drjung.lu\/wp-content\/uploads\/2020\/06\/logo-jung.png","contentUrl":"https:\/\/drjung.lu\/wp-content\/uploads\/2020\/06\/logo-jung.png","width":300,"height":118,"caption":"Zahnarztpraxis Jung in Luxembourg"},"image":{"@id":"https:\/\/drjung.lu\/fr\/#\/schema\/logo\/image\/"},"sameAs":["https:\/\/www.instagram.com\/cabinet_dentaire_jung\/"]}]}},"_links":{"self":[{"href":"https:\/\/drjung.lu\/fr\/wp-json\/wp\/v2\/pages\/1747","targetHints":{"allow":["GET"]}}],"collection":[{"href":"https:\/\/drjung.lu\/fr\/wp-json\/wp\/v2\/pages"}],"about":[{"href":"https:\/\/drjung.lu\/fr\/wp-json\/wp\/v2\/types\/page"}],"author":[{"embeddable":true,"href":"https:\/\/drjung.lu\/fr\/wp-json\/wp\/v2\/users\/1"}],"replies":[{"embeddable":true,"href":"https:\/\/drjung.lu\/fr\/wp-json\/wp\/v2\/comments?post=1747"}],"version-history":[{"count":34,"href":"https:\/\/drjung.lu\/fr\/wp-json\/wp\/v2\/pages\/1747\/revisions"}],"predecessor-version":[{"id":2465,"href":"https:\/\/drjung.lu\/fr\/wp-json\/wp\/v2\/pages\/1747\/revisions\/2465"}],"wp:attachment":[{"href":"https:\/\/drjung.lu\/fr\/wp-json\/wp\/v2\/media?parent=1747"}],"curies":[{"name":"wp","href":"https:\/\/api.w.org\/{rel}","templated":true}]}}